{"id":837,"date":"2022-01-10T10:46:51","date_gmt":"2022-01-10T10:46:51","guid":{"rendered":"https:\/\/www.mojamanufaktura.pl\/?post_type=product&#038;p=837"},"modified":"2022-05-18T08:58:49","modified_gmt":"2022-05-18T08:58:49","slug":"kroliczek-sweterkowy-zolty-z-uszami-w-kropki","status":"publish","type":"product","link":"https:\/\/www.mojamanufaktura.pl\/index.php\/produkt\/kroliczek-sweterkowy-zolty-z-uszami-w-kropki\/","title":{"rendered":"Myszka sweterkowa \u017c\u00f3\u0142ta z uszami w kropki"},"content":{"rendered":"\t\t<div data-elementor-type=\"product-post\" data-elementor-id=\"837\" class=\"elementor elementor-837\">\n\t\t\t\t\t\t\t\t\t<section class=\"elementor-section elementor-top-section elementor-element elementor-element-5e05ac26 elementor-section-boxed elementor-section-height-default elementor-section-height-default\" data-id=\"5e05ac26\" data-element_type=\"section\">\n\t\t\t\t\t\t<div class=\"elementor-container elementor-column-gap-default\">\n\t\t\t\t\t<div class=\"elementor-column elementor-col-100 elementor-top-column elementor-element elementor-element-4f784187\" data-id=\"4f784187\" data-element_type=\"column\">\n\t\t\t<div class=\"elementor-widget-wrap elementor-element-populated\">\n\t\t\t\t\t\t\t\t<div class=\"elementor-element elementor-element-273df6bd elementor-widget elementor-widget-text-editor\" data-id=\"273df6bd\" data-element_type=\"widget\" data-widget_type=\"text-editor.default\">\n\t\t\t\t<div class=\"elementor-widget-container\">\n\t\t\t<style>\/*! elementor - v3.6.5 - 27-04-2022 *\/\n.elementor-widget-text-editor.elementor-drop-cap-view-stacked .elementor-drop-cap{background-color:#818a91;color:#fff}.elementor-widget-text-editor.elementor-drop-cap-view-framed .elementor-drop-cap{color:#818a91;border:3px solid;background-color:transparent}.elementor-widget-text-editor:not(.elementor-drop-cap-view-default) .elementor-drop-cap{margin-top:8px}.elementor-widget-text-editor:not(.elementor-drop-cap-view-default) .elementor-drop-cap-letter{width:1em;height:1em}.elementor-widget-text-editor .elementor-drop-cap{float:left;text-align:center;line-height:1;font-size:50px}.elementor-widget-text-editor .elementor-drop-cap-letter{display:inline-block}<\/style>\t\t\t\t<h6><strong>Nasza myszka zosta\u0142a stworzona do tulenia.<br \/>Uszyta z materia\u0142\u00f3w z upcyclingu jest absolutnie unikatowa<br \/><\/strong><strong>Autorski projekt teamu Manufaktury. <br \/><\/strong><strong>Materia\u0142: bawe\u0142na, kulka silikonowa.<br \/><\/strong><strong>Pranie: w temp. 30 st.C<br \/><\/strong><strong>WYMIARY: 15cm<\/strong><\/h6>\t\t\t\t\t\t<\/div>\n\t\t\t\t<\/div>\n\t\t\t\t\t<\/div>\n\t\t<\/div>\n\t\t\t\t\t\t\t<\/div>\n\t\t<\/section>\n\t\t\t\t\t\t\t<\/div>\n\t\t","protected":false},"excerpt":{"rendered":"<p>Nasza myszka zosta\u0142a stworzona do tulenia.Uszyta z materia\u0142\u00f3w z upcyclingu jest absolutnie unikatowaAutorski projekt teamu Manufaktury. Materia\u0142: bawe\u0142na, kulka silikonowa.Pranie: w temp. 30 st.CWYMIARY: 15cm<\/p>\n","protected":false},"featured_media":822,"comment_status":"open","ping_status":"closed","template":"","meta":{"site-sidebar-layout":"default","site-content-layout":"default","ast-main-header-display":"","ast-hfb-above-header-display":"","ast-hfb-below-header-display":"","ast-hfb-mobile-header-display":"","site-post-title":"","ast-breadcrumbs-content":"","ast-featured-img":"","footer-sml-layout":"","theme-transparent-header-meta":"default","adv-header-id-meta":"","stick-header-meta":"default","header-above-stick-meta":"","header-main-stick-meta":"","header-below-stick-meta":"","spay_email":"","jetpack_publicize_message":"","jetpack_is_tweetstorm":false,"jetpack_publicize_feature_enabled":true},"product_cat":[23,29],"product_tag":[],"class_list":["post-837","product","type-product","status-publish","has-post-thumbnail","hentry","product_cat-do-tulenia","product_cat-manufaktura","align-center","box-shadow-0","box-shadow-0-hover","ast-product-gallery-layout-horizontal","ast-product-gallery-with-no-image","ast-product-tabs-layout-horizontal"],"yoast_head":"<!-- This site is optimized with the Yoast SEO plugin v18.8 - https:\/\/yoast.com\/wordpress\/plugins\/seo\/ -->\n<title>Myszka sweterkowa \u017c\u00f3\u0142ta z uszami w kropki - Moja Manufaktura<\/title>\n<meta name=\"robots\" content=\"index, follow, max-snippet:-1, max-image-preview:large, max-video-preview:-1\" \/>\n<link rel=\"canonical\" href=\"https:\/\/www.mojamanufaktura.pl\/index.php\/produkt\/kroliczek-sweterkowy-zolty-z-uszami-w-kropki\/\" \/>\n<meta property=\"og:locale\" content=\"pl_PL\" \/>\n<meta property=\"og:type\" content=\"article\" \/>\n<meta property=\"og:title\" content=\"Myszka sweterkowa \u017c\u00f3\u0142ta z uszami w kropki - Moja Manufaktura\" \/>\n<meta property=\"og:description\" content=\"Nasza myszka zosta\u0142a stworzona do tulenia.Uszyta z materia\u0142\u00f3w z upcyclingu jest absolutnie unikatowaAutorski projekt teamu Manufaktury. Materia\u0142: bawe\u0142na, kulka silikonowa.Pranie: w temp. 30 st.CWYMIARY: 15cm\" \/>\n<meta property=\"og:url\" content=\"https:\/\/www.mojamanufaktura.pl\/index.php\/produkt\/kroliczek-sweterkowy-zolty-z-uszami-w-kropki\/\" \/>\n<meta property=\"og:site_name\" content=\"Moja Manufaktura\" \/>\n<meta property=\"article:modified_time\" content=\"2022-05-18T08:58:49+00:00\" \/>\n<meta property=\"og:image\" content=\"https:\/\/www.mojamanufaktura.pl\/wp-content\/uploads\/2022\/01\/IMG-5918-scaled.jpg\" \/>\n\t<meta property=\"og:image:width\" content=\"2176\" \/>\n\t<meta property=\"og:image:height\" content=\"2560\" \/>\n\t<meta property=\"og:image:type\" content=\"image\/jpeg\" \/>\n<meta name=\"twitter:card\" content=\"summary_large_image\" \/>\n<script type=\"application\/ld+json\" class=\"yoast-schema-graph\">{\"@context\":\"https:\/\/schema.org\",\"@graph\":[{\"@type\":\"WebSite\",\"@id\":\"https:\/\/www.mojamanufaktura.pl\/#website\",\"url\":\"https:\/\/www.mojamanufaktura.pl\/\",\"name\":\"Moja Manufaktura\",\"description\":\"\",\"potentialAction\":[{\"@type\":\"SearchAction\",\"target\":{\"@type\":\"EntryPoint\",\"urlTemplate\":\"https:\/\/www.mojamanufaktura.pl\/?s={search_term_string}\"},\"query-input\":\"required name=search_term_string\"}],\"inLanguage\":\"pl-PL\"},{\"@type\":\"ImageObject\",\"inLanguage\":\"pl-PL\",\"@id\":\"https:\/\/www.mojamanufaktura.pl\/index.php\/produkt\/kroliczek-sweterkowy-zolty-z-uszami-w-kropki\/#primaryimage\",\"url\":\"https:\/\/www.mojamanufaktura.pl\/wp-content\/uploads\/2022\/01\/IMG-5918-scaled.jpg\",\"contentUrl\":\"https:\/\/www.mojamanufaktura.pl\/wp-content\/uploads\/2022\/01\/IMG-5918-scaled.jpg\",\"width\":2176,\"height\":2560},{\"@type\":\"WebPage\",\"@id\":\"https:\/\/www.mojamanufaktura.pl\/index.php\/produkt\/kroliczek-sweterkowy-zolty-z-uszami-w-kropki\/#webpage\",\"url\":\"https:\/\/www.mojamanufaktura.pl\/index.php\/produkt\/kroliczek-sweterkowy-zolty-z-uszami-w-kropki\/\",\"name\":\"Myszka sweterkowa \u017c\u00f3\u0142ta z uszami w kropki - Moja Manufaktura\",\"isPartOf\":{\"@id\":\"https:\/\/www.mojamanufaktura.pl\/#website\"},\"primaryImageOfPage\":{\"@id\":\"https:\/\/www.mojamanufaktura.pl\/index.php\/produkt\/kroliczek-sweterkowy-zolty-z-uszami-w-kropki\/#primaryimage\"},\"datePublished\":\"2022-01-10T10:46:51+00:00\",\"dateModified\":\"2022-05-18T08:58:49+00:00\",\"breadcrumb\":{\"@id\":\"https:\/\/www.mojamanufaktura.pl\/index.php\/produkt\/kroliczek-sweterkowy-zolty-z-uszami-w-kropki\/#breadcrumb\"},\"inLanguage\":\"pl-PL\",\"potentialAction\":[{\"@type\":\"ReadAction\",\"target\":[\"https:\/\/www.mojamanufaktura.pl\/index.php\/produkt\/kroliczek-sweterkowy-zolty-z-uszami-w-kropki\/\"]}]},{\"@type\":\"BreadcrumbList\",\"@id\":\"https:\/\/www.mojamanufaktura.pl\/index.php\/produkt\/kroliczek-sweterkowy-zolty-z-uszami-w-kropki\/#breadcrumb\",\"itemListElement\":[{\"@type\":\"ListItem\",\"position\":1,\"name\":\"Strona g\u0142\u00f3wna\",\"item\":\"https:\/\/www.mojamanufaktura.pl\/\"},{\"@type\":\"ListItem\",\"position\":2,\"name\":\"Sklep\",\"item\":\"https:\/\/www.mojamanufaktura.pl\/index.php\/sklep\/\"},{\"@type\":\"ListItem\",\"position\":3,\"name\":\"Myszka sweterkowa \u017c\u00f3\u0142ta z uszami w kropki\"}]}]}<\/script>\n<!-- \/ Yoast SEO plugin. -->","yoast_head_json":{"title":"Myszka sweterkowa \u017c\u00f3\u0142ta z uszami w kropki - Moja Manufaktura","robots":{"index":"index","follow":"follow","max-snippet":"max-snippet:-1","max-image-preview":"max-image-preview:large","max-video-preview":"max-video-preview:-1"},"canonical":"https:\/\/www.mojamanufaktura.pl\/index.php\/produkt\/kroliczek-sweterkowy-zolty-z-uszami-w-kropki\/","og_locale":"pl_PL","og_type":"article","og_title":"Myszka sweterkowa \u017c\u00f3\u0142ta z uszami w kropki - Moja Manufaktura","og_description":"Nasza myszka zosta\u0142a stworzona do tulenia.Uszyta z materia\u0142\u00f3w z upcyclingu jest absolutnie unikatowaAutorski projekt teamu Manufaktury. Materia\u0142: bawe\u0142na, kulka silikonowa.Pranie: w temp. 30 st.CWYMIARY: 15cm","og_url":"https:\/\/www.mojamanufaktura.pl\/index.php\/produkt\/kroliczek-sweterkowy-zolty-z-uszami-w-kropki\/","og_site_name":"Moja Manufaktura","article_modified_time":"2022-05-18T08:58:49+00:00","og_image":[{"width":2176,"height":2560,"url":"https:\/\/www.mojamanufaktura.pl\/wp-content\/uploads\/2022\/01\/IMG-5918-scaled.jpg","type":"image\/jpeg"}],"twitter_card":"summary_large_image","schema":{"@context":"https:\/\/schema.org","@graph":[{"@type":"WebSite","@id":"https:\/\/www.mojamanufaktura.pl\/#website","url":"https:\/\/www.mojamanufaktura.pl\/","name":"Moja Manufaktura","description":"","potentialAction":[{"@type":"SearchAction","target":{"@type":"EntryPoint","urlTemplate":"https:\/\/www.mojamanufaktura.pl\/?s={search_term_string}"},"query-input":"required name=search_term_string"}],"inLanguage":"pl-PL"},{"@type":"ImageObject","inLanguage":"pl-PL","@id":"https:\/\/www.mojamanufaktura.pl\/index.php\/produkt\/kroliczek-sweterkowy-zolty-z-uszami-w-kropki\/#primaryimage","url":"https:\/\/www.mojamanufaktura.pl\/wp-content\/uploads\/2022\/01\/IMG-5918-scaled.jpg","contentUrl":"https:\/\/www.mojamanufaktura.pl\/wp-content\/uploads\/2022\/01\/IMG-5918-scaled.jpg","width":2176,"height":2560},{"@type":"WebPage","@id":"https:\/\/www.mojamanufaktura.pl\/index.php\/produkt\/kroliczek-sweterkowy-zolty-z-uszami-w-kropki\/#webpage","url":"https:\/\/www.mojamanufaktura.pl\/index.php\/produkt\/kroliczek-sweterkowy-zolty-z-uszami-w-kropki\/","name":"Myszka sweterkowa \u017c\u00f3\u0142ta z uszami w kropki - Moja Manufaktura","isPartOf":{"@id":"https:\/\/www.mojamanufaktura.pl\/#website"},"primaryImageOfPage":{"@id":"https:\/\/www.mojamanufaktura.pl\/index.php\/produkt\/kroliczek-sweterkowy-zolty-z-uszami-w-kropki\/#primaryimage"},"datePublished":"2022-01-10T10:46:51+00:00","dateModified":"2022-05-18T08:58:49+00:00","breadcrumb":{"@id":"https:\/\/www.mojamanufaktura.pl\/index.php\/produkt\/kroliczek-sweterkowy-zolty-z-uszami-w-kropki\/#breadcrumb"},"inLanguage":"pl-PL","potentialAction":[{"@type":"ReadAction","target":["https:\/\/www.mojamanufaktura.pl\/index.php\/produkt\/kroliczek-sweterkowy-zolty-z-uszami-w-kropki\/"]}]},{"@type":"BreadcrumbList","@id":"https:\/\/www.mojamanufaktura.pl\/index.php\/produkt\/kroliczek-sweterkowy-zolty-z-uszami-w-kropki\/#breadcrumb","itemListElement":[{"@type":"ListItem","position":1,"name":"Strona g\u0142\u00f3wna","item":"https:\/\/www.mojamanufaktura.pl\/"},{"@type":"ListItem","position":2,"name":"Sklep","item":"https:\/\/www.mojamanufaktura.pl\/index.php\/sklep\/"},{"@type":"ListItem","position":3,"name":"Myszka sweterkowa \u017c\u00f3\u0142ta z uszami w kropki"}]}]}},"_links":{"self":[{"href":"https:\/\/www.mojamanufaktura.pl\/index.php\/wp-json\/wp\/v2\/product\/837","targetHints":{"allow":["GET"]}}],"collection":[{"href":"https:\/\/www.mojamanufaktura.pl\/index.php\/wp-json\/wp\/v2\/product"}],"about":[{"href":"https:\/\/www.mojamanufaktura.pl\/index.php\/wp-json\/wp\/v2\/types\/product"}],"replies":[{"embeddable":true,"href":"https:\/\/www.mojamanufaktura.pl\/index.php\/wp-json\/wp\/v2\/comments?post=837"}],"version-history":[{"count":11,"href":"https:\/\/www.mojamanufaktura.pl\/index.php\/wp-json\/wp\/v2\/product\/837\/revisions"}],"predecessor-version":[{"id":1539,"href":"https:\/\/www.mojamanufaktura.pl\/index.php\/wp-json\/wp\/v2\/product\/837\/revisions\/1539"}],"wp:featuredmedia":[{"embeddable":true,"href":"https:\/\/www.mojamanufaktura.pl\/index.php\/wp-json\/wp\/v2\/media\/822"}],"wp:attachment":[{"href":"https:\/\/www.mojamanufaktura.pl\/index.php\/wp-json\/wp\/v2\/media?parent=837"}],"wp:term":[{"taxonomy":"product_cat","embeddable":true,"href":"https:\/\/www.mojamanufaktura.pl\/index.php\/wp-json\/wp\/v2\/product_cat?post=837"},{"taxonomy":"product_tag","embeddable":true,"href":"https:\/\/www.mojamanufaktura.pl\/index.php\/wp-json\/wp\/v2\/product_tag?post=837"}],"curies":[{"name":"wp","href":"https:\/\/api.w.org\/{rel}","templated":true}]}}