{"id":807,"date":"2022-01-05T11:34:25","date_gmt":"2022-01-05T11:34:25","guid":{"rendered":"https:\/\/www.mojamanufaktura.pl\/?post_type=product&#038;p=807"},"modified":"2022-05-18T08:56:09","modified_gmt":"2022-05-18T08:56:09","slug":"szydelkowe-zwierzatko-male","status":"publish","type":"product","link":"https:\/\/www.mojamanufaktura.pl\/index.php\/produkt\/szydelkowe-zwierzatko-male\/","title":{"rendered":"Szyde\u0142kowe zwierz\u0105tko ma\u0142e"},"content":{"rendered":"\t\t<div data-elementor-type=\"product-post\" data-elementor-id=\"807\" class=\"elementor elementor-807\">\n\t\t\t\t\t\t\t\t\t<section class=\"elementor-section elementor-top-section elementor-element elementor-element-7e5ab486 elementor-section-boxed elementor-section-height-default elementor-section-height-default\" data-id=\"7e5ab486\" data-element_type=\"section\">\n\t\t\t\t\t\t<div class=\"elementor-container elementor-column-gap-default\">\n\t\t\t\t\t<div class=\"elementor-column elementor-col-100 elementor-top-column elementor-element elementor-element-275e45c6\" data-id=\"275e45c6\" data-element_type=\"column\">\n\t\t\t<div class=\"elementor-widget-wrap elementor-element-populated\">\n\t\t\t\t\t\t\t\t<div class=\"elementor-element elementor-element-4efdb710 elementor-widget elementor-widget-text-editor\" data-id=\"4efdb710\" data-element_type=\"widget\" data-widget_type=\"text-editor.default\">\n\t\t\t\t<div class=\"elementor-widget-container\">\n\t\t\t<style>\/*! elementor - v3.6.5 - 27-04-2022 *\/\n.elementor-widget-text-editor.elementor-drop-cap-view-stacked .elementor-drop-cap{background-color:#818a91;color:#fff}.elementor-widget-text-editor.elementor-drop-cap-view-framed .elementor-drop-cap{color:#818a91;border:3px solid;background-color:transparent}.elementor-widget-text-editor:not(.elementor-drop-cap-view-default) .elementor-drop-cap{margin-top:8px}.elementor-widget-text-editor:not(.elementor-drop-cap-view-default) .elementor-drop-cap-letter{width:1em;height:1em}.elementor-widget-text-editor .elementor-drop-cap{float:left;text-align:center;line-height:1;font-size:50px}.elementor-widget-text-editor .elementor-drop-cap-letter{display:inline-block}<\/style>\t\t\t\t<h6><strong>Wydziergane z w\u0142\u00f3czki mini zwierz\u0105tko.<br \/>Zmie\u015bci si\u0119 w kieszeni oraz plecaczku.<br \/>Z naszych zwierzak\u00f3w mo\u017cecie skompletowa\u0107 ca\u0142y zwierzyniec.<br \/>Autroski projekt teamu Manufaktury.<br \/><\/strong><strong>Materia\u0142: kulka silikonowa, akryl, oczka &#8211; bezpiecznie mocowane na zatrzask.<br \/>Pranie: w\u00a0 temp. 30 st.C<br \/>WYMIARY: 11 cm<\/strong><\/h6>\t\t\t\t\t\t<\/div>\n\t\t\t\t<\/div>\n\t\t\t\t\t<\/div>\n\t\t<\/div>\n\t\t\t\t\t\t\t<\/div>\n\t\t<\/section>\n\t\t\t\t\t\t\t<\/div>\n\t\t","protected":false},"excerpt":{"rendered":"<p>Wydziergane z w\u0142\u00f3czki mini zwierz\u0105tko. Zmie\u015bci si\u0119 w kieszeni oraz plecaczku. Z naszych zwierzak\u00f3w mo\u017cecie skompletowa\u0107 ca\u0142y zwierzyniec. Autroski projekt teamu Manufaktury. Materia\u0142: kulka silikonowa, akryl, oczka &#8211; bezpiecznie mocowane na zatrzask. Pranie: w\u00a0 temp. 30 st.C WYMIARY: 11 cm<\/p>\n","protected":false},"featured_media":808,"comment_status":"open","ping_status":"closed","template":"","meta":{"site-sidebar-layout":"default","site-content-layout":"default","ast-main-header-display":"","ast-hfb-above-header-display":"","ast-hfb-below-header-display":"","ast-hfb-mobile-header-display":"","site-post-title":"","ast-breadcrumbs-content":"","ast-featured-img":"","footer-sml-layout":"","theme-transparent-header-meta":"default","adv-header-id-meta":"","stick-header-meta":"default","header-above-stick-meta":"","header-main-stick-meta":"","header-below-stick-meta":"","spay_email":"","jetpack_publicize_message":"","jetpack_is_tweetstorm":false,"jetpack_publicize_feature_enabled":true},"product_cat":[23,29],"product_tag":[],"class_list":["post-807","product","type-product","status-publish","has-post-thumbnail","hentry","product_cat-do-tulenia","product_cat-manufaktura","align-center","box-shadow-0","box-shadow-0-hover","ast-product-gallery-layout-horizontal","ast-product-gallery-with-no-image","ast-product-tabs-layout-horizontal"],"yoast_head":"<!-- This site is optimized with the Yoast SEO plugin v18.8 - https:\/\/yoast.com\/wordpress\/plugins\/seo\/ -->\n<title>Szyde\u0142kowe zwierz\u0105tko ma\u0142e - Moja Manufaktura<\/title>\n<meta name=\"robots\" content=\"index, follow, max-snippet:-1, max-image-preview:large, max-video-preview:-1\" \/>\n<link rel=\"canonical\" href=\"https:\/\/www.mojamanufaktura.pl\/index.php\/produkt\/szydelkowe-zwierzatko-male\/\" \/>\n<meta property=\"og:locale\" content=\"pl_PL\" \/>\n<meta property=\"og:type\" content=\"article\" \/>\n<meta property=\"og:title\" content=\"Szyde\u0142kowe zwierz\u0105tko ma\u0142e - Moja Manufaktura\" \/>\n<meta property=\"og:description\" content=\"Wydziergane z w\u0142\u00f3czki mini zwierz\u0105tko. Zmie\u015bci si\u0119 w kieszeni oraz plecaczku. Z naszych zwierzak\u00f3w mo\u017cecie skompletowa\u0107 ca\u0142y zwierzyniec. Autroski projekt teamu Manufaktury. Materia\u0142: kulka silikonowa, akryl, oczka &#8211; bezpiecznie mocowane na zatrzask. Pranie: w\u00a0 temp. 30 st.C WYMIARY: 11 cm\" \/>\n<meta property=\"og:url\" content=\"https:\/\/www.mojamanufaktura.pl\/index.php\/produkt\/szydelkowe-zwierzatko-male\/\" \/>\n<meta property=\"og:site_name\" content=\"Moja Manufaktura\" \/>\n<meta property=\"article:modified_time\" content=\"2022-05-18T08:56:09+00:00\" \/>\n<meta property=\"og:image\" content=\"https:\/\/www.mojamanufaktura.pl\/wp-content\/uploads\/2022\/01\/IMG-5722-scaled.jpg\" \/>\n\t<meta property=\"og:image:width\" content=\"2560\" \/>\n\t<meta property=\"og:image:height\" content=\"1920\" \/>\n\t<meta property=\"og:image:type\" content=\"image\/jpeg\" \/>\n<meta name=\"twitter:card\" content=\"summary_large_image\" \/>\n<script type=\"application\/ld+json\" class=\"yoast-schema-graph\">{\"@context\":\"https:\/\/schema.org\",\"@graph\":[{\"@type\":\"WebSite\",\"@id\":\"https:\/\/www.mojamanufaktura.pl\/#website\",\"url\":\"https:\/\/www.mojamanufaktura.pl\/\",\"name\":\"Moja Manufaktura\",\"description\":\"\",\"potentialAction\":[{\"@type\":\"SearchAction\",\"target\":{\"@type\":\"EntryPoint\",\"urlTemplate\":\"https:\/\/www.mojamanufaktura.pl\/?s={search_term_string}\"},\"query-input\":\"required name=search_term_string\"}],\"inLanguage\":\"pl-PL\"},{\"@type\":\"ImageObject\",\"inLanguage\":\"pl-PL\",\"@id\":\"https:\/\/www.mojamanufaktura.pl\/index.php\/produkt\/szydelkowe-zwierzatko-male\/#primaryimage\",\"url\":\"https:\/\/www.mojamanufaktura.pl\/wp-content\/uploads\/2022\/01\/IMG-5722-scaled.jpg\",\"contentUrl\":\"https:\/\/www.mojamanufaktura.pl\/wp-content\/uploads\/2022\/01\/IMG-5722-scaled.jpg\",\"width\":2560,\"height\":1920},{\"@type\":\"WebPage\",\"@id\":\"https:\/\/www.mojamanufaktura.pl\/index.php\/produkt\/szydelkowe-zwierzatko-male\/#webpage\",\"url\":\"https:\/\/www.mojamanufaktura.pl\/index.php\/produkt\/szydelkowe-zwierzatko-male\/\",\"name\":\"Szyde\u0142kowe zwierz\u0105tko ma\u0142e - Moja Manufaktura\",\"isPartOf\":{\"@id\":\"https:\/\/www.mojamanufaktura.pl\/#website\"},\"primaryImageOfPage\":{\"@id\":\"https:\/\/www.mojamanufaktura.pl\/index.php\/produkt\/szydelkowe-zwierzatko-male\/#primaryimage\"},\"datePublished\":\"2022-01-05T11:34:25+00:00\",\"dateModified\":\"2022-05-18T08:56:09+00:00\",\"breadcrumb\":{\"@id\":\"https:\/\/www.mojamanufaktura.pl\/index.php\/produkt\/szydelkowe-zwierzatko-male\/#breadcrumb\"},\"inLanguage\":\"pl-PL\",\"potentialAction\":[{\"@type\":\"ReadAction\",\"target\":[\"https:\/\/www.mojamanufaktura.pl\/index.php\/produkt\/szydelkowe-zwierzatko-male\/\"]}]},{\"@type\":\"BreadcrumbList\",\"@id\":\"https:\/\/www.mojamanufaktura.pl\/index.php\/produkt\/szydelkowe-zwierzatko-male\/#breadcrumb\",\"itemListElement\":[{\"@type\":\"ListItem\",\"position\":1,\"name\":\"Strona g\u0142\u00f3wna\",\"item\":\"https:\/\/www.mojamanufaktura.pl\/\"},{\"@type\":\"ListItem\",\"position\":2,\"name\":\"Sklep\",\"item\":\"https:\/\/www.mojamanufaktura.pl\/index.php\/sklep\/\"},{\"@type\":\"ListItem\",\"position\":3,\"name\":\"Szyde\u0142kowe zwierz\u0105tko ma\u0142e\"}]}]}<\/script>\n<!-- \/ Yoast SEO plugin. -->","yoast_head_json":{"title":"Szyde\u0142kowe zwierz\u0105tko ma\u0142e - Moja Manufaktura","robots":{"index":"index","follow":"follow","max-snippet":"max-snippet:-1","max-image-preview":"max-image-preview:large","max-video-preview":"max-video-preview:-1"},"canonical":"https:\/\/www.mojamanufaktura.pl\/index.php\/produkt\/szydelkowe-zwierzatko-male\/","og_locale":"pl_PL","og_type":"article","og_title":"Szyde\u0142kowe zwierz\u0105tko ma\u0142e - Moja Manufaktura","og_description":"Wydziergane z w\u0142\u00f3czki mini zwierz\u0105tko. Zmie\u015bci si\u0119 w kieszeni oraz plecaczku. Z naszych zwierzak\u00f3w mo\u017cecie skompletowa\u0107 ca\u0142y zwierzyniec. Autroski projekt teamu Manufaktury. Materia\u0142: kulka silikonowa, akryl, oczka &#8211; bezpiecznie mocowane na zatrzask. Pranie: w\u00a0 temp. 30 st.C WYMIARY: 11 cm","og_url":"https:\/\/www.mojamanufaktura.pl\/index.php\/produkt\/szydelkowe-zwierzatko-male\/","og_site_name":"Moja Manufaktura","article_modified_time":"2022-05-18T08:56:09+00:00","og_image":[{"width":2560,"height":1920,"url":"https:\/\/www.mojamanufaktura.pl\/wp-content\/uploads\/2022\/01\/IMG-5722-scaled.jpg","type":"image\/jpeg"}],"twitter_card":"summary_large_image","schema":{"@context":"https:\/\/schema.org","@graph":[{"@type":"WebSite","@id":"https:\/\/www.mojamanufaktura.pl\/#website","url":"https:\/\/www.mojamanufaktura.pl\/","name":"Moja Manufaktura","description":"","potentialAction":[{"@type":"SearchAction","target":{"@type":"EntryPoint","urlTemplate":"https:\/\/www.mojamanufaktura.pl\/?s={search_term_string}"},"query-input":"required name=search_term_string"}],"inLanguage":"pl-PL"},{"@type":"ImageObject","inLanguage":"pl-PL","@id":"https:\/\/www.mojamanufaktura.pl\/index.php\/produkt\/szydelkowe-zwierzatko-male\/#primaryimage","url":"https:\/\/www.mojamanufaktura.pl\/wp-content\/uploads\/2022\/01\/IMG-5722-scaled.jpg","contentUrl":"https:\/\/www.mojamanufaktura.pl\/wp-content\/uploads\/2022\/01\/IMG-5722-scaled.jpg","width":2560,"height":1920},{"@type":"WebPage","@id":"https:\/\/www.mojamanufaktura.pl\/index.php\/produkt\/szydelkowe-zwierzatko-male\/#webpage","url":"https:\/\/www.mojamanufaktura.pl\/index.php\/produkt\/szydelkowe-zwierzatko-male\/","name":"Szyde\u0142kowe zwierz\u0105tko ma\u0142e - Moja Manufaktura","isPartOf":{"@id":"https:\/\/www.mojamanufaktura.pl\/#website"},"primaryImageOfPage":{"@id":"https:\/\/www.mojamanufaktura.pl\/index.php\/produkt\/szydelkowe-zwierzatko-male\/#primaryimage"},"datePublished":"2022-01-05T11:34:25+00:00","dateModified":"2022-05-18T08:56:09+00:00","breadcrumb":{"@id":"https:\/\/www.mojamanufaktura.pl\/index.php\/produkt\/szydelkowe-zwierzatko-male\/#breadcrumb"},"inLanguage":"pl-PL","potentialAction":[{"@type":"ReadAction","target":["https:\/\/www.mojamanufaktura.pl\/index.php\/produkt\/szydelkowe-zwierzatko-male\/"]}]},{"@type":"BreadcrumbList","@id":"https:\/\/www.mojamanufaktura.pl\/index.php\/produkt\/szydelkowe-zwierzatko-male\/#breadcrumb","itemListElement":[{"@type":"ListItem","position":1,"name":"Strona g\u0142\u00f3wna","item":"https:\/\/www.mojamanufaktura.pl\/"},{"@type":"ListItem","position":2,"name":"Sklep","item":"https:\/\/www.mojamanufaktura.pl\/index.php\/sklep\/"},{"@type":"ListItem","position":3,"name":"Szyde\u0142kowe zwierz\u0105tko ma\u0142e"}]}]}},"_links":{"self":[{"href":"https:\/\/www.mojamanufaktura.pl\/index.php\/wp-json\/wp\/v2\/product\/807","targetHints":{"allow":["GET"]}}],"collection":[{"href":"https:\/\/www.mojamanufaktura.pl\/index.php\/wp-json\/wp\/v2\/product"}],"about":[{"href":"https:\/\/www.mojamanufaktura.pl\/index.php\/wp-json\/wp\/v2\/types\/product"}],"replies":[{"embeddable":true,"href":"https:\/\/www.mojamanufaktura.pl\/index.php\/wp-json\/wp\/v2\/comments?post=807"}],"version-history":[{"count":5,"href":"https:\/\/www.mojamanufaktura.pl\/index.php\/wp-json\/wp\/v2\/product\/807\/revisions"}],"predecessor-version":[{"id":1197,"href":"https:\/\/www.mojamanufaktura.pl\/index.php\/wp-json\/wp\/v2\/product\/807\/revisions\/1197"}],"wp:featuredmedia":[{"embeddable":true,"href":"https:\/\/www.mojamanufaktura.pl\/index.php\/wp-json\/wp\/v2\/media\/808"}],"wp:attachment":[{"href":"https:\/\/www.mojamanufaktura.pl\/index.php\/wp-json\/wp\/v2\/media?parent=807"}],"wp:term":[{"taxonomy":"product_cat","embeddable":true,"href":"https:\/\/www.mojamanufaktura.pl\/index.php\/wp-json\/wp\/v2\/product_cat?post=807"},{"taxonomy":"product_tag","embeddable":true,"href":"https:\/\/www.mojamanufaktura.pl\/index.php\/wp-json\/wp\/v2\/product_tag?post=807"}],"curies":[{"name":"wp","href":"https:\/\/api.w.org\/{rel}","templated":true}]}}