{"id":801,"date":"2022-01-05T11:19:13","date_gmt":"2022-01-05T11:19:13","guid":{"rendered":"https:\/\/www.mojamanufaktura.pl\/?post_type=product&#038;p=801"},"modified":"2022-05-18T08:56:10","modified_gmt":"2022-05-18T08:56:10","slug":"szydelkowe-zwierzatko-mini","status":"publish","type":"product","link":"https:\/\/www.mojamanufaktura.pl\/index.php\/produkt\/szydelkowe-zwierzatko-mini\/","title":{"rendered":"Szyde\u0142kowe zwierz\u0105tko mini"},"content":{"rendered":"<p><strong>Wydziergane z w\u0142\u00f3czki mini zwierz\u0105tko.<br \/>\nZmie\u015bci si\u0119 w kieszeni oraz plecaczku.<br \/>\nZ naszych zwierzak\u00f3w mo\u017cecie skompletowa\u0107 ca\u0142y zwierzyniec.<br \/>\nAutroski projekt teamu Manufaktury.<\/strong><\/p>\n<p><strong>Materia\u0142: kulka silikonowa, akryl, oczka &#8211; szklane kulki.<br \/>\nPranie: w\u00a0 temp. 30 st.C<br \/>\nWYMIARY: 6 cm<\/strong><\/p>\n<p>&nbsp;<\/p>\n<p>&nbsp;<\/p>\n","protected":false},"excerpt":{"rendered":"<p>Wydziergane z w\u0142\u00f3czki mini zwierz\u0105tko. Zmie\u015bci si\u0119 w kieszeni oraz plecaczku. Z naszych zwierzak\u00f3w mo\u017cecie skompletowa\u0107 ca\u0142y zwierzyniec. Autroski projekt teamu Manufaktury. Materia\u0142: kulka silikonowa, akryl, oczka &#8211; szklane kulki. Pranie: w\u00a0 temp. 30 st.C WYMIARY: 6 cm &nbsp; &nbsp;<\/p>\n","protected":false},"featured_media":802,"comment_status":"open","ping_status":"closed","template":"","meta":{"site-sidebar-layout":"default","site-content-layout":"default","ast-main-header-display":"","ast-hfb-above-header-display":"","ast-hfb-below-header-display":"","ast-hfb-mobile-header-display":"","site-post-title":"","ast-breadcrumbs-content":"","ast-featured-img":"","footer-sml-layout":"","theme-transparent-header-meta":"default","adv-header-id-meta":"","stick-header-meta":"default","header-above-stick-meta":"","header-main-stick-meta":"","header-below-stick-meta":"","spay_email":"","jetpack_publicize_message":"","jetpack_is_tweetstorm":false,"jetpack_publicize_feature_enabled":true},"product_cat":[23,29],"product_tag":[],"class_list":["post-801","product","type-product","status-publish","has-post-thumbnail","hentry","product_cat-do-tulenia","product_cat-manufaktura","align-center","box-shadow-0","box-shadow-0-hover","ast-product-gallery-layout-horizontal","ast-product-gallery-with-no-image","ast-product-tabs-layout-horizontal"],"yoast_head":"<!-- This site is optimized with the Yoast SEO plugin v18.8 - https:\/\/yoast.com\/wordpress\/plugins\/seo\/ -->\n<title>Szyde\u0142kowe zwierz\u0105tko mini - Moja Manufaktura<\/title>\n<meta name=\"robots\" content=\"index, follow, max-snippet:-1, max-image-preview:large, max-video-preview:-1\" \/>\n<link rel=\"canonical\" href=\"https:\/\/www.mojamanufaktura.pl\/index.php\/produkt\/szydelkowe-zwierzatko-mini\/\" \/>\n<meta property=\"og:locale\" content=\"pl_PL\" \/>\n<meta property=\"og:type\" content=\"article\" \/>\n<meta property=\"og:title\" content=\"Szyde\u0142kowe zwierz\u0105tko mini - Moja Manufaktura\" \/>\n<meta property=\"og:description\" content=\"Wydziergane z w\u0142\u00f3czki mini zwierz\u0105tko. Zmie\u015bci si\u0119 w kieszeni oraz plecaczku. Z naszych zwierzak\u00f3w mo\u017cecie skompletowa\u0107 ca\u0142y zwierzyniec. Autroski projekt teamu Manufaktury. Materia\u0142: kulka silikonowa, akryl, oczka &#8211; szklane kulki. Pranie: w\u00a0 temp. 30 st.C WYMIARY: 6 cm &nbsp; &nbsp;\" \/>\n<meta property=\"og:url\" content=\"https:\/\/www.mojamanufaktura.pl\/index.php\/produkt\/szydelkowe-zwierzatko-mini\/\" \/>\n<meta property=\"og:site_name\" content=\"Moja Manufaktura\" \/>\n<meta property=\"article:modified_time\" content=\"2022-05-18T08:56:10+00:00\" \/>\n<meta property=\"og:image\" content=\"https:\/\/www.mojamanufaktura.pl\/wp-content\/uploads\/2022\/01\/IMG-5714-scaled.jpg\" \/>\n\t<meta property=\"og:image:width\" content=\"2560\" \/>\n\t<meta property=\"og:image:height\" content=\"2269\" \/>\n\t<meta property=\"og:image:type\" content=\"image\/jpeg\" \/>\n<meta name=\"twitter:card\" content=\"summary_large_image\" \/>\n<meta name=\"twitter:label1\" content=\"Szacowany czas czytania\" \/>\n\t<meta name=\"twitter:data1\" content=\"1 minuta\" \/>\n<script type=\"application\/ld+json\" class=\"yoast-schema-graph\">{\"@context\":\"https:\/\/schema.org\",\"@graph\":[{\"@type\":\"WebSite\",\"@id\":\"https:\/\/www.mojamanufaktura.pl\/#website\",\"url\":\"https:\/\/www.mojamanufaktura.pl\/\",\"name\":\"Moja Manufaktura\",\"description\":\"\",\"potentialAction\":[{\"@type\":\"SearchAction\",\"target\":{\"@type\":\"EntryPoint\",\"urlTemplate\":\"https:\/\/www.mojamanufaktura.pl\/?s={search_term_string}\"},\"query-input\":\"required name=search_term_string\"}],\"inLanguage\":\"pl-PL\"},{\"@type\":\"ImageObject\",\"inLanguage\":\"pl-PL\",\"@id\":\"https:\/\/www.mojamanufaktura.pl\/index.php\/produkt\/szydelkowe-zwierzatko-mini\/#primaryimage\",\"url\":\"https:\/\/www.mojamanufaktura.pl\/wp-content\/uploads\/2022\/01\/IMG-5714-scaled.jpg\",\"contentUrl\":\"https:\/\/www.mojamanufaktura.pl\/wp-content\/uploads\/2022\/01\/IMG-5714-scaled.jpg\",\"width\":2560,\"height\":2269},{\"@type\":\"WebPage\",\"@id\":\"https:\/\/www.mojamanufaktura.pl\/index.php\/produkt\/szydelkowe-zwierzatko-mini\/#webpage\",\"url\":\"https:\/\/www.mojamanufaktura.pl\/index.php\/produkt\/szydelkowe-zwierzatko-mini\/\",\"name\":\"Szyde\u0142kowe zwierz\u0105tko mini - Moja Manufaktura\",\"isPartOf\":{\"@id\":\"https:\/\/www.mojamanufaktura.pl\/#website\"},\"primaryImageOfPage\":{\"@id\":\"https:\/\/www.mojamanufaktura.pl\/index.php\/produkt\/szydelkowe-zwierzatko-mini\/#primaryimage\"},\"datePublished\":\"2022-01-05T11:19:13+00:00\",\"dateModified\":\"2022-05-18T08:56:10+00:00\",\"breadcrumb\":{\"@id\":\"https:\/\/www.mojamanufaktura.pl\/index.php\/produkt\/szydelkowe-zwierzatko-mini\/#breadcrumb\"},\"inLanguage\":\"pl-PL\",\"potentialAction\":[{\"@type\":\"ReadAction\",\"target\":[\"https:\/\/www.mojamanufaktura.pl\/index.php\/produkt\/szydelkowe-zwierzatko-mini\/\"]}]},{\"@type\":\"BreadcrumbList\",\"@id\":\"https:\/\/www.mojamanufaktura.pl\/index.php\/produkt\/szydelkowe-zwierzatko-mini\/#breadcrumb\",\"itemListElement\":[{\"@type\":\"ListItem\",\"position\":1,\"name\":\"Strona g\u0142\u00f3wna\",\"item\":\"https:\/\/www.mojamanufaktura.pl\/\"},{\"@type\":\"ListItem\",\"position\":2,\"name\":\"Sklep\",\"item\":\"https:\/\/www.mojamanufaktura.pl\/index.php\/sklep\/\"},{\"@type\":\"ListItem\",\"position\":3,\"name\":\"Szyde\u0142kowe zwierz\u0105tko mini\"}]}]}<\/script>\n<!-- \/ Yoast SEO plugin. -->","yoast_head_json":{"title":"Szyde\u0142kowe zwierz\u0105tko mini - Moja Manufaktura","robots":{"index":"index","follow":"follow","max-snippet":"max-snippet:-1","max-image-preview":"max-image-preview:large","max-video-preview":"max-video-preview:-1"},"canonical":"https:\/\/www.mojamanufaktura.pl\/index.php\/produkt\/szydelkowe-zwierzatko-mini\/","og_locale":"pl_PL","og_type":"article","og_title":"Szyde\u0142kowe zwierz\u0105tko mini - Moja Manufaktura","og_description":"Wydziergane z w\u0142\u00f3czki mini zwierz\u0105tko. Zmie\u015bci si\u0119 w kieszeni oraz plecaczku. Z naszych zwierzak\u00f3w mo\u017cecie skompletowa\u0107 ca\u0142y zwierzyniec. Autroski projekt teamu Manufaktury. Materia\u0142: kulka silikonowa, akryl, oczka &#8211; szklane kulki. Pranie: w\u00a0 temp. 30 st.C WYMIARY: 6 cm &nbsp; &nbsp;","og_url":"https:\/\/www.mojamanufaktura.pl\/index.php\/produkt\/szydelkowe-zwierzatko-mini\/","og_site_name":"Moja Manufaktura","article_modified_time":"2022-05-18T08:56:10+00:00","og_image":[{"width":2560,"height":2269,"url":"https:\/\/www.mojamanufaktura.pl\/wp-content\/uploads\/2022\/01\/IMG-5714-scaled.jpg","type":"image\/jpeg"}],"twitter_card":"summary_large_image","twitter_misc":{"Szacowany czas czytania":"1 minuta"},"schema":{"@context":"https:\/\/schema.org","@graph":[{"@type":"WebSite","@id":"https:\/\/www.mojamanufaktura.pl\/#website","url":"https:\/\/www.mojamanufaktura.pl\/","name":"Moja Manufaktura","description":"","potentialAction":[{"@type":"SearchAction","target":{"@type":"EntryPoint","urlTemplate":"https:\/\/www.mojamanufaktura.pl\/?s={search_term_string}"},"query-input":"required name=search_term_string"}],"inLanguage":"pl-PL"},{"@type":"ImageObject","inLanguage":"pl-PL","@id":"https:\/\/www.mojamanufaktura.pl\/index.php\/produkt\/szydelkowe-zwierzatko-mini\/#primaryimage","url":"https:\/\/www.mojamanufaktura.pl\/wp-content\/uploads\/2022\/01\/IMG-5714-scaled.jpg","contentUrl":"https:\/\/www.mojamanufaktura.pl\/wp-content\/uploads\/2022\/01\/IMG-5714-scaled.jpg","width":2560,"height":2269},{"@type":"WebPage","@id":"https:\/\/www.mojamanufaktura.pl\/index.php\/produkt\/szydelkowe-zwierzatko-mini\/#webpage","url":"https:\/\/www.mojamanufaktura.pl\/index.php\/produkt\/szydelkowe-zwierzatko-mini\/","name":"Szyde\u0142kowe zwierz\u0105tko mini - Moja Manufaktura","isPartOf":{"@id":"https:\/\/www.mojamanufaktura.pl\/#website"},"primaryImageOfPage":{"@id":"https:\/\/www.mojamanufaktura.pl\/index.php\/produkt\/szydelkowe-zwierzatko-mini\/#primaryimage"},"datePublished":"2022-01-05T11:19:13+00:00","dateModified":"2022-05-18T08:56:10+00:00","breadcrumb":{"@id":"https:\/\/www.mojamanufaktura.pl\/index.php\/produkt\/szydelkowe-zwierzatko-mini\/#breadcrumb"},"inLanguage":"pl-PL","potentialAction":[{"@type":"ReadAction","target":["https:\/\/www.mojamanufaktura.pl\/index.php\/produkt\/szydelkowe-zwierzatko-mini\/"]}]},{"@type":"BreadcrumbList","@id":"https:\/\/www.mojamanufaktura.pl\/index.php\/produkt\/szydelkowe-zwierzatko-mini\/#breadcrumb","itemListElement":[{"@type":"ListItem","position":1,"name":"Strona g\u0142\u00f3wna","item":"https:\/\/www.mojamanufaktura.pl\/"},{"@type":"ListItem","position":2,"name":"Sklep","item":"https:\/\/www.mojamanufaktura.pl\/index.php\/sklep\/"},{"@type":"ListItem","position":3,"name":"Szyde\u0142kowe zwierz\u0105tko mini"}]}]}},"_links":{"self":[{"href":"https:\/\/www.mojamanufaktura.pl\/index.php\/wp-json\/wp\/v2\/product\/801","targetHints":{"allow":["GET"]}}],"collection":[{"href":"https:\/\/www.mojamanufaktura.pl\/index.php\/wp-json\/wp\/v2\/product"}],"about":[{"href":"https:\/\/www.mojamanufaktura.pl\/index.php\/wp-json\/wp\/v2\/types\/product"}],"replies":[{"embeddable":true,"href":"https:\/\/www.mojamanufaktura.pl\/index.php\/wp-json\/wp\/v2\/comments?post=801"}],"version-history":[{"count":1,"href":"https:\/\/www.mojamanufaktura.pl\/index.php\/wp-json\/wp\/v2\/product\/801\/revisions"}],"predecessor-version":[{"id":803,"href":"https:\/\/www.mojamanufaktura.pl\/index.php\/wp-json\/wp\/v2\/product\/801\/revisions\/803"}],"wp:featuredmedia":[{"embeddable":true,"href":"https:\/\/www.mojamanufaktura.pl\/index.php\/wp-json\/wp\/v2\/media\/802"}],"wp:attachment":[{"href":"https:\/\/www.mojamanufaktura.pl\/index.php\/wp-json\/wp\/v2\/media?parent=801"}],"wp:term":[{"taxonomy":"product_cat","embeddable":true,"href":"https:\/\/www.mojamanufaktura.pl\/index.php\/wp-json\/wp\/v2\/product_cat?post=801"},{"taxonomy":"product_tag","embeddable":true,"href":"https:\/\/www.mojamanufaktura.pl\/index.php\/wp-json\/wp\/v2\/product_tag?post=801"}],"curies":[{"name":"wp","href":"https:\/\/api.w.org\/{rel}","templated":true}]}}