{"id":686,"date":"2021-12-10T10:51:17","date_gmt":"2021-12-10T10:51:17","guid":{"rendered":"https:\/\/www.mojamanufaktura.pl\/?post_type=product&#038;p=686"},"modified":"2022-05-18T08:56:12","modified_gmt":"2022-05-18T08:56:12","slug":"domek-lozeczko-dla-kroliczka-bezowy","status":"publish","type":"product","link":"https:\/\/www.mojamanufaktura.pl\/index.php\/produkt\/domek-lozeczko-dla-kroliczka-bezowy\/","title":{"rendered":"Domek &#8211; \u0142\u00f3\u017ceczko dla kr\u00f3liczka be\u017cowy"},"content":{"rendered":"\t\t<div data-elementor-type=\"product-post\" data-elementor-id=\"686\" class=\"elementor elementor-686\">\n\t\t\t\t\t\t\t\t\t<section class=\"elementor-section elementor-top-section elementor-element elementor-element-29bb5e64 elementor-section-boxed elementor-section-height-default elementor-section-height-default\" data-id=\"29bb5e64\" data-element_type=\"section\">\n\t\t\t\t\t\t<div class=\"elementor-container elementor-column-gap-default\">\n\t\t\t\t\t<div class=\"elementor-column elementor-col-100 elementor-top-column elementor-element elementor-element-7ae3bc9f\" data-id=\"7ae3bc9f\" data-element_type=\"column\">\n\t\t\t<div class=\"elementor-widget-wrap elementor-element-populated\">\n\t\t\t\t\t\t\t\t<div class=\"elementor-element elementor-element-52ce68f0 elementor-widget elementor-widget-text-editor\" data-id=\"52ce68f0\" data-element_type=\"widget\" data-widget_type=\"text-editor.default\">\n\t\t\t\t<div class=\"elementor-widget-container\">\n\t\t\t<style>\/*! elementor - v3.6.5 - 27-04-2022 *\/\n.elementor-widget-text-editor.elementor-drop-cap-view-stacked .elementor-drop-cap{background-color:#818a91;color:#fff}.elementor-widget-text-editor.elementor-drop-cap-view-framed .elementor-drop-cap{color:#818a91;border:3px solid;background-color:transparent}.elementor-widget-text-editor:not(.elementor-drop-cap-view-default) .elementor-drop-cap{margin-top:8px}.elementor-widget-text-editor:not(.elementor-drop-cap-view-default) .elementor-drop-cap-letter{width:1em;height:1em}.elementor-widget-text-editor .elementor-drop-cap{float:left;text-align:center;line-height:1;font-size:50px}.elementor-widget-text-editor .elementor-drop-cap-letter{display:inline-block}<\/style>\t\t\t\t<h6><strong>Domek \u2013 \u0141\u00f3\u017ceczko to pi\u0119kne mieszkanie dla zaj\u0105czka.<br \/>W sk\u0142ad zestawu wchodzi: materac, dwie poduszeczki, ko\u0142dra, hamaczek, dywanik, pufa oraz maskotka zaj\u0105czek i jego maskotka misiu.<br \/><\/strong><strong>Ka\u017cdy domek wykonany jest z dba\u0142o\u015bci\u0105 o szczeg\u00f3\u0142y, w pi\u0119knej\u00a0 kolorystyce. Nie ma dw\u00f3ch jednakowych egzemplarzy, a w ka\u017cdym, poza standardowym wyposa\u017ceniem,\u00a0 znajdzie si\u0119 unikatowy drobiazg.<br \/><\/strong><strong>Domek \u2013 \u0141\u00f3\u017ceczko zapakowany jest w firmowe @nanu pude\u0142ko \u2013 dzi\u0119ki czemu idealnie nadaje si\u0119 na prezent.<br \/><\/strong><strong>Autorski projekt teamu Manufaktury. <br \/><\/strong><strong>Materia\u0142: MDF, bawe\u0142na, kulka silikonowa, farba akrylowa z certyfikatem Ecolabel<br \/><\/strong><strong>WYMIARY: domek 30 cm x 30 cm\u00a0 x 20 cm,\u00a0 kr\u00f3liczek 15 cm<\/strong><\/h6>\t\t\t\t\t\t<\/div>\n\t\t\t\t<\/div>\n\t\t\t\t\t<\/div>\n\t\t<\/div>\n\t\t\t\t\t\t\t<\/div>\n\t\t<\/section>\n\t\t\t\t\t\t\t<\/div>\n\t\t","protected":false},"excerpt":{"rendered":"<p>Domek \u2013 \u0141\u00f3\u017ceczko to pi\u0119kne mieszkanie dla zaj\u0105czka.W sk\u0142ad zestawu wchodzi: materac, dwie poduszeczki, ko\u0142dra, hamaczek, dywanik, pufa oraz maskotka zaj\u0105czek i jego maskotka misiu.Ka\u017cdy domek wykonany jest z dba\u0142o\u015bci\u0105 o szczeg\u00f3\u0142y, w pi\u0119knej\u00a0 kolorystyce. Nie ma dw\u00f3ch jednakowych egzemplarzy, a w ka\u017cdym, poza standardowym wyposa\u017ceniem,\u00a0 znajdzie si\u0119 unikatowy drobiazg.Domek \u2013 \u0141\u00f3\u017ceczko zapakowany jest w &hellip;<\/p>\n<p class=\"read-more\"> <a class=\"\" href=\"https:\/\/www.mojamanufaktura.pl\/index.php\/produkt\/domek-lozeczko-dla-kroliczka-bezowy\/\"> <span class=\"screen-reader-text\">Domek &#8211; \u0142\u00f3\u017ceczko dla kr\u00f3liczka be\u017cowy<\/span> Read More \u00bb<\/a><\/p>\n","protected":false},"featured_media":687,"comment_status":"open","ping_status":"closed","template":"","meta":{"site-sidebar-layout":"default","site-content-layout":"default","ast-main-header-display":"","ast-hfb-above-header-display":"","ast-hfb-below-header-display":"","ast-hfb-mobile-header-display":"","site-post-title":"","ast-breadcrumbs-content":"","ast-featured-img":"","footer-sml-layout":"","theme-transparent-header-meta":"default","adv-header-id-meta":"","stick-header-meta":"default","header-above-stick-meta":"","header-main-stick-meta":"","header-below-stick-meta":"","spay_email":"","jetpack_publicize_message":"","jetpack_is_tweetstorm":false,"jetpack_publicize_feature_enabled":true},"product_cat":[25,28],"product_tag":[],"class_list":["post-686","product","type-product","status-publish","has-post-thumbnail","hentry","product_cat-do-pokoju","product_cat-nanu","align-center","box-shadow-0","box-shadow-0-hover","ast-product-gallery-layout-horizontal","ast-product-tabs-layout-horizontal"],"yoast_head":"<!-- This site is optimized with the Yoast SEO plugin v18.8 - https:\/\/yoast.com\/wordpress\/plugins\/seo\/ -->\n<title>Domek - \u0142\u00f3\u017ceczko dla kr\u00f3liczka be\u017cowy - Moja Manufaktura<\/title>\n<meta name=\"robots\" content=\"index, follow, max-snippet:-1, max-image-preview:large, max-video-preview:-1\" \/>\n<link rel=\"canonical\" href=\"https:\/\/www.mojamanufaktura.pl\/index.php\/produkt\/domek-lozeczko-dla-kroliczka-bezowy\/\" \/>\n<meta property=\"og:locale\" content=\"pl_PL\" \/>\n<meta property=\"og:type\" content=\"article\" \/>\n<meta property=\"og:title\" content=\"Domek - \u0142\u00f3\u017ceczko dla kr\u00f3liczka be\u017cowy - Moja Manufaktura\" \/>\n<meta property=\"og:description\" content=\"Domek \u2013 \u0141\u00f3\u017ceczko to pi\u0119kne mieszkanie dla zaj\u0105czka.W sk\u0142ad zestawu wchodzi: materac, dwie poduszeczki, ko\u0142dra, hamaczek, dywanik, pufa oraz maskotka zaj\u0105czek i jego maskotka misiu.Ka\u017cdy domek wykonany jest z dba\u0142o\u015bci\u0105 o szczeg\u00f3\u0142y, w pi\u0119knej\u00a0 kolorystyce. Nie ma dw\u00f3ch jednakowych egzemplarzy, a w ka\u017cdym, poza standardowym wyposa\u017ceniem,\u00a0 znajdzie si\u0119 unikatowy drobiazg.Domek \u2013 \u0141\u00f3\u017ceczko zapakowany jest w &hellip; Domek &#8211; \u0142\u00f3\u017ceczko dla kr\u00f3liczka be\u017cowy Read More \u00bb\" \/>\n<meta property=\"og:url\" content=\"https:\/\/www.mojamanufaktura.pl\/index.php\/produkt\/domek-lozeczko-dla-kroliczka-bezowy\/\" \/>\n<meta property=\"og:site_name\" content=\"Moja Manufaktura\" \/>\n<meta property=\"article:modified_time\" content=\"2022-05-18T08:56:12+00:00\" \/>\n<meta property=\"og:image\" content=\"https:\/\/www.mojamanufaktura.pl\/wp-content\/uploads\/2021\/12\/IMG_8084-scaled.jpg\" \/>\n\t<meta property=\"og:image:width\" content=\"2560\" \/>\n\t<meta property=\"og:image:height\" content=\"2560\" \/>\n\t<meta property=\"og:image:type\" content=\"image\/jpeg\" \/>\n<meta name=\"twitter:card\" content=\"summary_large_image\" \/>\n<script type=\"application\/ld+json\" class=\"yoast-schema-graph\">{\"@context\":\"https:\/\/schema.org\",\"@graph\":[{\"@type\":\"WebSite\",\"@id\":\"https:\/\/www.mojamanufaktura.pl\/#website\",\"url\":\"https:\/\/www.mojamanufaktura.pl\/\",\"name\":\"Moja Manufaktura\",\"description\":\"\",\"potentialAction\":[{\"@type\":\"SearchAction\",\"target\":{\"@type\":\"EntryPoint\",\"urlTemplate\":\"https:\/\/www.mojamanufaktura.pl\/?s={search_term_string}\"},\"query-input\":\"required name=search_term_string\"}],\"inLanguage\":\"pl-PL\"},{\"@type\":\"ImageObject\",\"inLanguage\":\"pl-PL\",\"@id\":\"https:\/\/www.mojamanufaktura.pl\/index.php\/produkt\/domek-lozeczko-dla-kroliczka-bezowy\/#primaryimage\",\"url\":\"https:\/\/www.mojamanufaktura.pl\/wp-content\/uploads\/2021\/12\/IMG_8084-scaled.jpg\",\"contentUrl\":\"https:\/\/www.mojamanufaktura.pl\/wp-content\/uploads\/2021\/12\/IMG_8084-scaled.jpg\",\"width\":2560,\"height\":2560},{\"@type\":\"WebPage\",\"@id\":\"https:\/\/www.mojamanufaktura.pl\/index.php\/produkt\/domek-lozeczko-dla-kroliczka-bezowy\/#webpage\",\"url\":\"https:\/\/www.mojamanufaktura.pl\/index.php\/produkt\/domek-lozeczko-dla-kroliczka-bezowy\/\",\"name\":\"Domek - \u0142\u00f3\u017ceczko dla kr\u00f3liczka be\u017cowy - Moja Manufaktura\",\"isPartOf\":{\"@id\":\"https:\/\/www.mojamanufaktura.pl\/#website\"},\"primaryImageOfPage\":{\"@id\":\"https:\/\/www.mojamanufaktura.pl\/index.php\/produkt\/domek-lozeczko-dla-kroliczka-bezowy\/#primaryimage\"},\"datePublished\":\"2021-12-10T10:51:17+00:00\",\"dateModified\":\"2022-05-18T08:56:12+00:00\",\"breadcrumb\":{\"@id\":\"https:\/\/www.mojamanufaktura.pl\/index.php\/produkt\/domek-lozeczko-dla-kroliczka-bezowy\/#breadcrumb\"},\"inLanguage\":\"pl-PL\",\"potentialAction\":[{\"@type\":\"ReadAction\",\"target\":[\"https:\/\/www.mojamanufaktura.pl\/index.php\/produkt\/domek-lozeczko-dla-kroliczka-bezowy\/\"]}]},{\"@type\":\"BreadcrumbList\",\"@id\":\"https:\/\/www.mojamanufaktura.pl\/index.php\/produkt\/domek-lozeczko-dla-kroliczka-bezowy\/#breadcrumb\",\"itemListElement\":[{\"@type\":\"ListItem\",\"position\":1,\"name\":\"Strona g\u0142\u00f3wna\",\"item\":\"https:\/\/www.mojamanufaktura.pl\/\"},{\"@type\":\"ListItem\",\"position\":2,\"name\":\"Sklep\",\"item\":\"https:\/\/www.mojamanufaktura.pl\/index.php\/sklep\/\"},{\"@type\":\"ListItem\",\"position\":3,\"name\":\"Domek &#8211; \u0142\u00f3\u017ceczko dla kr\u00f3liczka be\u017cowy\"}]}]}<\/script>\n<!-- \/ Yoast SEO plugin. -->","yoast_head_json":{"title":"Domek - \u0142\u00f3\u017ceczko dla kr\u00f3liczka be\u017cowy - Moja Manufaktura","robots":{"index":"index","follow":"follow","max-snippet":"max-snippet:-1","max-image-preview":"max-image-preview:large","max-video-preview":"max-video-preview:-1"},"canonical":"https:\/\/www.mojamanufaktura.pl\/index.php\/produkt\/domek-lozeczko-dla-kroliczka-bezowy\/","og_locale":"pl_PL","og_type":"article","og_title":"Domek - \u0142\u00f3\u017ceczko dla kr\u00f3liczka be\u017cowy - Moja Manufaktura","og_description":"Domek \u2013 \u0141\u00f3\u017ceczko to pi\u0119kne mieszkanie dla zaj\u0105czka.W sk\u0142ad zestawu wchodzi: materac, dwie poduszeczki, ko\u0142dra, hamaczek, dywanik, pufa oraz maskotka zaj\u0105czek i jego maskotka misiu.Ka\u017cdy domek wykonany jest z dba\u0142o\u015bci\u0105 o szczeg\u00f3\u0142y, w pi\u0119knej\u00a0 kolorystyce. Nie ma dw\u00f3ch jednakowych egzemplarzy, a w ka\u017cdym, poza standardowym wyposa\u017ceniem,\u00a0 znajdzie si\u0119 unikatowy drobiazg.Domek \u2013 \u0141\u00f3\u017ceczko zapakowany jest w &hellip; Domek &#8211; \u0142\u00f3\u017ceczko dla kr\u00f3liczka be\u017cowy Read More \u00bb","og_url":"https:\/\/www.mojamanufaktura.pl\/index.php\/produkt\/domek-lozeczko-dla-kroliczka-bezowy\/","og_site_name":"Moja Manufaktura","article_modified_time":"2022-05-18T08:56:12+00:00","og_image":[{"width":2560,"height":2560,"url":"https:\/\/www.mojamanufaktura.pl\/wp-content\/uploads\/2021\/12\/IMG_8084-scaled.jpg","type":"image\/jpeg"}],"twitter_card":"summary_large_image","schema":{"@context":"https:\/\/schema.org","@graph":[{"@type":"WebSite","@id":"https:\/\/www.mojamanufaktura.pl\/#website","url":"https:\/\/www.mojamanufaktura.pl\/","name":"Moja Manufaktura","description":"","potentialAction":[{"@type":"SearchAction","target":{"@type":"EntryPoint","urlTemplate":"https:\/\/www.mojamanufaktura.pl\/?s={search_term_string}"},"query-input":"required name=search_term_string"}],"inLanguage":"pl-PL"},{"@type":"ImageObject","inLanguage":"pl-PL","@id":"https:\/\/www.mojamanufaktura.pl\/index.php\/produkt\/domek-lozeczko-dla-kroliczka-bezowy\/#primaryimage","url":"https:\/\/www.mojamanufaktura.pl\/wp-content\/uploads\/2021\/12\/IMG_8084-scaled.jpg","contentUrl":"https:\/\/www.mojamanufaktura.pl\/wp-content\/uploads\/2021\/12\/IMG_8084-scaled.jpg","width":2560,"height":2560},{"@type":"WebPage","@id":"https:\/\/www.mojamanufaktura.pl\/index.php\/produkt\/domek-lozeczko-dla-kroliczka-bezowy\/#webpage","url":"https:\/\/www.mojamanufaktura.pl\/index.php\/produkt\/domek-lozeczko-dla-kroliczka-bezowy\/","name":"Domek - \u0142\u00f3\u017ceczko dla kr\u00f3liczka be\u017cowy - Moja Manufaktura","isPartOf":{"@id":"https:\/\/www.mojamanufaktura.pl\/#website"},"primaryImageOfPage":{"@id":"https:\/\/www.mojamanufaktura.pl\/index.php\/produkt\/domek-lozeczko-dla-kroliczka-bezowy\/#primaryimage"},"datePublished":"2021-12-10T10:51:17+00:00","dateModified":"2022-05-18T08:56:12+00:00","breadcrumb":{"@id":"https:\/\/www.mojamanufaktura.pl\/index.php\/produkt\/domek-lozeczko-dla-kroliczka-bezowy\/#breadcrumb"},"inLanguage":"pl-PL","potentialAction":[{"@type":"ReadAction","target":["https:\/\/www.mojamanufaktura.pl\/index.php\/produkt\/domek-lozeczko-dla-kroliczka-bezowy\/"]}]},{"@type":"BreadcrumbList","@id":"https:\/\/www.mojamanufaktura.pl\/index.php\/produkt\/domek-lozeczko-dla-kroliczka-bezowy\/#breadcrumb","itemListElement":[{"@type":"ListItem","position":1,"name":"Strona g\u0142\u00f3wna","item":"https:\/\/www.mojamanufaktura.pl\/"},{"@type":"ListItem","position":2,"name":"Sklep","item":"https:\/\/www.mojamanufaktura.pl\/index.php\/sklep\/"},{"@type":"ListItem","position":3,"name":"Domek &#8211; \u0142\u00f3\u017ceczko dla kr\u00f3liczka be\u017cowy"}]}]}},"_links":{"self":[{"href":"https:\/\/www.mojamanufaktura.pl\/index.php\/wp-json\/wp\/v2\/product\/686","targetHints":{"allow":["GET"]}}],"collection":[{"href":"https:\/\/www.mojamanufaktura.pl\/index.php\/wp-json\/wp\/v2\/product"}],"about":[{"href":"https:\/\/www.mojamanufaktura.pl\/index.php\/wp-json\/wp\/v2\/types\/product"}],"replies":[{"embeddable":true,"href":"https:\/\/www.mojamanufaktura.pl\/index.php\/wp-json\/wp\/v2\/comments?post=686"}],"version-history":[{"count":3,"href":"https:\/\/www.mojamanufaktura.pl\/index.php\/wp-json\/wp\/v2\/product\/686\/revisions"}],"predecessor-version":[{"id":996,"href":"https:\/\/www.mojamanufaktura.pl\/index.php\/wp-json\/wp\/v2\/product\/686\/revisions\/996"}],"wp:featuredmedia":[{"embeddable":true,"href":"https:\/\/www.mojamanufaktura.pl\/index.php\/wp-json\/wp\/v2\/media\/687"}],"wp:attachment":[{"href":"https:\/\/www.mojamanufaktura.pl\/index.php\/wp-json\/wp\/v2\/media?parent=686"}],"wp:term":[{"taxonomy":"product_cat","embeddable":true,"href":"https:\/\/www.mojamanufaktura.pl\/index.php\/wp-json\/wp\/v2\/product_cat?post=686"},{"taxonomy":"product_tag","embeddable":true,"href":"https:\/\/www.mojamanufaktura.pl\/index.php\/wp-json\/wp\/v2\/product_tag?post=686"}],"curies":[{"name":"wp","href":"https:\/\/api.w.org\/{rel}","templated":true}]}}