{"id":606,"date":"2021-12-03T13:31:28","date_gmt":"2021-12-03T13:31:28","guid":{"rendered":"https:\/\/www.mojamanufaktura.pl\/?post_type=product&#038;p=606"},"modified":"2022-05-18T10:22:57","modified_gmt":"2022-05-18T10:22:57","slug":"sukienka-czerwona-ze-zlotymi-skrzydelkami","status":"publish","type":"product","link":"https:\/\/www.mojamanufaktura.pl\/index.php\/produkt\/sukienka-czerwona-ze-zlotymi-skrzydelkami\/","title":{"rendered":"Sukienka czerwona ze z\u0142otymi skrzyde\u0142kami"},"content":{"rendered":"<p><strong>Uszyta z polskiej dres\u00f3wki \u00a0sukienka w kszta\u0142cie litery A. <\/strong><\/p>\n<p><strong>Uroku dodaj\u0105 jej z\u0142ote anielskie skrzyde\u0142ka.<\/strong><\/p>\n<p><strong>Sukienka jest unikatowa i niesamowicie wygodna. \u00a0Uszyta z wysokogatunkowej dzianiny dresowej jest mi\u0119sista i elastyczna , zewn\u0119trzna strona materia\u0142u jest g\u0142adka, natomiast wewn\u0119trzna strona ma splot p\u0119telkowy, co sprawia, \u017ce dres\u00f3wka jest bardzo przyjemna w dotyku. Po praniu nie mechaci si\u0119 i nie traci koloru. <\/strong><\/p>\n<p><strong>Autorski projekt teamu Manufatury.<\/strong><\/p>\n<p><strong><br \/>\nMateria\u0142: \u00a0dzianina dresowa produkowana w Polsce.<\/strong><\/p>\n<p><strong>Pranie: w temp. 30 st. C na lewej stronie.<\/strong><\/p>\n<p>&nbsp;<\/p>\n<p>&nbsp;<\/p>\n","protected":false},"excerpt":{"rendered":"<p>Uszyta z polskiej dres\u00f3wki \u00a0sukienka w kszta\u0142cie litery A. Uroku dodaj\u0105 jej z\u0142ote anielskie skrzyde\u0142ka. Sukienka jest unikatowa i niesamowicie wygodna. \u00a0Uszyta z wysokogatunkowej dzianiny dresowej jest mi\u0119sista i elastyczna , zewn\u0119trzna strona materia\u0142u jest g\u0142adka, natomiast wewn\u0119trzna strona ma splot p\u0119telkowy, co sprawia, \u017ce dres\u00f3wka jest bardzo przyjemna w dotyku. Po praniu nie mechaci &hellip;<\/p>\n<p class=\"read-more\"> <a class=\"\" href=\"https:\/\/www.mojamanufaktura.pl\/index.php\/produkt\/sukienka-czerwona-ze-zlotymi-skrzydelkami\/\"> <span class=\"screen-reader-text\">Sukienka czerwona ze z\u0142otymi skrzyde\u0142kami<\/span> Read More \u00bb<\/a><\/p>\n","protected":false},"featured_media":636,"comment_status":"open","ping_status":"closed","template":"","meta":{"site-sidebar-layout":"default","site-content-layout":"default","ast-main-header-display":"","ast-hfb-above-header-display":"","ast-hfb-below-header-display":"","ast-hfb-mobile-header-display":"","site-post-title":"","ast-breadcrumbs-content":"","ast-featured-img":"","footer-sml-layout":"","theme-transparent-header-meta":"default","adv-header-id-meta":"","stick-header-meta":"default","header-above-stick-meta":"","header-main-stick-meta":"","header-below-stick-meta":"","spay_email":"","jetpack_publicize_message":"","jetpack_is_tweetstorm":false,"jetpack_publicize_feature_enabled":true},"product_cat":[26,29,57],"product_tag":[],"class_list":["post-606","product","type-product","status-publish","has-post-thumbnail","hentry","product_cat-do-ubrania","product_cat-manufaktura","product_cat-swiateczne","align-center","box-shadow-0","box-shadow-0-hover","ast-product-gallery-layout-horizontal","ast-product-tabs-layout-horizontal"],"yoast_head":"<!-- This site is optimized with the Yoast SEO plugin v18.8 - https:\/\/yoast.com\/wordpress\/plugins\/seo\/ -->\n<title>Sukienka czerwona ze z\u0142otymi skrzyde\u0142kami - Moja Manufaktura<\/title>\n<meta name=\"robots\" content=\"index, follow, max-snippet:-1, max-image-preview:large, max-video-preview:-1\" \/>\n<link rel=\"canonical\" href=\"https:\/\/www.mojamanufaktura.pl\/index.php\/produkt\/sukienka-czerwona-ze-zlotymi-skrzydelkami\/\" \/>\n<meta property=\"og:locale\" content=\"pl_PL\" \/>\n<meta property=\"og:type\" content=\"article\" \/>\n<meta property=\"og:title\" content=\"Sukienka czerwona ze z\u0142otymi skrzyde\u0142kami - Moja Manufaktura\" \/>\n<meta property=\"og:description\" content=\"Uszyta z polskiej dres\u00f3wki \u00a0sukienka w kszta\u0142cie litery A. Uroku dodaj\u0105 jej z\u0142ote anielskie skrzyde\u0142ka. Sukienka jest unikatowa i niesamowicie wygodna. \u00a0Uszyta z wysokogatunkowej dzianiny dresowej jest mi\u0119sista i elastyczna , zewn\u0119trzna strona materia\u0142u jest g\u0142adka, natomiast wewn\u0119trzna strona ma splot p\u0119telkowy, co sprawia, \u017ce dres\u00f3wka jest bardzo przyjemna w dotyku. Po praniu nie mechaci &hellip; Sukienka czerwona ze z\u0142otymi skrzyde\u0142kami Read More \u00bb\" \/>\n<meta property=\"og:url\" content=\"https:\/\/www.mojamanufaktura.pl\/index.php\/produkt\/sukienka-czerwona-ze-zlotymi-skrzydelkami\/\" \/>\n<meta property=\"og:site_name\" content=\"Moja Manufaktura\" \/>\n<meta property=\"article:modified_time\" content=\"2022-05-18T10:22:57+00:00\" \/>\n<meta property=\"og:image\" content=\"https:\/\/www.mojamanufaktura.pl\/wp-content\/uploads\/2021\/12\/IMG_9360-scaled.jpg\" \/>\n\t<meta property=\"og:image:width\" content=\"2560\" \/>\n\t<meta property=\"og:image:height\" content=\"2560\" \/>\n\t<meta property=\"og:image:type\" content=\"image\/jpeg\" \/>\n<meta name=\"twitter:card\" content=\"summary_large_image\" \/>\n<meta name=\"twitter:label1\" content=\"Szacowany czas czytania\" \/>\n\t<meta name=\"twitter:data1\" content=\"1 minuta\" \/>\n<script type=\"application\/ld+json\" class=\"yoast-schema-graph\">{\"@context\":\"https:\/\/schema.org\",\"@graph\":[{\"@type\":\"WebSite\",\"@id\":\"https:\/\/www.mojamanufaktura.pl\/#website\",\"url\":\"https:\/\/www.mojamanufaktura.pl\/\",\"name\":\"Moja Manufaktura\",\"description\":\"\",\"potentialAction\":[{\"@type\":\"SearchAction\",\"target\":{\"@type\":\"EntryPoint\",\"urlTemplate\":\"https:\/\/www.mojamanufaktura.pl\/?s={search_term_string}\"},\"query-input\":\"required name=search_term_string\"}],\"inLanguage\":\"pl-PL\"},{\"@type\":\"ImageObject\",\"inLanguage\":\"pl-PL\",\"@id\":\"https:\/\/www.mojamanufaktura.pl\/index.php\/produkt\/sukienka-czerwona-ze-zlotymi-skrzydelkami\/#primaryimage\",\"url\":\"https:\/\/www.mojamanufaktura.pl\/wp-content\/uploads\/2021\/12\/IMG_9360-scaled.jpg\",\"contentUrl\":\"https:\/\/www.mojamanufaktura.pl\/wp-content\/uploads\/2021\/12\/IMG_9360-scaled.jpg\",\"width\":2560,\"height\":2560},{\"@type\":\"WebPage\",\"@id\":\"https:\/\/www.mojamanufaktura.pl\/index.php\/produkt\/sukienka-czerwona-ze-zlotymi-skrzydelkami\/#webpage\",\"url\":\"https:\/\/www.mojamanufaktura.pl\/index.php\/produkt\/sukienka-czerwona-ze-zlotymi-skrzydelkami\/\",\"name\":\"Sukienka czerwona ze z\u0142otymi skrzyde\u0142kami - Moja Manufaktura\",\"isPartOf\":{\"@id\":\"https:\/\/www.mojamanufaktura.pl\/#website\"},\"primaryImageOfPage\":{\"@id\":\"https:\/\/www.mojamanufaktura.pl\/index.php\/produkt\/sukienka-czerwona-ze-zlotymi-skrzydelkami\/#primaryimage\"},\"datePublished\":\"2021-12-03T13:31:28+00:00\",\"dateModified\":\"2022-05-18T10:22:57+00:00\",\"breadcrumb\":{\"@id\":\"https:\/\/www.mojamanufaktura.pl\/index.php\/produkt\/sukienka-czerwona-ze-zlotymi-skrzydelkami\/#breadcrumb\"},\"inLanguage\":\"pl-PL\",\"potentialAction\":[{\"@type\":\"ReadAction\",\"target\":[\"https:\/\/www.mojamanufaktura.pl\/index.php\/produkt\/sukienka-czerwona-ze-zlotymi-skrzydelkami\/\"]}]},{\"@type\":\"BreadcrumbList\",\"@id\":\"https:\/\/www.mojamanufaktura.pl\/index.php\/produkt\/sukienka-czerwona-ze-zlotymi-skrzydelkami\/#breadcrumb\",\"itemListElement\":[{\"@type\":\"ListItem\",\"position\":1,\"name\":\"Strona g\u0142\u00f3wna\",\"item\":\"https:\/\/www.mojamanufaktura.pl\/\"},{\"@type\":\"ListItem\",\"position\":2,\"name\":\"Sklep\",\"item\":\"https:\/\/www.mojamanufaktura.pl\/index.php\/sklep\/\"},{\"@type\":\"ListItem\",\"position\":3,\"name\":\"Sukienka czerwona ze z\u0142otymi skrzyde\u0142kami\"}]}]}<\/script>\n<!-- \/ Yoast SEO plugin. -->","yoast_head_json":{"title":"Sukienka czerwona ze z\u0142otymi skrzyde\u0142kami - Moja Manufaktura","robots":{"index":"index","follow":"follow","max-snippet":"max-snippet:-1","max-image-preview":"max-image-preview:large","max-video-preview":"max-video-preview:-1"},"canonical":"https:\/\/www.mojamanufaktura.pl\/index.php\/produkt\/sukienka-czerwona-ze-zlotymi-skrzydelkami\/","og_locale":"pl_PL","og_type":"article","og_title":"Sukienka czerwona ze z\u0142otymi skrzyde\u0142kami - Moja Manufaktura","og_description":"Uszyta z polskiej dres\u00f3wki \u00a0sukienka w kszta\u0142cie litery A. Uroku dodaj\u0105 jej z\u0142ote anielskie skrzyde\u0142ka. Sukienka jest unikatowa i niesamowicie wygodna. \u00a0Uszyta z wysokogatunkowej dzianiny dresowej jest mi\u0119sista i elastyczna , zewn\u0119trzna strona materia\u0142u jest g\u0142adka, natomiast wewn\u0119trzna strona ma splot p\u0119telkowy, co sprawia, \u017ce dres\u00f3wka jest bardzo przyjemna w dotyku. Po praniu nie mechaci &hellip; Sukienka czerwona ze z\u0142otymi skrzyde\u0142kami Read More \u00bb","og_url":"https:\/\/www.mojamanufaktura.pl\/index.php\/produkt\/sukienka-czerwona-ze-zlotymi-skrzydelkami\/","og_site_name":"Moja Manufaktura","article_modified_time":"2022-05-18T10:22:57+00:00","og_image":[{"width":2560,"height":2560,"url":"https:\/\/www.mojamanufaktura.pl\/wp-content\/uploads\/2021\/12\/IMG_9360-scaled.jpg","type":"image\/jpeg"}],"twitter_card":"summary_large_image","twitter_misc":{"Szacowany czas czytania":"1 minuta"},"schema":{"@context":"https:\/\/schema.org","@graph":[{"@type":"WebSite","@id":"https:\/\/www.mojamanufaktura.pl\/#website","url":"https:\/\/www.mojamanufaktura.pl\/","name":"Moja Manufaktura","description":"","potentialAction":[{"@type":"SearchAction","target":{"@type":"EntryPoint","urlTemplate":"https:\/\/www.mojamanufaktura.pl\/?s={search_term_string}"},"query-input":"required name=search_term_string"}],"inLanguage":"pl-PL"},{"@type":"ImageObject","inLanguage":"pl-PL","@id":"https:\/\/www.mojamanufaktura.pl\/index.php\/produkt\/sukienka-czerwona-ze-zlotymi-skrzydelkami\/#primaryimage","url":"https:\/\/www.mojamanufaktura.pl\/wp-content\/uploads\/2021\/12\/IMG_9360-scaled.jpg","contentUrl":"https:\/\/www.mojamanufaktura.pl\/wp-content\/uploads\/2021\/12\/IMG_9360-scaled.jpg","width":2560,"height":2560},{"@type":"WebPage","@id":"https:\/\/www.mojamanufaktura.pl\/index.php\/produkt\/sukienka-czerwona-ze-zlotymi-skrzydelkami\/#webpage","url":"https:\/\/www.mojamanufaktura.pl\/index.php\/produkt\/sukienka-czerwona-ze-zlotymi-skrzydelkami\/","name":"Sukienka czerwona ze z\u0142otymi skrzyde\u0142kami - Moja Manufaktura","isPartOf":{"@id":"https:\/\/www.mojamanufaktura.pl\/#website"},"primaryImageOfPage":{"@id":"https:\/\/www.mojamanufaktura.pl\/index.php\/produkt\/sukienka-czerwona-ze-zlotymi-skrzydelkami\/#primaryimage"},"datePublished":"2021-12-03T13:31:28+00:00","dateModified":"2022-05-18T10:22:57+00:00","breadcrumb":{"@id":"https:\/\/www.mojamanufaktura.pl\/index.php\/produkt\/sukienka-czerwona-ze-zlotymi-skrzydelkami\/#breadcrumb"},"inLanguage":"pl-PL","potentialAction":[{"@type":"ReadAction","target":["https:\/\/www.mojamanufaktura.pl\/index.php\/produkt\/sukienka-czerwona-ze-zlotymi-skrzydelkami\/"]}]},{"@type":"BreadcrumbList","@id":"https:\/\/www.mojamanufaktura.pl\/index.php\/produkt\/sukienka-czerwona-ze-zlotymi-skrzydelkami\/#breadcrumb","itemListElement":[{"@type":"ListItem","position":1,"name":"Strona g\u0142\u00f3wna","item":"https:\/\/www.mojamanufaktura.pl\/"},{"@type":"ListItem","position":2,"name":"Sklep","item":"https:\/\/www.mojamanufaktura.pl\/index.php\/sklep\/"},{"@type":"ListItem","position":3,"name":"Sukienka czerwona ze z\u0142otymi skrzyde\u0142kami"}]}]}},"_links":{"self":[{"href":"https:\/\/www.mojamanufaktura.pl\/index.php\/wp-json\/wp\/v2\/product\/606","targetHints":{"allow":["GET"]}}],"collection":[{"href":"https:\/\/www.mojamanufaktura.pl\/index.php\/wp-json\/wp\/v2\/product"}],"about":[{"href":"https:\/\/www.mojamanufaktura.pl\/index.php\/wp-json\/wp\/v2\/types\/product"}],"replies":[{"embeddable":true,"href":"https:\/\/www.mojamanufaktura.pl\/index.php\/wp-json\/wp\/v2\/comments?post=606"}],"version-history":[{"count":1,"href":"https:\/\/www.mojamanufaktura.pl\/index.php\/wp-json\/wp\/v2\/product\/606\/revisions"}],"predecessor-version":[{"id":1968,"href":"https:\/\/www.mojamanufaktura.pl\/index.php\/wp-json\/wp\/v2\/product\/606\/revisions\/1968"}],"wp:featuredmedia":[{"embeddable":true,"href":"https:\/\/www.mojamanufaktura.pl\/index.php\/wp-json\/wp\/v2\/media\/636"}],"wp:attachment":[{"href":"https:\/\/www.mojamanufaktura.pl\/index.php\/wp-json\/wp\/v2\/media?parent=606"}],"wp:term":[{"taxonomy":"product_cat","embeddable":true,"href":"https:\/\/www.mojamanufaktura.pl\/index.php\/wp-json\/wp\/v2\/product_cat?post=606"},{"taxonomy":"product_tag","embeddable":true,"href":"https:\/\/www.mojamanufaktura.pl\/index.php\/wp-json\/wp\/v2\/product_tag?post=606"}],"curies":[{"name":"wp","href":"https:\/\/api.w.org\/{rel}","templated":true}]}}