{"id":277,"date":"2021-11-19T19:45:02","date_gmt":"2021-11-19T19:45:02","guid":{"rendered":"https:\/\/www.mojamanufaktura.pl\/?post_type=product&#038;p=277"},"modified":"2022-05-18T10:24:54","modified_gmt":"2022-05-18T10:24:54","slug":"uszaty-krolik-6","status":"publish","type":"product","link":"https:\/\/www.mojamanufaktura.pl\/index.php\/produkt\/uszaty-krolik-6\/","title":{"rendered":"Uszaty Kr\u00f3lik be\u017cowy"},"content":{"rendered":"<p>Uszaty Kr\u00f3lik zachwyca mi\u0119kko\u015bci\u0105 i wielgachnymi uszami. Wydziergany z wysokogatunkowej w\u0142\u00f3czki bawe\u0142nianej b\u0119dzie\u00a0 wyj\u0105tkow\u0105 maskotk\u0105 i ozdob\u0105 pokoju maluszka.<\/p>\n<p>Dziergany Kr\u00f3lik zapakowany jest w firmowe @nanu pude\u0142ko \u2013 dzi\u0119ki czemu idealnie nadaje si\u0119 na prezent.<\/p>\n<p>Autorski projekt teamu Manufaktury.<\/p>\n<p>Materia\u0142: bawe\u0142na, kulka silikonowa.<\/p>\n<p>Pranie: w temp. 30 st.C<\/p>\n<p>WYMIARY:\u00a0 24 cm<\/p>\n","protected":false},"excerpt":{"rendered":"<p>Uszaty Kr\u00f3lik zachwyca mi\u0119kko\u015bci\u0105 i wielgachnymi uszami. Wydziergany z wysokogatunkowej w\u0142\u00f3czki bawe\u0142nianej b\u0119dzie\u00a0 wyj\u0105tkow\u0105 maskotk\u0105 i ozdob\u0105 pokoju maluszka. Dziergany Kr\u00f3lik zapakowany jest w firmowe @nanu pude\u0142ko \u2013 dzi\u0119ki czemu idealnie nadaje si\u0119 na prezent. Autorski projekt teamu Manufaktury. Materia\u0142: bawe\u0142na, kulka silikonowa. Pranie: w temp. 30 st.C WYMIARY:\u00a0 24 cm<\/p>\n","protected":false},"featured_media":274,"comment_status":"open","ping_status":"closed","template":"","meta":{"site-sidebar-layout":"default","site-content-layout":"default","ast-main-header-display":"","ast-hfb-above-header-display":"","ast-hfb-below-header-display":"","ast-hfb-mobile-header-display":"","site-post-title":"","ast-breadcrumbs-content":"","ast-featured-img":"","footer-sml-layout":"","theme-transparent-header-meta":"default","adv-header-id-meta":"","stick-header-meta":"default","header-above-stick-meta":"","header-main-stick-meta":"","header-below-stick-meta":"","spay_email":"","jetpack_publicize_message":"","jetpack_is_tweetstorm":false,"jetpack_publicize_feature_enabled":true},"product_cat":[23,28],"product_tag":[],"class_list":["post-277","product","type-product","status-publish","has-post-thumbnail","hentry","product_cat-do-tulenia","product_cat-nanu","align-center","box-shadow-0","box-shadow-0-hover","ast-product-gallery-layout-horizontal","ast-product-gallery-with-no-image","ast-product-tabs-layout-horizontal"],"yoast_head":"<!-- This site is optimized with the Yoast SEO plugin v18.8 - https:\/\/yoast.com\/wordpress\/plugins\/seo\/ -->\n<title>Uszaty Kr\u00f3lik be\u017cowy - Moja Manufaktura<\/title>\n<meta name=\"robots\" content=\"index, follow, max-snippet:-1, max-image-preview:large, max-video-preview:-1\" \/>\n<link rel=\"canonical\" href=\"https:\/\/www.mojamanufaktura.pl\/index.php\/produkt\/uszaty-krolik-6\/\" \/>\n<meta property=\"og:locale\" content=\"pl_PL\" \/>\n<meta property=\"og:type\" content=\"article\" \/>\n<meta property=\"og:title\" content=\"Uszaty Kr\u00f3lik be\u017cowy - Moja Manufaktura\" \/>\n<meta property=\"og:description\" content=\"Uszaty Kr\u00f3lik zachwyca mi\u0119kko\u015bci\u0105 i wielgachnymi uszami. Wydziergany z wysokogatunkowej w\u0142\u00f3czki bawe\u0142nianej b\u0119dzie\u00a0 wyj\u0105tkow\u0105 maskotk\u0105 i ozdob\u0105 pokoju maluszka. Dziergany Kr\u00f3lik zapakowany jest w firmowe @nanu pude\u0142ko \u2013 dzi\u0119ki czemu idealnie nadaje si\u0119 na prezent. Autorski projekt teamu Manufaktury. Materia\u0142: bawe\u0142na, kulka silikonowa. Pranie: w temp. 30 st.C WYMIARY:\u00a0 24 cm\" \/>\n<meta property=\"og:url\" content=\"https:\/\/www.mojamanufaktura.pl\/index.php\/produkt\/uszaty-krolik-6\/\" \/>\n<meta property=\"og:site_name\" content=\"Moja Manufaktura\" \/>\n<meta property=\"article:modified_time\" content=\"2022-05-18T10:24:54+00:00\" \/>\n<meta property=\"og:image\" content=\"https:\/\/www.mojamanufaktura.pl\/wp-content\/uploads\/2021\/11\/IMG_8684-scaled.jpg\" \/>\n\t<meta property=\"og:image:width\" content=\"2558\" \/>\n\t<meta property=\"og:image:height\" content=\"2560\" \/>\n\t<meta property=\"og:image:type\" content=\"image\/jpeg\" \/>\n<meta name=\"twitter:card\" content=\"summary_large_image\" \/>\n<script type=\"application\/ld+json\" class=\"yoast-schema-graph\">{\"@context\":\"https:\/\/schema.org\",\"@graph\":[{\"@type\":\"WebSite\",\"@id\":\"https:\/\/www.mojamanufaktura.pl\/#website\",\"url\":\"https:\/\/www.mojamanufaktura.pl\/\",\"name\":\"Moja Manufaktura\",\"description\":\"\",\"potentialAction\":[{\"@type\":\"SearchAction\",\"target\":{\"@type\":\"EntryPoint\",\"urlTemplate\":\"https:\/\/www.mojamanufaktura.pl\/?s={search_term_string}\"},\"query-input\":\"required name=search_term_string\"}],\"inLanguage\":\"pl-PL\"},{\"@type\":\"ImageObject\",\"inLanguage\":\"pl-PL\",\"@id\":\"https:\/\/www.mojamanufaktura.pl\/index.php\/produkt\/uszaty-krolik-6\/#primaryimage\",\"url\":\"https:\/\/www.mojamanufaktura.pl\/wp-content\/uploads\/2021\/11\/IMG_8684-scaled.jpg\",\"contentUrl\":\"https:\/\/www.mojamanufaktura.pl\/wp-content\/uploads\/2021\/11\/IMG_8684-scaled.jpg\",\"width\":2558,\"height\":2560},{\"@type\":\"WebPage\",\"@id\":\"https:\/\/www.mojamanufaktura.pl\/index.php\/produkt\/uszaty-krolik-6\/#webpage\",\"url\":\"https:\/\/www.mojamanufaktura.pl\/index.php\/produkt\/uszaty-krolik-6\/\",\"name\":\"Uszaty Kr\u00f3lik be\u017cowy - Moja Manufaktura\",\"isPartOf\":{\"@id\":\"https:\/\/www.mojamanufaktura.pl\/#website\"},\"primaryImageOfPage\":{\"@id\":\"https:\/\/www.mojamanufaktura.pl\/index.php\/produkt\/uszaty-krolik-6\/#primaryimage\"},\"datePublished\":\"2021-11-19T19:45:02+00:00\",\"dateModified\":\"2022-05-18T10:24:54+00:00\",\"breadcrumb\":{\"@id\":\"https:\/\/www.mojamanufaktura.pl\/index.php\/produkt\/uszaty-krolik-6\/#breadcrumb\"},\"inLanguage\":\"pl-PL\",\"potentialAction\":[{\"@type\":\"ReadAction\",\"target\":[\"https:\/\/www.mojamanufaktura.pl\/index.php\/produkt\/uszaty-krolik-6\/\"]}]},{\"@type\":\"BreadcrumbList\",\"@id\":\"https:\/\/www.mojamanufaktura.pl\/index.php\/produkt\/uszaty-krolik-6\/#breadcrumb\",\"itemListElement\":[{\"@type\":\"ListItem\",\"position\":1,\"name\":\"Strona g\u0142\u00f3wna\",\"item\":\"https:\/\/www.mojamanufaktura.pl\/\"},{\"@type\":\"ListItem\",\"position\":2,\"name\":\"Sklep\",\"item\":\"https:\/\/www.mojamanufaktura.pl\/index.php\/sklep\/\"},{\"@type\":\"ListItem\",\"position\":3,\"name\":\"Uszaty Kr\u00f3lik be\u017cowy\"}]}]}<\/script>\n<!-- \/ Yoast SEO plugin. -->","yoast_head_json":{"title":"Uszaty Kr\u00f3lik be\u017cowy - Moja Manufaktura","robots":{"index":"index","follow":"follow","max-snippet":"max-snippet:-1","max-image-preview":"max-image-preview:large","max-video-preview":"max-video-preview:-1"},"canonical":"https:\/\/www.mojamanufaktura.pl\/index.php\/produkt\/uszaty-krolik-6\/","og_locale":"pl_PL","og_type":"article","og_title":"Uszaty Kr\u00f3lik be\u017cowy - Moja Manufaktura","og_description":"Uszaty Kr\u00f3lik zachwyca mi\u0119kko\u015bci\u0105 i wielgachnymi uszami. Wydziergany z wysokogatunkowej w\u0142\u00f3czki bawe\u0142nianej b\u0119dzie\u00a0 wyj\u0105tkow\u0105 maskotk\u0105 i ozdob\u0105 pokoju maluszka. Dziergany Kr\u00f3lik zapakowany jest w firmowe @nanu pude\u0142ko \u2013 dzi\u0119ki czemu idealnie nadaje si\u0119 na prezent. Autorski projekt teamu Manufaktury. Materia\u0142: bawe\u0142na, kulka silikonowa. Pranie: w temp. 30 st.C WYMIARY:\u00a0 24 cm","og_url":"https:\/\/www.mojamanufaktura.pl\/index.php\/produkt\/uszaty-krolik-6\/","og_site_name":"Moja Manufaktura","article_modified_time":"2022-05-18T10:24:54+00:00","og_image":[{"width":2558,"height":2560,"url":"https:\/\/www.mojamanufaktura.pl\/wp-content\/uploads\/2021\/11\/IMG_8684-scaled.jpg","type":"image\/jpeg"}],"twitter_card":"summary_large_image","schema":{"@context":"https:\/\/schema.org","@graph":[{"@type":"WebSite","@id":"https:\/\/www.mojamanufaktura.pl\/#website","url":"https:\/\/www.mojamanufaktura.pl\/","name":"Moja Manufaktura","description":"","potentialAction":[{"@type":"SearchAction","target":{"@type":"EntryPoint","urlTemplate":"https:\/\/www.mojamanufaktura.pl\/?s={search_term_string}"},"query-input":"required name=search_term_string"}],"inLanguage":"pl-PL"},{"@type":"ImageObject","inLanguage":"pl-PL","@id":"https:\/\/www.mojamanufaktura.pl\/index.php\/produkt\/uszaty-krolik-6\/#primaryimage","url":"https:\/\/www.mojamanufaktura.pl\/wp-content\/uploads\/2021\/11\/IMG_8684-scaled.jpg","contentUrl":"https:\/\/www.mojamanufaktura.pl\/wp-content\/uploads\/2021\/11\/IMG_8684-scaled.jpg","width":2558,"height":2560},{"@type":"WebPage","@id":"https:\/\/www.mojamanufaktura.pl\/index.php\/produkt\/uszaty-krolik-6\/#webpage","url":"https:\/\/www.mojamanufaktura.pl\/index.php\/produkt\/uszaty-krolik-6\/","name":"Uszaty Kr\u00f3lik be\u017cowy - Moja Manufaktura","isPartOf":{"@id":"https:\/\/www.mojamanufaktura.pl\/#website"},"primaryImageOfPage":{"@id":"https:\/\/www.mojamanufaktura.pl\/index.php\/produkt\/uszaty-krolik-6\/#primaryimage"},"datePublished":"2021-11-19T19:45:02+00:00","dateModified":"2022-05-18T10:24:54+00:00","breadcrumb":{"@id":"https:\/\/www.mojamanufaktura.pl\/index.php\/produkt\/uszaty-krolik-6\/#breadcrumb"},"inLanguage":"pl-PL","potentialAction":[{"@type":"ReadAction","target":["https:\/\/www.mojamanufaktura.pl\/index.php\/produkt\/uszaty-krolik-6\/"]}]},{"@type":"BreadcrumbList","@id":"https:\/\/www.mojamanufaktura.pl\/index.php\/produkt\/uszaty-krolik-6\/#breadcrumb","itemListElement":[{"@type":"ListItem","position":1,"name":"Strona g\u0142\u00f3wna","item":"https:\/\/www.mojamanufaktura.pl\/"},{"@type":"ListItem","position":2,"name":"Sklep","item":"https:\/\/www.mojamanufaktura.pl\/index.php\/sklep\/"},{"@type":"ListItem","position":3,"name":"Uszaty Kr\u00f3lik be\u017cowy"}]}]}},"_links":{"self":[{"href":"https:\/\/www.mojamanufaktura.pl\/index.php\/wp-json\/wp\/v2\/product\/277","targetHints":{"allow":["GET"]}}],"collection":[{"href":"https:\/\/www.mojamanufaktura.pl\/index.php\/wp-json\/wp\/v2\/product"}],"about":[{"href":"https:\/\/www.mojamanufaktura.pl\/index.php\/wp-json\/wp\/v2\/types\/product"}],"replies":[{"embeddable":true,"href":"https:\/\/www.mojamanufaktura.pl\/index.php\/wp-json\/wp\/v2\/comments?post=277"}],"version-history":[{"count":1,"href":"https:\/\/www.mojamanufaktura.pl\/index.php\/wp-json\/wp\/v2\/product\/277\/revisions"}],"predecessor-version":[{"id":1969,"href":"https:\/\/www.mojamanufaktura.pl\/index.php\/wp-json\/wp\/v2\/product\/277\/revisions\/1969"}],"wp:featuredmedia":[{"embeddable":true,"href":"https:\/\/www.mojamanufaktura.pl\/index.php\/wp-json\/wp\/v2\/media\/274"}],"wp:attachment":[{"href":"https:\/\/www.mojamanufaktura.pl\/index.php\/wp-json\/wp\/v2\/media?parent=277"}],"wp:term":[{"taxonomy":"product_cat","embeddable":true,"href":"https:\/\/www.mojamanufaktura.pl\/index.php\/wp-json\/wp\/v2\/product_cat?post=277"},{"taxonomy":"product_tag","embeddable":true,"href":"https:\/\/www.mojamanufaktura.pl\/index.php\/wp-json\/wp\/v2\/product_tag?post=277"}],"curies":[{"name":"wp","href":"https:\/\/api.w.org\/{rel}","templated":true}]}}