{"id":258,"date":"2021-11-19T11:39:48","date_gmt":"2021-11-19T11:39:48","guid":{"rendered":"https:\/\/www.mojamanufaktura.pl\/?post_type=product&#038;p=258"},"modified":"2022-05-18T10:28:44","modified_gmt":"2022-05-18T10:28:44","slug":"zwierzatko-do-tulenia-2","status":"publish","type":"product","link":"https:\/\/www.mojamanufaktura.pl\/index.php\/produkt\/zwierzatko-do-tulenia-2\/","title":{"rendered":"Zwierz\u0105tko do Tulenia jasnor\u00f3\u017cowe"},"content":{"rendered":"\t\t<div data-elementor-type=\"product-post\" data-elementor-id=\"258\" class=\"elementor elementor-258\">\n\t\t\t\t\t\t\t\t\t<section class=\"elementor-section elementor-top-section elementor-element elementor-element-3332b73b elementor-section-boxed elementor-section-height-default elementor-section-height-default\" data-id=\"3332b73b\" data-element_type=\"section\">\n\t\t\t\t\t\t<div class=\"elementor-container elementor-column-gap-default\">\n\t\t\t\t\t<div class=\"elementor-column elementor-col-100 elementor-top-column elementor-element elementor-element-7ecccde3\" data-id=\"7ecccde3\" data-element_type=\"column\">\n\t\t\t<div class=\"elementor-widget-wrap elementor-element-populated\">\n\t\t\t\t\t\t\t\t<div class=\"elementor-element elementor-element-7ab87ef3 elementor-widget elementor-widget-text-editor\" data-id=\"7ab87ef3\" data-element_type=\"widget\" data-widget_type=\"text-editor.default\">\n\t\t\t\t<div class=\"elementor-widget-container\">\n\t\t\t<style>\/*! elementor - v3.6.5 - 27-04-2022 *\/\n.elementor-widget-text-editor.elementor-drop-cap-view-stacked .elementor-drop-cap{background-color:#818a91;color:#fff}.elementor-widget-text-editor.elementor-drop-cap-view-framed .elementor-drop-cap{color:#818a91;border:3px solid;background-color:transparent}.elementor-widget-text-editor:not(.elementor-drop-cap-view-default) .elementor-drop-cap{margin-top:8px}.elementor-widget-text-editor:not(.elementor-drop-cap-view-default) .elementor-drop-cap-letter{width:1em;height:1em}.elementor-widget-text-editor .elementor-drop-cap{float:left;text-align:center;line-height:1;font-size:50px}.elementor-widget-text-editor .elementor-drop-cap-letter{display:inline-block}<\/style>\t\t\t\t<h6>To nasz specjalna propozycja dla\u00a0 maluszk\u00f3w \u2013 kocyk-uspokajacz do tulenia. Wydziergany z w\u0142\u00f3czki Kr\u00f3lik ukoi smuteczki, pomo\u017ce zasn\u0105\u0107, a do tego b\u0119dzie pi\u0119knym elementem dzieci\u0119cej wyprawki. Delikatne kolory, wysoka jako\u015b\u0107 u\u017cytych surowc\u00f3w i mistrzowskie wykonanie.<br \/>Zwierz\u0105tko do Tulenia zapakowane jest w firmowe @nanu pude\u0142ko \u2013 dzi\u0119ki czemu idealnie nadaje si\u0119 na prezent.<br \/>Autorski projekt teamu Manufaktury.<br \/>Materia\u0142: akryl, kulka silikonowa.<br \/>Pranie: w temp. 30 st.C<br \/>WYMIARY:\u00a0 22 cm<\/h6>\t\t\t\t\t\t<\/div>\n\t\t\t\t<\/div>\n\t\t\t\t\t<\/div>\n\t\t<\/div>\n\t\t\t\t\t\t\t<\/div>\n\t\t<\/section>\n\t\t\t\t\t\t\t<\/div>\n\t\t","protected":false},"excerpt":{"rendered":"<p>To nasz specjalna propozycja dla\u00a0 maluszk\u00f3w \u2013 kocyk-uspokajacz do tulenia. Wydziergany z w\u0142\u00f3czki Kr\u00f3lik ukoi smuteczki, pomo\u017ce zasn\u0105\u0107, a do tego b\u0119dzie pi\u0119knym elementem dzieci\u0119cej wyprawki. Delikatne kolory, wysoka jako\u015b\u0107 u\u017cytych surowc\u00f3w i mistrzowskie wykonanie. Zwierz\u0105tko do Tulenia zapakowane jest w firmowe @nanu pude\u0142ko \u2013 dzi\u0119ki czemu idealnie nadaje si\u0119 na prezent. Autorski projekt teamu &hellip;<\/p>\n<p class=\"read-more\"> <a class=\"\" href=\"https:\/\/www.mojamanufaktura.pl\/index.php\/produkt\/zwierzatko-do-tulenia-2\/\"> <span class=\"screen-reader-text\">Zwierz\u0105tko do Tulenia jasnor\u00f3\u017cowe<\/span> Read More \u00bb<\/a><\/p>\n","protected":false},"featured_media":107,"comment_status":"open","ping_status":"closed","template":"","meta":{"site-sidebar-layout":"default","site-content-layout":"default","ast-main-header-display":"","ast-hfb-above-header-display":"","ast-hfb-below-header-display":"","ast-hfb-mobile-header-display":"","site-post-title":"","ast-breadcrumbs-content":"","ast-featured-img":"","footer-sml-layout":"","theme-transparent-header-meta":"default","adv-header-id-meta":"","stick-header-meta":"default","header-above-stick-meta":"","header-main-stick-meta":"","header-below-stick-meta":"","spay_email":"","jetpack_publicize_message":"","jetpack_is_tweetstorm":false,"jetpack_publicize_feature_enabled":true},"product_cat":[23,28],"product_tag":[],"class_list":["post-258","product","type-product","status-publish","has-post-thumbnail","hentry","product_cat-do-tulenia","product_cat-nanu","align-center","box-shadow-0","box-shadow-0-hover","ast-product-gallery-layout-horizontal","ast-product-gallery-with-no-image","ast-product-tabs-layout-horizontal"],"yoast_head":"<!-- This site is optimized with the Yoast SEO plugin v18.8 - https:\/\/yoast.com\/wordpress\/plugins\/seo\/ -->\n<title>Zwierz\u0105tko do Tulenia jasnor\u00f3\u017cowe - Moja Manufaktura<\/title>\n<meta name=\"robots\" content=\"index, follow, max-snippet:-1, max-image-preview:large, max-video-preview:-1\" \/>\n<link rel=\"canonical\" href=\"https:\/\/www.mojamanufaktura.pl\/index.php\/produkt\/zwierzatko-do-tulenia-2\/\" \/>\n<meta property=\"og:locale\" content=\"pl_PL\" \/>\n<meta property=\"og:type\" content=\"article\" \/>\n<meta property=\"og:title\" content=\"Zwierz\u0105tko do Tulenia jasnor\u00f3\u017cowe - Moja Manufaktura\" \/>\n<meta property=\"og:description\" content=\"To nasz specjalna propozycja dla\u00a0 maluszk\u00f3w \u2013 kocyk-uspokajacz do tulenia. Wydziergany z w\u0142\u00f3czki Kr\u00f3lik ukoi smuteczki, pomo\u017ce zasn\u0105\u0107, a do tego b\u0119dzie pi\u0119knym elementem dzieci\u0119cej wyprawki. Delikatne kolory, wysoka jako\u015b\u0107 u\u017cytych surowc\u00f3w i mistrzowskie wykonanie. Zwierz\u0105tko do Tulenia zapakowane jest w firmowe @nanu pude\u0142ko \u2013 dzi\u0119ki czemu idealnie nadaje si\u0119 na prezent. Autorski projekt teamu &hellip; Zwierz\u0105tko do Tulenia jasnor\u00f3\u017cowe Read More \u00bb\" \/>\n<meta property=\"og:url\" content=\"https:\/\/www.mojamanufaktura.pl\/index.php\/produkt\/zwierzatko-do-tulenia-2\/\" \/>\n<meta property=\"og:site_name\" content=\"Moja Manufaktura\" \/>\n<meta property=\"article:modified_time\" content=\"2022-05-18T10:28:44+00:00\" \/>\n<meta property=\"og:image\" content=\"https:\/\/www.mojamanufaktura.pl\/wp-content\/uploads\/2021\/11\/krolik-do-tulenia-Nanu2.jpeg\" \/>\n\t<meta property=\"og:image:width\" content=\"1600\" \/>\n\t<meta property=\"og:image:height\" content=\"1200\" \/>\n\t<meta property=\"og:image:type\" content=\"image\/jpeg\" \/>\n<meta name=\"twitter:card\" content=\"summary_large_image\" \/>\n<script type=\"application\/ld+json\" class=\"yoast-schema-graph\">{\"@context\":\"https:\/\/schema.org\",\"@graph\":[{\"@type\":\"WebSite\",\"@id\":\"https:\/\/www.mojamanufaktura.pl\/#website\",\"url\":\"https:\/\/www.mojamanufaktura.pl\/\",\"name\":\"Moja Manufaktura\",\"description\":\"\",\"potentialAction\":[{\"@type\":\"SearchAction\",\"target\":{\"@type\":\"EntryPoint\",\"urlTemplate\":\"https:\/\/www.mojamanufaktura.pl\/?s={search_term_string}\"},\"query-input\":\"required name=search_term_string\"}],\"inLanguage\":\"pl-PL\"},{\"@type\":\"ImageObject\",\"inLanguage\":\"pl-PL\",\"@id\":\"https:\/\/www.mojamanufaktura.pl\/index.php\/produkt\/zwierzatko-do-tulenia-2\/#primaryimage\",\"url\":\"https:\/\/www.mojamanufaktura.pl\/wp-content\/uploads\/2021\/11\/krolik-do-tulenia-Nanu2.jpeg\",\"contentUrl\":\"https:\/\/www.mojamanufaktura.pl\/wp-content\/uploads\/2021\/11\/krolik-do-tulenia-Nanu2.jpeg\",\"width\":1600,\"height\":1200},{\"@type\":\"WebPage\",\"@id\":\"https:\/\/www.mojamanufaktura.pl\/index.php\/produkt\/zwierzatko-do-tulenia-2\/#webpage\",\"url\":\"https:\/\/www.mojamanufaktura.pl\/index.php\/produkt\/zwierzatko-do-tulenia-2\/\",\"name\":\"Zwierz\u0105tko do Tulenia jasnor\u00f3\u017cowe - Moja Manufaktura\",\"isPartOf\":{\"@id\":\"https:\/\/www.mojamanufaktura.pl\/#website\"},\"primaryImageOfPage\":{\"@id\":\"https:\/\/www.mojamanufaktura.pl\/index.php\/produkt\/zwierzatko-do-tulenia-2\/#primaryimage\"},\"datePublished\":\"2021-11-19T11:39:48+00:00\",\"dateModified\":\"2022-05-18T10:28:44+00:00\",\"breadcrumb\":{\"@id\":\"https:\/\/www.mojamanufaktura.pl\/index.php\/produkt\/zwierzatko-do-tulenia-2\/#breadcrumb\"},\"inLanguage\":\"pl-PL\",\"potentialAction\":[{\"@type\":\"ReadAction\",\"target\":[\"https:\/\/www.mojamanufaktura.pl\/index.php\/produkt\/zwierzatko-do-tulenia-2\/\"]}]},{\"@type\":\"BreadcrumbList\",\"@id\":\"https:\/\/www.mojamanufaktura.pl\/index.php\/produkt\/zwierzatko-do-tulenia-2\/#breadcrumb\",\"itemListElement\":[{\"@type\":\"ListItem\",\"position\":1,\"name\":\"Strona g\u0142\u00f3wna\",\"item\":\"https:\/\/www.mojamanufaktura.pl\/\"},{\"@type\":\"ListItem\",\"position\":2,\"name\":\"Sklep\",\"item\":\"https:\/\/www.mojamanufaktura.pl\/index.php\/sklep\/\"},{\"@type\":\"ListItem\",\"position\":3,\"name\":\"Zwierz\u0105tko do Tulenia jasnor\u00f3\u017cowe\"}]}]}<\/script>\n<!-- \/ Yoast SEO plugin. -->","yoast_head_json":{"title":"Zwierz\u0105tko do Tulenia jasnor\u00f3\u017cowe - Moja Manufaktura","robots":{"index":"index","follow":"follow","max-snippet":"max-snippet:-1","max-image-preview":"max-image-preview:large","max-video-preview":"max-video-preview:-1"},"canonical":"https:\/\/www.mojamanufaktura.pl\/index.php\/produkt\/zwierzatko-do-tulenia-2\/","og_locale":"pl_PL","og_type":"article","og_title":"Zwierz\u0105tko do Tulenia jasnor\u00f3\u017cowe - Moja Manufaktura","og_description":"To nasz specjalna propozycja dla\u00a0 maluszk\u00f3w \u2013 kocyk-uspokajacz do tulenia. Wydziergany z w\u0142\u00f3czki Kr\u00f3lik ukoi smuteczki, pomo\u017ce zasn\u0105\u0107, a do tego b\u0119dzie pi\u0119knym elementem dzieci\u0119cej wyprawki. Delikatne kolory, wysoka jako\u015b\u0107 u\u017cytych surowc\u00f3w i mistrzowskie wykonanie. Zwierz\u0105tko do Tulenia zapakowane jest w firmowe @nanu pude\u0142ko \u2013 dzi\u0119ki czemu idealnie nadaje si\u0119 na prezent. Autorski projekt teamu &hellip; Zwierz\u0105tko do Tulenia jasnor\u00f3\u017cowe Read More \u00bb","og_url":"https:\/\/www.mojamanufaktura.pl\/index.php\/produkt\/zwierzatko-do-tulenia-2\/","og_site_name":"Moja Manufaktura","article_modified_time":"2022-05-18T10:28:44+00:00","og_image":[{"width":1600,"height":1200,"url":"https:\/\/www.mojamanufaktura.pl\/wp-content\/uploads\/2021\/11\/krolik-do-tulenia-Nanu2.jpeg","type":"image\/jpeg"}],"twitter_card":"summary_large_image","schema":{"@context":"https:\/\/schema.org","@graph":[{"@type":"WebSite","@id":"https:\/\/www.mojamanufaktura.pl\/#website","url":"https:\/\/www.mojamanufaktura.pl\/","name":"Moja Manufaktura","description":"","potentialAction":[{"@type":"SearchAction","target":{"@type":"EntryPoint","urlTemplate":"https:\/\/www.mojamanufaktura.pl\/?s={search_term_string}"},"query-input":"required name=search_term_string"}],"inLanguage":"pl-PL"},{"@type":"ImageObject","inLanguage":"pl-PL","@id":"https:\/\/www.mojamanufaktura.pl\/index.php\/produkt\/zwierzatko-do-tulenia-2\/#primaryimage","url":"https:\/\/www.mojamanufaktura.pl\/wp-content\/uploads\/2021\/11\/krolik-do-tulenia-Nanu2.jpeg","contentUrl":"https:\/\/www.mojamanufaktura.pl\/wp-content\/uploads\/2021\/11\/krolik-do-tulenia-Nanu2.jpeg","width":1600,"height":1200},{"@type":"WebPage","@id":"https:\/\/www.mojamanufaktura.pl\/index.php\/produkt\/zwierzatko-do-tulenia-2\/#webpage","url":"https:\/\/www.mojamanufaktura.pl\/index.php\/produkt\/zwierzatko-do-tulenia-2\/","name":"Zwierz\u0105tko do Tulenia jasnor\u00f3\u017cowe - Moja Manufaktura","isPartOf":{"@id":"https:\/\/www.mojamanufaktura.pl\/#website"},"primaryImageOfPage":{"@id":"https:\/\/www.mojamanufaktura.pl\/index.php\/produkt\/zwierzatko-do-tulenia-2\/#primaryimage"},"datePublished":"2021-11-19T11:39:48+00:00","dateModified":"2022-05-18T10:28:44+00:00","breadcrumb":{"@id":"https:\/\/www.mojamanufaktura.pl\/index.php\/produkt\/zwierzatko-do-tulenia-2\/#breadcrumb"},"inLanguage":"pl-PL","potentialAction":[{"@type":"ReadAction","target":["https:\/\/www.mojamanufaktura.pl\/index.php\/produkt\/zwierzatko-do-tulenia-2\/"]}]},{"@type":"BreadcrumbList","@id":"https:\/\/www.mojamanufaktura.pl\/index.php\/produkt\/zwierzatko-do-tulenia-2\/#breadcrumb","itemListElement":[{"@type":"ListItem","position":1,"name":"Strona g\u0142\u00f3wna","item":"https:\/\/www.mojamanufaktura.pl\/"},{"@type":"ListItem","position":2,"name":"Sklep","item":"https:\/\/www.mojamanufaktura.pl\/index.php\/sklep\/"},{"@type":"ListItem","position":3,"name":"Zwierz\u0105tko do Tulenia jasnor\u00f3\u017cowe"}]}]}},"_links":{"self":[{"href":"https:\/\/www.mojamanufaktura.pl\/index.php\/wp-json\/wp\/v2\/product\/258","targetHints":{"allow":["GET"]}}],"collection":[{"href":"https:\/\/www.mojamanufaktura.pl\/index.php\/wp-json\/wp\/v2\/product"}],"about":[{"href":"https:\/\/www.mojamanufaktura.pl\/index.php\/wp-json\/wp\/v2\/types\/product"}],"replies":[{"embeddable":true,"href":"https:\/\/www.mojamanufaktura.pl\/index.php\/wp-json\/wp\/v2\/comments?post=258"}],"version-history":[{"count":4,"href":"https:\/\/www.mojamanufaktura.pl\/index.php\/wp-json\/wp\/v2\/product\/258\/revisions"}],"predecessor-version":[{"id":1965,"href":"https:\/\/www.mojamanufaktura.pl\/index.php\/wp-json\/wp\/v2\/product\/258\/revisions\/1965"}],"wp:featuredmedia":[{"embeddable":true,"href":"https:\/\/www.mojamanufaktura.pl\/index.php\/wp-json\/wp\/v2\/media\/107"}],"wp:attachment":[{"href":"https:\/\/www.mojamanufaktura.pl\/index.php\/wp-json\/wp\/v2\/media?parent=258"}],"wp:term":[{"taxonomy":"product_cat","embeddable":true,"href":"https:\/\/www.mojamanufaktura.pl\/index.php\/wp-json\/wp\/v2\/product_cat?post=258"},{"taxonomy":"product_tag","embeddable":true,"href":"https:\/\/www.mojamanufaktura.pl\/index.php\/wp-json\/wp\/v2\/product_tag?post=258"}],"curies":[{"name":"wp","href":"https:\/\/api.w.org\/{rel}","templated":true}]}}