{"id":250,"date":"2021-11-19T11:30:30","date_gmt":"2021-11-19T11:30:30","guid":{"rendered":"https:\/\/www.mojamanufaktura.pl\/?post_type=product&#038;p=250"},"modified":"2022-05-18T08:34:48","modified_gmt":"2022-05-18T08:34:48","slug":"duzy-dinozaur-2","status":"publish","type":"product","link":"https:\/\/www.mojamanufaktura.pl\/index.php\/produkt\/duzy-dinozaur-2\/","title":{"rendered":"Du\u017cy Dinozaur grafit"},"content":{"rendered":"\t\t<div data-elementor-type=\"product-post\" data-elementor-id=\"250\" class=\"elementor elementor-250\">\n\t\t\t\t\t\t\t\t\t<section class=\"elementor-section elementor-top-section elementor-element elementor-element-381367d5 elementor-section-boxed elementor-section-height-default elementor-section-height-default\" data-id=\"381367d5\" data-element_type=\"section\">\n\t\t\t\t\t\t<div class=\"elementor-container elementor-column-gap-default\">\n\t\t\t\t\t<div class=\"elementor-column elementor-col-100 elementor-top-column elementor-element elementor-element-7d4b9b53\" data-id=\"7d4b9b53\" data-element_type=\"column\">\n\t\t\t<div class=\"elementor-widget-wrap elementor-element-populated\">\n\t\t\t\t\t\t\t\t<div class=\"elementor-element elementor-element-676713eb elementor-widget elementor-widget-text-editor\" data-id=\"676713eb\" data-element_type=\"widget\" data-widget_type=\"text-editor.default\">\n\t\t\t\t<div class=\"elementor-widget-container\">\n\t\t\t<style>\/*! elementor - v3.6.5 - 27-04-2022 *\/\n.elementor-widget-text-editor.elementor-drop-cap-view-stacked .elementor-drop-cap{background-color:#818a91;color:#fff}.elementor-widget-text-editor.elementor-drop-cap-view-framed .elementor-drop-cap{color:#818a91;border:3px solid;background-color:transparent}.elementor-widget-text-editor:not(.elementor-drop-cap-view-default) .elementor-drop-cap{margin-top:8px}.elementor-widget-text-editor:not(.elementor-drop-cap-view-default) .elementor-drop-cap-letter{width:1em;height:1em}.elementor-widget-text-editor .elementor-drop-cap{float:left;text-align:center;line-height:1;font-size:50px}.elementor-widget-text-editor .elementor-drop-cap-letter{display:inline-block}<\/style>\t\t\t\t<h6><span data-contrast=\"none\">Pi\u0119kny kolorowy dinozaur uszyty z bawe\u0142ny i mi\u0119ciutkiego polaru. Kolorowe kolce i przyjazne spojrzenie zachwyc\u0105\u202f mniejszych i wi\u0119kszych wielbicieli tych prehistorycznych stwor\u00f3w. Dzi\u0119ki d\u0142ugiemu ogonowi i mocnym \u0142apom dinozaur pewnie stoi.<\/span><span data-ccp-props=\"{\">\u00a0<br \/><\/span><span data-contrast=\"none\">Autorski projekt teamu Manufaktury.<\/span><span data-ccp-props=\"{\">\u00a0<br \/><\/span><span data-contrast=\"none\">Materia\u0142:\u202f bawe\u0142na, polar, kulka silikonowa<\/span><span data-ccp-props=\"{\">\u00a0<br \/><\/span><span data-contrast=\"none\">Pranie: w temp. 30\u00a0st.C<\/span><span data-ccp-props=\"{\">\u00a0<br \/><\/span><span data-contrast=\"none\">WYMIARY: ok. 46 cm x 48 cm<\/span><span data-ccp-props=\"{\">\u00a0<\/span><\/h6>\t\t\t\t\t\t<\/div>\n\t\t\t\t<\/div>\n\t\t\t\t\t<\/div>\n\t\t<\/div>\n\t\t\t\t\t\t\t<\/div>\n\t\t<\/section>\n\t\t\t\t\t\t\t<\/div>\n\t\t","protected":false},"excerpt":{"rendered":"<p>Pi\u0119kny kolorowy dinozaur uszyty z bawe\u0142ny i mi\u0119ciutkiego polaru. Kolorowe kolce i przyjazne spojrzenie zachwyc\u0105\u202f mniejszych i wi\u0119kszych wielbicieli tych prehistorycznych stwor\u00f3w. Dzi\u0119ki d\u0142ugiemu ogonowi i mocnym \u0142apom dinozaur pewnie stoi. Autorski projekt teamu Manufaktury. Materia\u0142:\u202f bawe\u0142na, polar, kulka silikonowa Pranie: w temp. 30\u00a0st.C WYMIARY: ok. 46 cm x 48 cm<\/p>\n","protected":false},"featured_media":105,"comment_status":"open","ping_status":"closed","template":"","meta":{"site-sidebar-layout":"default","site-content-layout":"default","ast-main-header-display":"","ast-hfb-above-header-display":"","ast-hfb-below-header-display":"","ast-hfb-mobile-header-display":"","site-post-title":"","ast-breadcrumbs-content":"","ast-featured-img":"","footer-sml-layout":"","theme-transparent-header-meta":"default","adv-header-id-meta":"","stick-header-meta":"default","header-above-stick-meta":"","header-main-stick-meta":"","header-below-stick-meta":"","spay_email":"","jetpack_publicize_message":"","jetpack_is_tweetstorm":false,"jetpack_publicize_feature_enabled":true},"product_cat":[25,23,29],"product_tag":[],"class_list":["post-250","product","type-product","status-publish","has-post-thumbnail","hentry","product_cat-do-pokoju","product_cat-do-tulenia","product_cat-manufaktura","align-center","box-shadow-0","box-shadow-0-hover","ast-product-gallery-layout-horizontal","ast-product-gallery-with-no-image","ast-product-tabs-layout-horizontal"],"yoast_head":"<!-- This site is optimized with the Yoast SEO plugin v18.8 - https:\/\/yoast.com\/wordpress\/plugins\/seo\/ -->\n<title>Du\u017cy Dinozaur grafit - Moja Manufaktura<\/title>\n<meta name=\"robots\" content=\"index, follow, max-snippet:-1, max-image-preview:large, max-video-preview:-1\" \/>\n<link rel=\"canonical\" href=\"https:\/\/www.mojamanufaktura.pl\/index.php\/produkt\/duzy-dinozaur-2\/\" \/>\n<meta property=\"og:locale\" content=\"pl_PL\" \/>\n<meta property=\"og:type\" content=\"article\" \/>\n<meta property=\"og:title\" content=\"Du\u017cy Dinozaur grafit - Moja Manufaktura\" \/>\n<meta property=\"og:description\" content=\"Pi\u0119kny kolorowy dinozaur uszyty z bawe\u0142ny i mi\u0119ciutkiego polaru. Kolorowe kolce i przyjazne spojrzenie zachwyc\u0105\u202f mniejszych i wi\u0119kszych wielbicieli tych prehistorycznych stwor\u00f3w. Dzi\u0119ki d\u0142ugiemu ogonowi i mocnym \u0142apom dinozaur pewnie stoi. Autorski projekt teamu Manufaktury. Materia\u0142:\u202f bawe\u0142na, polar, kulka silikonowa Pranie: w temp. 30\u00a0st.C WYMIARY: ok. 46 cm x 48 cm\" \/>\n<meta property=\"og:url\" content=\"https:\/\/www.mojamanufaktura.pl\/index.php\/produkt\/duzy-dinozaur-2\/\" \/>\n<meta property=\"og:site_name\" content=\"Moja Manufaktura\" \/>\n<meta property=\"article:modified_time\" content=\"2022-05-18T08:34:48+00:00\" \/>\n<meta property=\"og:image\" content=\"https:\/\/www.mojamanufaktura.pl\/wp-content\/uploads\/2021\/11\/dinozaur2.jpeg\" \/>\n\t<meta property=\"og:image:width\" content=\"1600\" \/>\n\t<meta property=\"og:image:height\" content=\"1600\" \/>\n\t<meta property=\"og:image:type\" content=\"image\/jpeg\" \/>\n<meta name=\"twitter:card\" content=\"summary_large_image\" \/>\n<script type=\"application\/ld+json\" class=\"yoast-schema-graph\">{\"@context\":\"https:\/\/schema.org\",\"@graph\":[{\"@type\":\"WebSite\",\"@id\":\"https:\/\/www.mojamanufaktura.pl\/#website\",\"url\":\"https:\/\/www.mojamanufaktura.pl\/\",\"name\":\"Moja Manufaktura\",\"description\":\"\",\"potentialAction\":[{\"@type\":\"SearchAction\",\"target\":{\"@type\":\"EntryPoint\",\"urlTemplate\":\"https:\/\/www.mojamanufaktura.pl\/?s={search_term_string}\"},\"query-input\":\"required name=search_term_string\"}],\"inLanguage\":\"pl-PL\"},{\"@type\":\"ImageObject\",\"inLanguage\":\"pl-PL\",\"@id\":\"https:\/\/www.mojamanufaktura.pl\/index.php\/produkt\/duzy-dinozaur-2\/#primaryimage\",\"url\":\"https:\/\/www.mojamanufaktura.pl\/wp-content\/uploads\/2021\/11\/dinozaur2.jpeg\",\"contentUrl\":\"https:\/\/www.mojamanufaktura.pl\/wp-content\/uploads\/2021\/11\/dinozaur2.jpeg\",\"width\":1600,\"height\":1600},{\"@type\":\"WebPage\",\"@id\":\"https:\/\/www.mojamanufaktura.pl\/index.php\/produkt\/duzy-dinozaur-2\/#webpage\",\"url\":\"https:\/\/www.mojamanufaktura.pl\/index.php\/produkt\/duzy-dinozaur-2\/\",\"name\":\"Du\u017cy Dinozaur grafit - Moja Manufaktura\",\"isPartOf\":{\"@id\":\"https:\/\/www.mojamanufaktura.pl\/#website\"},\"primaryImageOfPage\":{\"@id\":\"https:\/\/www.mojamanufaktura.pl\/index.php\/produkt\/duzy-dinozaur-2\/#primaryimage\"},\"datePublished\":\"2021-11-19T11:30:30+00:00\",\"dateModified\":\"2022-05-18T08:34:48+00:00\",\"breadcrumb\":{\"@id\":\"https:\/\/www.mojamanufaktura.pl\/index.php\/produkt\/duzy-dinozaur-2\/#breadcrumb\"},\"inLanguage\":\"pl-PL\",\"potentialAction\":[{\"@type\":\"ReadAction\",\"target\":[\"https:\/\/www.mojamanufaktura.pl\/index.php\/produkt\/duzy-dinozaur-2\/\"]}]},{\"@type\":\"BreadcrumbList\",\"@id\":\"https:\/\/www.mojamanufaktura.pl\/index.php\/produkt\/duzy-dinozaur-2\/#breadcrumb\",\"itemListElement\":[{\"@type\":\"ListItem\",\"position\":1,\"name\":\"Strona g\u0142\u00f3wna\",\"item\":\"https:\/\/www.mojamanufaktura.pl\/\"},{\"@type\":\"ListItem\",\"position\":2,\"name\":\"Sklep\",\"item\":\"https:\/\/www.mojamanufaktura.pl\/index.php\/sklep\/\"},{\"@type\":\"ListItem\",\"position\":3,\"name\":\"Du\u017cy Dinozaur grafit\"}]}]}<\/script>\n<!-- \/ Yoast SEO plugin. -->","yoast_head_json":{"title":"Du\u017cy Dinozaur grafit - Moja Manufaktura","robots":{"index":"index","follow":"follow","max-snippet":"max-snippet:-1","max-image-preview":"max-image-preview:large","max-video-preview":"max-video-preview:-1"},"canonical":"https:\/\/www.mojamanufaktura.pl\/index.php\/produkt\/duzy-dinozaur-2\/","og_locale":"pl_PL","og_type":"article","og_title":"Du\u017cy Dinozaur grafit - Moja Manufaktura","og_description":"Pi\u0119kny kolorowy dinozaur uszyty z bawe\u0142ny i mi\u0119ciutkiego polaru. Kolorowe kolce i przyjazne spojrzenie zachwyc\u0105\u202f mniejszych i wi\u0119kszych wielbicieli tych prehistorycznych stwor\u00f3w. Dzi\u0119ki d\u0142ugiemu ogonowi i mocnym \u0142apom dinozaur pewnie stoi. Autorski projekt teamu Manufaktury. Materia\u0142:\u202f bawe\u0142na, polar, kulka silikonowa Pranie: w temp. 30\u00a0st.C WYMIARY: ok. 46 cm x 48 cm","og_url":"https:\/\/www.mojamanufaktura.pl\/index.php\/produkt\/duzy-dinozaur-2\/","og_site_name":"Moja Manufaktura","article_modified_time":"2022-05-18T08:34:48+00:00","og_image":[{"width":1600,"height":1600,"url":"https:\/\/www.mojamanufaktura.pl\/wp-content\/uploads\/2021\/11\/dinozaur2.jpeg","type":"image\/jpeg"}],"twitter_card":"summary_large_image","schema":{"@context":"https:\/\/schema.org","@graph":[{"@type":"WebSite","@id":"https:\/\/www.mojamanufaktura.pl\/#website","url":"https:\/\/www.mojamanufaktura.pl\/","name":"Moja Manufaktura","description":"","potentialAction":[{"@type":"SearchAction","target":{"@type":"EntryPoint","urlTemplate":"https:\/\/www.mojamanufaktura.pl\/?s={search_term_string}"},"query-input":"required name=search_term_string"}],"inLanguage":"pl-PL"},{"@type":"ImageObject","inLanguage":"pl-PL","@id":"https:\/\/www.mojamanufaktura.pl\/index.php\/produkt\/duzy-dinozaur-2\/#primaryimage","url":"https:\/\/www.mojamanufaktura.pl\/wp-content\/uploads\/2021\/11\/dinozaur2.jpeg","contentUrl":"https:\/\/www.mojamanufaktura.pl\/wp-content\/uploads\/2021\/11\/dinozaur2.jpeg","width":1600,"height":1600},{"@type":"WebPage","@id":"https:\/\/www.mojamanufaktura.pl\/index.php\/produkt\/duzy-dinozaur-2\/#webpage","url":"https:\/\/www.mojamanufaktura.pl\/index.php\/produkt\/duzy-dinozaur-2\/","name":"Du\u017cy Dinozaur grafit - Moja Manufaktura","isPartOf":{"@id":"https:\/\/www.mojamanufaktura.pl\/#website"},"primaryImageOfPage":{"@id":"https:\/\/www.mojamanufaktura.pl\/index.php\/produkt\/duzy-dinozaur-2\/#primaryimage"},"datePublished":"2021-11-19T11:30:30+00:00","dateModified":"2022-05-18T08:34:48+00:00","breadcrumb":{"@id":"https:\/\/www.mojamanufaktura.pl\/index.php\/produkt\/duzy-dinozaur-2\/#breadcrumb"},"inLanguage":"pl-PL","potentialAction":[{"@type":"ReadAction","target":["https:\/\/www.mojamanufaktura.pl\/index.php\/produkt\/duzy-dinozaur-2\/"]}]},{"@type":"BreadcrumbList","@id":"https:\/\/www.mojamanufaktura.pl\/index.php\/produkt\/duzy-dinozaur-2\/#breadcrumb","itemListElement":[{"@type":"ListItem","position":1,"name":"Strona g\u0142\u00f3wna","item":"https:\/\/www.mojamanufaktura.pl\/"},{"@type":"ListItem","position":2,"name":"Sklep","item":"https:\/\/www.mojamanufaktura.pl\/index.php\/sklep\/"},{"@type":"ListItem","position":3,"name":"Du\u017cy Dinozaur grafit"}]}]}},"_links":{"self":[{"href":"https:\/\/www.mojamanufaktura.pl\/index.php\/wp-json\/wp\/v2\/product\/250","targetHints":{"allow":["GET"]}}],"collection":[{"href":"https:\/\/www.mojamanufaktura.pl\/index.php\/wp-json\/wp\/v2\/product"}],"about":[{"href":"https:\/\/www.mojamanufaktura.pl\/index.php\/wp-json\/wp\/v2\/types\/product"}],"replies":[{"embeddable":true,"href":"https:\/\/www.mojamanufaktura.pl\/index.php\/wp-json\/wp\/v2\/comments?post=250"}],"version-history":[{"count":4,"href":"https:\/\/www.mojamanufaktura.pl\/index.php\/wp-json\/wp\/v2\/product\/250\/revisions"}],"predecessor-version":[{"id":1959,"href":"https:\/\/www.mojamanufaktura.pl\/index.php\/wp-json\/wp\/v2\/product\/250\/revisions\/1959"}],"wp:featuredmedia":[{"embeddable":true,"href":"https:\/\/www.mojamanufaktura.pl\/index.php\/wp-json\/wp\/v2\/media\/105"}],"wp:attachment":[{"href":"https:\/\/www.mojamanufaktura.pl\/index.php\/wp-json\/wp\/v2\/media?parent=250"}],"wp:term":[{"taxonomy":"product_cat","embeddable":true,"href":"https:\/\/www.mojamanufaktura.pl\/index.php\/wp-json\/wp\/v2\/product_cat?post=250"},{"taxonomy":"product_tag","embeddable":true,"href":"https:\/\/www.mojamanufaktura.pl\/index.php\/wp-json\/wp\/v2\/product_tag?post=250"}],"curies":[{"name":"wp","href":"https:\/\/api.w.org\/{rel}","templated":true}]}}