{"id":25,"date":"2021-11-16T16:37:45","date_gmt":"2021-11-16T16:37:45","guid":{"rendered":"https:\/\/www.mojamanufaktura.pl\/?page_id=25"},"modified":"2021-12-05T19:09:19","modified_gmt":"2021-12-05T19:09:19","slug":"o-nas","status":"publish","type":"page","link":"https:\/\/www.mojamanufaktura.pl\/index.php\/o-nas\/","title":{"rendered":"O nas"},"content":{"rendered":"\t\t<div data-elementor-type=\"wp-page\" data-elementor-id=\"25\" class=\"elementor elementor-25\">\n\t\t\t\t\t\t\t\t\t<section class=\"elementor-section elementor-top-section elementor-element elementor-element-25a7e8a elementor-section-boxed elementor-section-height-default elementor-section-height-default\" data-id=\"25a7e8a\" data-element_type=\"section\" data-settings=\"{&quot;background_background&quot;:&quot;classic&quot;}\">\n\t\t\t\t\t\t\t<div class=\"elementor-background-overlay\"><\/div>\n\t\t\t\t\t\t\t<div class=\"elementor-container elementor-column-gap-default\">\n\t\t\t\t\t<div class=\"elementor-column elementor-col-100 elementor-top-column elementor-element elementor-element-e1d75e1\" data-id=\"e1d75e1\" data-element_type=\"column\">\n\t\t\t<div class=\"elementor-widget-wrap elementor-element-populated\">\n\t\t\t\t\t\t\t\t<div class=\"elementor-element elementor-element-cde44c2 elementor-widget elementor-widget-image\" data-id=\"cde44c2\" data-element_type=\"widget\" data-widget_type=\"image.default\">\n\t\t\t\t<div class=\"elementor-widget-container\">\n\t\t\t<style>\/*! elementor - v3.6.5 - 27-04-2022 *\/\n.elementor-widget-image{text-align:center}.elementor-widget-image a{display:inline-block}.elementor-widget-image a img[src$=\".svg\"]{width:48px}.elementor-widget-image img{vertical-align:middle;display:inline-block}<\/style>\t\t\t\t\t\t\t\t\t\t\t\t<img loading=\"lazy\" decoding=\"async\" width=\"300\" height=\"93\" src=\"https:\/\/www.mojamanufaktura.pl\/wp-content\/uploads\/2021\/11\/MManufaktura-logo_RGB1-300x93.jpg\" class=\"attachment-medium size-medium\" alt=\"\" srcset=\"https:\/\/www.mojamanufaktura.pl\/wp-content\/uploads\/2021\/11\/MManufaktura-logo_RGB1-300x93.jpg 300w, https:\/\/www.mojamanufaktura.pl\/wp-content\/uploads\/2021\/11\/MManufaktura-logo_RGB1-768x238.jpg 768w, https:\/\/www.mojamanufaktura.pl\/wp-content\/uploads\/2021\/11\/MManufaktura-logo_RGB1-600x186.jpg 600w, https:\/\/www.mojamanufaktura.pl\/wp-content\/uploads\/2021\/11\/MManufaktura-logo_RGB1-64x20.jpg 64w, https:\/\/www.mojamanufaktura.pl\/wp-content\/uploads\/2021\/11\/MManufaktura-logo_RGB1.jpg 1000w\" sizes=\"auto, (max-width: 300px) 100vw, 300px\" \/>\t\t\t\t\t\t\t\t\t\t\t\t\t\t\t<\/div>\n\t\t\t\t<\/div>\n\t\t\t\t<div class=\"elementor-element elementor-element-5fa5473 elementor-widget elementor-widget-text-editor\" data-id=\"5fa5473\" data-element_type=\"widget\" data-widget_type=\"text-editor.default\">\n\t\t\t\t<div class=\"elementor-widget-container\">\n\t\t\t<style>\/*! elementor - v3.6.5 - 27-04-2022 *\/\n.elementor-widget-text-editor.elementor-drop-cap-view-stacked .elementor-drop-cap{background-color:#818a91;color:#fff}.elementor-widget-text-editor.elementor-drop-cap-view-framed .elementor-drop-cap{color:#818a91;border:3px solid;background-color:transparent}.elementor-widget-text-editor:not(.elementor-drop-cap-view-default) .elementor-drop-cap{margin-top:8px}.elementor-widget-text-editor:not(.elementor-drop-cap-view-default) .elementor-drop-cap-letter{width:1em;height:1em}.elementor-widget-text-editor .elementor-drop-cap{float:left;text-align:center;line-height:1;font-size:50px}.elementor-widget-text-editor .elementor-drop-cap-letter{display:inline-block}<\/style>\t\t\t\t<p>Manufaktura to Aga i Go\u015bka.<br \/>Po\u0142\u0105czy\u0142a nas mi\u0142o\u015b\u0107 do r\u0119kodzie\u0142a, do tworzenia rzeczy oryginalnych z nutk\u0105 szale\u0144stwa Agi i kolorowej duszy Go\u015bki.<br \/><span style=\"font-style: inherit; font-weight: inherit; color: var( --e-global-color-text ); font-family: var( --e-global-typography-text-font-family ), Sans-serif;\">Staramy si\u0119 tworzy\u0107 z duchem eko, cz\u0119sto wykorzystuj\u0105c w naszych projektach materia\u0142y z recyclingu.<br \/><\/span><span style=\"font-style: inherit; font-weight: inherit; color: var( --e-global-color-text ); font-family: var( --e-global-typography-text-font-family ), Sans-serif;\">Od lat prowadzimy w Suchym Lesie pracowni\u0119 r\u0119kodzie\u0142a i warsztatowni\u0119.<\/span><\/p>\t\t\t\t\t\t<\/div>\n\t\t\t\t<\/div>\n\t\t\t\t<div class=\"elementor-element elementor-element-cece38f elementor-widget elementor-widget-premium-divider\" data-id=\"cece38f\" data-element_type=\"widget\" data-widget_type=\"premium-divider.default\">\n\t\t\t\t<div class=\"elementor-widget-container\">\n\t\t\t\r\n\t\t<div class=\"premium-separator-container premium-separator-solid\" data-settings=\"solid\">\r\n\t\t\t<div class=\"premium-separator-wrapper\">\r\n\t\t\t\t<div class=\"premium-separator-wrapper-separator\">\r\n\t\t\t\t\t<div class=\"premium-separator-wrapper-separator-divider\">\r\n\t\t\t\t\t\t<div class=\"premium-separator-inner\">\r\n\t\t\t\t\t\t\t\r\n\t\t\t\t\t\t\t\t<div class=\"premium-separator-content-wrapper\">\r\n\t\t\t\t\t\t\t\t\t<div class=\"premium-separator-divider-left premium-separator-left-side\">\r\n\t\t\t\t\t\t\t\t\t\t<hr>\t\t\t\t\t\t\t\t\t<\/div>\r\n\t\t\t\t\t\t\t\t\t<div class=\"premium-separator-icon-container\">\r\n\t\t\t\t\t\t\t\t\t\t\t\t\t\t\t\t\t\t\t\t\t<div class=\"premium-separator-icon-wrap premium-separator-icon\">\r\n\t\t\t\t\t\t\t\t\t\t\t\t<i aria-hidden=\"true\" class=\"fas fa-heart\"><\/i>\t\t\t\t\t\t\t\t\t\t\t<\/div>\r\n\t\t\t\t\t\t\t\t\t\t\t\t\t\t\t\t\t\t\t<\/div>\r\n\t\t\t\t\t\t\t\t\t<div class=\"premium-separator-divider-right premium-separator-right-side\">\r\n\t\t\t\t\t\t\t\t\t\t<hr>\t\t\t\t\t\t\t\t\t<\/div>\r\n\t\t\t\t\t\t\t\t<\/div>\r\n\r\n\t\t\t\t\t\t\t\r\n\t\t\t\t\t\t\t<\/div>\r\n\r\n\t\t\t\t\t\t<\/div>\r\n\r\n\t\t\t\t<\/div>\r\n\r\n\t\t\t\t<div class=\"premium-clearfix\"><\/div>\r\n\r\n\t\t\t<\/div>\r\n\r\n\t\t<\/div>\r\n\r\n\t\t\t\t<\/div>\n\t\t\t\t<\/div>\n\t\t\t\t<div class=\"elementor-element elementor-element-7892642 elementor-widget elementor-widget-image\" data-id=\"7892642\" data-element_type=\"widget\" data-widget_type=\"image.default\">\n\t\t\t\t<div class=\"elementor-widget-container\">\n\t\t\t\t\t\t\t\t\t\t\t\t\t\t\t<img loading=\"lazy\" decoding=\"async\" width=\"300\" height=\"93\" src=\"https:\/\/www.mojamanufaktura.pl\/wp-content\/uploads\/2021\/11\/MManufaktura-logo-turkus-300x93.jpg\" class=\"attachment-medium size-medium\" alt=\"\" srcset=\"https:\/\/www.mojamanufaktura.pl\/wp-content\/uploads\/2021\/11\/MManufaktura-logo-turkus-300x93.jpg 300w, https:\/\/www.mojamanufaktura.pl\/wp-content\/uploads\/2021\/11\/MManufaktura-logo-turkus-768x238.jpg 768w, https:\/\/www.mojamanufaktura.pl\/wp-content\/uploads\/2021\/11\/MManufaktura-logo-turkus-600x186.jpg 600w, https:\/\/www.mojamanufaktura.pl\/wp-content\/uploads\/2021\/11\/MManufaktura-logo-turkus-64x20.jpg 64w, https:\/\/www.mojamanufaktura.pl\/wp-content\/uploads\/2021\/11\/MManufaktura-logo-turkus.jpg 1000w\" sizes=\"auto, (max-width: 300px) 100vw, 300px\" \/>\t\t\t\t\t\t\t\t\t\t\t\t\t\t\t<\/div>\n\t\t\t\t<\/div>\n\t\t\t\t<div class=\"elementor-element elementor-element-10472a2 elementor-widget elementor-widget-text-editor\" data-id=\"10472a2\" data-element_type=\"widget\" data-widget_type=\"text-editor.default\">\n\t\t\t\t<div class=\"elementor-widget-container\">\n\t\t\t\t\t\t\t<p style=\"text-align: center;\">Manufaktura to Aga, kt\u00f3ra z ka\u017cdego kawa\u0142ka materia\u0142u potrafi wyczarowa\u0107 co\u015b niebanalnego i Gosia, kt\u00f3ra rzuca kolorami na wszystko,<br \/>co trafi w jej r\u0119ce.<br \/>Autorskie projekty i w\u0142asne wykonanie wyr\u00f3\u017cnia nasza mark\u0119, w kt\u00f3rej znajdziecie zabawki, drobiazgi do domu, ubrania oraz akcesoria.<\/p>\t\t\t\t\t\t<\/div>\n\t\t\t\t<\/div>\n\t\t\t\t<div class=\"elementor-element elementor-element-901084b elementor-widget elementor-widget-premium-divider\" data-id=\"901084b\" data-element_type=\"widget\" data-widget_type=\"premium-divider.default\">\n\t\t\t\t<div class=\"elementor-widget-container\">\n\t\t\t\r\n\t\t<div class=\"premium-separator-container premium-separator-solid\" data-settings=\"solid\">\r\n\t\t\t<div class=\"premium-separator-wrapper\">\r\n\t\t\t\t<div class=\"premium-separator-wrapper-separator\">\r\n\t\t\t\t\t<div class=\"premium-separator-wrapper-separator-divider\">\r\n\t\t\t\t\t\t<div class=\"premium-separator-inner\">\r\n\t\t\t\t\t\t\t\r\n\t\t\t\t\t\t\t\t<div class=\"premium-separator-content-wrapper\">\r\n\t\t\t\t\t\t\t\t\t<div class=\"premium-separator-divider-left premium-separator-left-side\">\r\n\t\t\t\t\t\t\t\t\t\t<hr>\t\t\t\t\t\t\t\t\t<\/div>\r\n\t\t\t\t\t\t\t\t\t<div class=\"premium-separator-icon-container\">\r\n\t\t\t\t\t\t\t\t\t\t\t\t\t\t\t\t\t\t\t\t\t<div class=\"premium-separator-icon-wrap premium-separator-icon\">\r\n\t\t\t\t\t\t\t\t\t\t\t\t<i aria-hidden=\"true\" class=\"fas fa-heart\"><\/i>\t\t\t\t\t\t\t\t\t\t\t<\/div>\r\n\t\t\t\t\t\t\t\t\t\t\t\t\t\t\t\t\t\t\t<\/div>\r\n\t\t\t\t\t\t\t\t\t<div class=\"premium-separator-divider-right premium-separator-right-side\">\r\n\t\t\t\t\t\t\t\t\t\t<hr>\t\t\t\t\t\t\t\t\t<\/div>\r\n\t\t\t\t\t\t\t\t<\/div>\r\n\r\n\t\t\t\t\t\t\t\r\n\t\t\t\t\t\t\t<\/div>\r\n\r\n\t\t\t\t\t\t<\/div>\r\n\r\n\t\t\t\t<\/div>\r\n\r\n\t\t\t\t<div class=\"premium-clearfix\"><\/div>\r\n\r\n\t\t\t<\/div>\r\n\r\n\t\t<\/div>\r\n\r\n\t\t\t\t<\/div>\n\t\t\t\t<\/div>\n\t\t\t\t<div class=\"elementor-element elementor-element-05a1f79 elementor-widget elementor-widget-image\" data-id=\"05a1f79\" data-element_type=\"widget\" data-widget_type=\"image.default\">\n\t\t\t\t<div class=\"elementor-widget-container\">\n\t\t\t\t\t\t\t\t\t\t\t\t\t\t\t<img loading=\"lazy\" decoding=\"async\" width=\"300\" height=\"300\" src=\"https:\/\/www.mojamanufaktura.pl\/wp-content\/uploads\/2021\/11\/NANU2-300x300.jpg\" class=\"attachment-medium size-medium\" alt=\"\" srcset=\"https:\/\/www.mojamanufaktura.pl\/wp-content\/uploads\/2021\/11\/NANU2-300x300.jpg 300w, https:\/\/www.mojamanufaktura.pl\/wp-content\/uploads\/2021\/11\/NANU2-150x150.jpg 150w, https:\/\/www.mojamanufaktura.pl\/wp-content\/uploads\/2021\/11\/NANU2-768x768.jpg 768w, https:\/\/www.mojamanufaktura.pl\/wp-content\/uploads\/2021\/11\/NANU2-600x600.jpg 600w, https:\/\/www.mojamanufaktura.pl\/wp-content\/uploads\/2021\/11\/NANU2-100x100.jpg 100w, https:\/\/www.mojamanufaktura.pl\/wp-content\/uploads\/2021\/11\/NANU2-64x64.jpg 64w, https:\/\/www.mojamanufaktura.pl\/wp-content\/uploads\/2021\/11\/NANU2.jpg 1000w\" sizes=\"auto, (max-width: 300px) 100vw, 300px\" \/>\t\t\t\t\t\t\t\t\t\t\t\t\t\t\t<\/div>\n\t\t\t\t<\/div>\n\t\t\t\t<div class=\"elementor-element elementor-element-791d426 elementor-widget elementor-widget-text-editor\" data-id=\"791d426\" data-element_type=\"widget\" data-widget_type=\"text-editor.default\">\n\t\t\t\t<div class=\"elementor-widget-container\">\n\t\t\t\t\t\t\t<p style=\"text-align: center;\">Pi\u0119kne zabawki na specjalne okazje \u2013 elegancko zapakowane, gotowe do wr\u0119czenia prezenty. Lalki Nanulki, Malunie, Kr\u00f3liki w Golfach, Domki- \u0141\u00f3\u017ceczka, Uszate Kr\u00f3liki i Kocyki do Tulenia.<br \/>Wszystko co powstaje w naszej pracowni wykonujemy same z dba\u0142o\u015bci\u0105 o najwy\u017csz\u0105 jako\u015b\u0107.<\/p>\t\t\t\t\t\t<\/div>\n\t\t\t\t<\/div>\n\t\t\t\t<div class=\"elementor-element elementor-element-9e5ccf3 elementor-widget elementor-widget-premium-divider\" data-id=\"9e5ccf3\" data-element_type=\"widget\" data-widget_type=\"premium-divider.default\">\n\t\t\t\t<div class=\"elementor-widget-container\">\n\t\t\t\r\n\t\t<div class=\"premium-separator-container premium-separator-solid\" data-settings=\"solid\">\r\n\t\t\t<div class=\"premium-separator-wrapper\">\r\n\t\t\t\t<div class=\"premium-separator-wrapper-separator\">\r\n\t\t\t\t\t<div class=\"premium-separator-wrapper-separator-divider\">\r\n\t\t\t\t\t\t<div class=\"premium-separator-inner\">\r\n\t\t\t\t\t\t\t\r\n\t\t\t\t\t\t\t\t<div class=\"premium-separator-content-wrapper\">\r\n\t\t\t\t\t\t\t\t\t<div class=\"premium-separator-divider-left premium-separator-left-side\">\r\n\t\t\t\t\t\t\t\t\t\t<hr>\t\t\t\t\t\t\t\t\t<\/div>\r\n\t\t\t\t\t\t\t\t\t<div class=\"premium-separator-icon-container\">\r\n\t\t\t\t\t\t\t\t\t\t\t\t\t\t\t\t\t\t\t\t\t<div class=\"premium-separator-icon-wrap premium-separator-icon\">\r\n\t\t\t\t\t\t\t\t\t\t\t\t<i aria-hidden=\"true\" class=\"fas fa-heart\"><\/i>\t\t\t\t\t\t\t\t\t\t\t<\/div>\r\n\t\t\t\t\t\t\t\t\t\t\t\t\t\t\t\t\t\t\t<\/div>\r\n\t\t\t\t\t\t\t\t\t<div class=\"premium-separator-divider-right premium-separator-right-side\">\r\n\t\t\t\t\t\t\t\t\t\t<hr>\t\t\t\t\t\t\t\t\t<\/div>\r\n\t\t\t\t\t\t\t\t<\/div>\r\n\r\n\t\t\t\t\t\t\t\r\n\t\t\t\t\t\t\t<\/div>\r\n\r\n\t\t\t\t\t\t<\/div>\r\n\r\n\t\t\t\t<\/div>\r\n\r\n\t\t\t\t<div class=\"premium-clearfix\"><\/div>\r\n\r\n\t\t\t<\/div>\r\n\r\n\t\t<\/div>\r\n\r\n\t\t\t\t<\/div>\n\t\t\t\t<\/div>\n\t\t\t\t<div class=\"elementor-element elementor-element-c2da7e2 elementor-widget elementor-widget-image\" data-id=\"c2da7e2\" data-element_type=\"widget\" data-widget_type=\"image.default\">\n\t\t\t\t<div class=\"elementor-widget-container\">\n\t\t\t\t\t\t\t\t\t\t\t\t\t\t\t<img loading=\"lazy\" decoding=\"async\" width=\"300\" height=\"300\" src=\"https:\/\/www.mojamanufaktura.pl\/wp-content\/uploads\/2021\/11\/MEG-SHOES-2FA-300x300.jpg\" class=\"attachment-medium size-medium\" alt=\"\" srcset=\"https:\/\/www.mojamanufaktura.pl\/wp-content\/uploads\/2021\/11\/MEG-SHOES-2FA-300x300.jpg 300w, https:\/\/www.mojamanufaktura.pl\/wp-content\/uploads\/2021\/11\/MEG-SHOES-2FA-1020x1024.jpg 1020w, https:\/\/www.mojamanufaktura.pl\/wp-content\/uploads\/2021\/11\/MEG-SHOES-2FA-150x150.jpg 150w, https:\/\/www.mojamanufaktura.pl\/wp-content\/uploads\/2021\/11\/MEG-SHOES-2FA-768x771.jpg 768w, https:\/\/www.mojamanufaktura.pl\/wp-content\/uploads\/2021\/11\/MEG-SHOES-2FA-600x602.jpg 600w, https:\/\/www.mojamanufaktura.pl\/wp-content\/uploads\/2021\/11\/MEG-SHOES-2FA-100x100.jpg 100w, https:\/\/www.mojamanufaktura.pl\/wp-content\/uploads\/2021\/11\/MEG-SHOES-2FA-64x64.jpg 64w, https:\/\/www.mojamanufaktura.pl\/wp-content\/uploads\/2021\/11\/MEG-SHOES-2FA.jpg 1102w\" sizes=\"auto, (max-width: 300px) 100vw, 300px\" \/>\t\t\t\t\t\t\t\t\t\t\t\t\t\t\t<\/div>\n\t\t\t\t<\/div>\n\t\t\t\t<div class=\"elementor-element elementor-element-a8b6fbb elementor-widget elementor-widget-text-editor\" data-id=\"a8b6fbb\" data-element_type=\"widget\" data-widget_type=\"text-editor.default\">\n\t\t\t\t<div class=\"elementor-widget-container\">\n\t\t\t\t\t\t\t<p style=\"text-align: center;\">Marka powsta\u0142a z potrzeby pokolorowania rzeczywisto\u015bci. R\u0119cznie zdobione trampki to unikat &#8211;\u00a0 nie ma jednakowej pary , a nawet dw\u00f3ch takich samych\u00a0 but\u00f3w.<br \/>Go\u015bka maluje buty na zadany temat lub wed\u0142ug w\u0142asnych pomys\u0142\u00f3w.<br \/>Wystarczy para MEG\u00f3w , jeansy i bia\u0142y t-shirt, a\u00a0 ka\u017cdy zwr\u00f3ci uwag\u0119 na Twoj\u0105 styl\u00f3wk\u0119.<br \/>Te buty zrobi\u0105 Ci dzie\u0144.<\/p>\t\t\t\t\t\t<\/div>\n\t\t\t\t<\/div>\n\t\t\t\t<div class=\"elementor-element elementor-element-76948a5 elementor-widget elementor-widget-premium-divider\" data-id=\"76948a5\" data-element_type=\"widget\" data-widget_type=\"premium-divider.default\">\n\t\t\t\t<div class=\"elementor-widget-container\">\n\t\t\t\r\n\t\t<div class=\"premium-separator-container premium-separator-solid\" data-settings=\"solid\">\r\n\t\t\t<div class=\"premium-separator-wrapper\">\r\n\t\t\t\t<div class=\"premium-separator-wrapper-separator\">\r\n\t\t\t\t\t<div class=\"premium-separator-wrapper-separator-divider\">\r\n\t\t\t\t\t\t<div class=\"premium-separator-inner\">\r\n\t\t\t\t\t\t\t\r\n\t\t\t\t\t\t\t\t<div class=\"premium-separator-content-wrapper\">\r\n\t\t\t\t\t\t\t\t\t<div class=\"premium-separator-divider-left premium-separator-left-side\">\r\n\t\t\t\t\t\t\t\t\t\t<hr>\t\t\t\t\t\t\t\t\t<\/div>\r\n\t\t\t\t\t\t\t\t\t<div class=\"premium-separator-icon-container\">\r\n\t\t\t\t\t\t\t\t\t\t\t\t\t\t\t\t\t\t\t\t\t<div class=\"premium-separator-icon-wrap premium-separator-icon\">\r\n\t\t\t\t\t\t\t\t\t\t\t\t<i aria-hidden=\"true\" class=\"fas fa-heart\"><\/i>\t\t\t\t\t\t\t\t\t\t\t<\/div>\r\n\t\t\t\t\t\t\t\t\t\t\t\t\t\t\t\t\t\t\t<\/div>\r\n\t\t\t\t\t\t\t\t\t<div class=\"premium-separator-divider-right premium-separator-right-side\">\r\n\t\t\t\t\t\t\t\t\t\t<hr>\t\t\t\t\t\t\t\t\t<\/div>\r\n\t\t\t\t\t\t\t\t<\/div>\r\n\r\n\t\t\t\t\t\t\t\r\n\t\t\t\t\t\t\t<\/div>\r\n\r\n\t\t\t\t\t\t<\/div>\r\n\r\n\t\t\t\t<\/div>\r\n\r\n\t\t\t\t<div class=\"premium-clearfix\"><\/div>\r\n\r\n\t\t\t<\/div>\r\n\r\n\t\t<\/div>\r\n\r\n\t\t\t\t<\/div>\n\t\t\t\t<\/div>\n\t\t\t\t\t<\/div>\n\t\t<\/div>\n\t\t\t\t\t\t\t<\/div>\n\t\t<\/section>\n\t\t\t\t\t\t\t<\/div>\n\t\t","protected":false},"excerpt":{"rendered":"<p>Manufaktura to Aga i Go\u015bka.Po\u0142\u0105czy\u0142a nas mi\u0142o\u015b\u0107 do r\u0119kodzie\u0142a, do tworzenia rzeczy oryginalnych z nutk\u0105 szale\u0144stwa Agi i kolorowej duszy Go\u015bki.Staramy si\u0119 tworzy\u0107 z duchem eko, cz\u0119sto wykorzystuj\u0105c w naszych projektach materia\u0142y z recyclingu.Od lat prowadzimy w Suchym Lesie pracowni\u0119 r\u0119kodzie\u0142a i warsztatowni\u0119. Manufaktura to Aga, kt\u00f3ra z ka\u017cdego kawa\u0142ka materia\u0142u potrafi wyczarowa\u0107 co\u015b niebanalnego &hellip;<\/p>\n<p class=\"read-more\"> <a class=\"\" href=\"https:\/\/www.mojamanufaktura.pl\/index.php\/o-nas\/\"> <span class=\"screen-reader-text\">O nas<\/span> Read More \u00bb<\/a><\/p>\n","protected":false},"author":1,"featured_media":0,"parent":0,"menu_order":0,"comment_status":"closed","ping_status":"closed","template":"","meta":{"site-sidebar-layout":"no-sidebar","site-content-layout":"page-builder","ast-main-header-display":"","ast-hfb-above-header-display":"","ast-hfb-below-header-display":"","ast-hfb-mobile-header-display":"","site-post-title":"disabled","ast-breadcrumbs-content":"","ast-featured-img":"disabled","footer-sml-layout":"","theme-transparent-header-meta":"","adv-header-id-meta":"","stick-header-meta":"","header-above-stick-meta":"","header-main-stick-meta":"","header-below-stick-meta":"","spay_email":"","footnotes":""},"class_list":["post-25","page","type-page","status-publish","hentry"],"yoast_head":"<!-- This site is optimized with the Yoast SEO plugin v18.8 - https:\/\/yoast.com\/wordpress\/plugins\/seo\/ -->\n<title>O nas - Moja Manufaktura<\/title>\n<meta name=\"robots\" content=\"index, follow, max-snippet:-1, max-image-preview:large, max-video-preview:-1\" \/>\n<link rel=\"canonical\" href=\"https:\/\/www.mojamanufaktura.pl\/index.php\/o-nas\/\" \/>\n<meta property=\"og:locale\" content=\"pl_PL\" \/>\n<meta property=\"og:type\" content=\"article\" \/>\n<meta property=\"og:title\" content=\"O nas - Moja Manufaktura\" \/>\n<meta property=\"og:description\" content=\"Manufaktura to Aga i Go\u015bka.Po\u0142\u0105czy\u0142a nas mi\u0142o\u015b\u0107 do r\u0119kodzie\u0142a, do tworzenia rzeczy oryginalnych z nutk\u0105 szale\u0144stwa Agi i kolorowej duszy Go\u015bki.Staramy si\u0119 tworzy\u0107 z duchem eko, cz\u0119sto wykorzystuj\u0105c w naszych projektach materia\u0142y z recyclingu.Od lat prowadzimy w Suchym Lesie pracowni\u0119 r\u0119kodzie\u0142a i warsztatowni\u0119. Manufaktura to Aga, kt\u00f3ra z ka\u017cdego kawa\u0142ka materia\u0142u potrafi wyczarowa\u0107 co\u015b niebanalnego &hellip; O nas Read More \u00bb\" \/>\n<meta property=\"og:url\" content=\"https:\/\/www.mojamanufaktura.pl\/index.php\/o-nas\/\" \/>\n<meta property=\"og:site_name\" content=\"Moja Manufaktura\" \/>\n<meta property=\"article:modified_time\" content=\"2021-12-05T19:09:19+00:00\" \/>\n<meta property=\"og:image\" content=\"https:\/\/www.mojamanufaktura.pl\/wp-content\/uploads\/2021\/11\/MManufaktura-logo_RGB1-300x93.jpg\" \/>\n<meta name=\"twitter:card\" content=\"summary_large_image\" \/>\n<meta name=\"twitter:label1\" content=\"Szacowany czas czytania\" \/>\n\t<meta name=\"twitter:data1\" content=\"2 minuty\" \/>\n<script type=\"application\/ld+json\" class=\"yoast-schema-graph\">{\"@context\":\"https:\/\/schema.org\",\"@graph\":[{\"@type\":\"WebSite\",\"@id\":\"https:\/\/www.mojamanufaktura.pl\/#website\",\"url\":\"https:\/\/www.mojamanufaktura.pl\/\",\"name\":\"Moja Manufaktura\",\"description\":\"\",\"potentialAction\":[{\"@type\":\"SearchAction\",\"target\":{\"@type\":\"EntryPoint\",\"urlTemplate\":\"https:\/\/www.mojamanufaktura.pl\/?s={search_term_string}\"},\"query-input\":\"required name=search_term_string\"}],\"inLanguage\":\"pl-PL\"},{\"@type\":\"ImageObject\",\"inLanguage\":\"pl-PL\",\"@id\":\"https:\/\/www.mojamanufaktura.pl\/index.php\/o-nas\/#primaryimage\",\"url\":\"https:\/\/www.mojamanufaktura.pl\/wp-content\/uploads\/2021\/11\/MManufaktura-logo_RGB1.jpg\",\"contentUrl\":\"https:\/\/www.mojamanufaktura.pl\/wp-content\/uploads\/2021\/11\/MManufaktura-logo_RGB1.jpg\",\"width\":1000,\"height\":310},{\"@type\":\"WebPage\",\"@id\":\"https:\/\/www.mojamanufaktura.pl\/index.php\/o-nas\/#webpage\",\"url\":\"https:\/\/www.mojamanufaktura.pl\/index.php\/o-nas\/\",\"name\":\"O nas - Moja Manufaktura\",\"isPartOf\":{\"@id\":\"https:\/\/www.mojamanufaktura.pl\/#website\"},\"primaryImageOfPage\":{\"@id\":\"https:\/\/www.mojamanufaktura.pl\/index.php\/o-nas\/#primaryimage\"},\"datePublished\":\"2021-11-16T16:37:45+00:00\",\"dateModified\":\"2021-12-05T19:09:19+00:00\",\"breadcrumb\":{\"@id\":\"https:\/\/www.mojamanufaktura.pl\/index.php\/o-nas\/#breadcrumb\"},\"inLanguage\":\"pl-PL\",\"potentialAction\":[{\"@type\":\"ReadAction\",\"target\":[\"https:\/\/www.mojamanufaktura.pl\/index.php\/o-nas\/\"]}]},{\"@type\":\"BreadcrumbList\",\"@id\":\"https:\/\/www.mojamanufaktura.pl\/index.php\/o-nas\/#breadcrumb\",\"itemListElement\":[{\"@type\":\"ListItem\",\"position\":1,\"name\":\"Strona g\u0142\u00f3wna\",\"item\":\"https:\/\/www.mojamanufaktura.pl\/\"},{\"@type\":\"ListItem\",\"position\":2,\"name\":\"O nas\"}]}]}<\/script>\n<!-- \/ Yoast SEO plugin. -->","yoast_head_json":{"title":"O nas - Moja Manufaktura","robots":{"index":"index","follow":"follow","max-snippet":"max-snippet:-1","max-image-preview":"max-image-preview:large","max-video-preview":"max-video-preview:-1"},"canonical":"https:\/\/www.mojamanufaktura.pl\/index.php\/o-nas\/","og_locale":"pl_PL","og_type":"article","og_title":"O nas - Moja Manufaktura","og_description":"Manufaktura to Aga i Go\u015bka.Po\u0142\u0105czy\u0142a nas mi\u0142o\u015b\u0107 do r\u0119kodzie\u0142a, do tworzenia rzeczy oryginalnych z nutk\u0105 szale\u0144stwa Agi i kolorowej duszy Go\u015bki.Staramy si\u0119 tworzy\u0107 z duchem eko, cz\u0119sto wykorzystuj\u0105c w naszych projektach materia\u0142y z recyclingu.Od lat prowadzimy w Suchym Lesie pracowni\u0119 r\u0119kodzie\u0142a i warsztatowni\u0119. Manufaktura to Aga, kt\u00f3ra z ka\u017cdego kawa\u0142ka materia\u0142u potrafi wyczarowa\u0107 co\u015b niebanalnego &hellip; O nas Read More \u00bb","og_url":"https:\/\/www.mojamanufaktura.pl\/index.php\/o-nas\/","og_site_name":"Moja Manufaktura","article_modified_time":"2021-12-05T19:09:19+00:00","og_image":[{"url":"https:\/\/www.mojamanufaktura.pl\/wp-content\/uploads\/2021\/11\/MManufaktura-logo_RGB1-300x93.jpg"}],"twitter_card":"summary_large_image","twitter_misc":{"Szacowany czas czytania":"2 minuty"},"schema":{"@context":"https:\/\/schema.org","@graph":[{"@type":"WebSite","@id":"https:\/\/www.mojamanufaktura.pl\/#website","url":"https:\/\/www.mojamanufaktura.pl\/","name":"Moja Manufaktura","description":"","potentialAction":[{"@type":"SearchAction","target":{"@type":"EntryPoint","urlTemplate":"https:\/\/www.mojamanufaktura.pl\/?s={search_term_string}"},"query-input":"required name=search_term_string"}],"inLanguage":"pl-PL"},{"@type":"ImageObject","inLanguage":"pl-PL","@id":"https:\/\/www.mojamanufaktura.pl\/index.php\/o-nas\/#primaryimage","url":"https:\/\/www.mojamanufaktura.pl\/wp-content\/uploads\/2021\/11\/MManufaktura-logo_RGB1.jpg","contentUrl":"https:\/\/www.mojamanufaktura.pl\/wp-content\/uploads\/2021\/11\/MManufaktura-logo_RGB1.jpg","width":1000,"height":310},{"@type":"WebPage","@id":"https:\/\/www.mojamanufaktura.pl\/index.php\/o-nas\/#webpage","url":"https:\/\/www.mojamanufaktura.pl\/index.php\/o-nas\/","name":"O nas - Moja Manufaktura","isPartOf":{"@id":"https:\/\/www.mojamanufaktura.pl\/#website"},"primaryImageOfPage":{"@id":"https:\/\/www.mojamanufaktura.pl\/index.php\/o-nas\/#primaryimage"},"datePublished":"2021-11-16T16:37:45+00:00","dateModified":"2021-12-05T19:09:19+00:00","breadcrumb":{"@id":"https:\/\/www.mojamanufaktura.pl\/index.php\/o-nas\/#breadcrumb"},"inLanguage":"pl-PL","potentialAction":[{"@type":"ReadAction","target":["https:\/\/www.mojamanufaktura.pl\/index.php\/o-nas\/"]}]},{"@type":"BreadcrumbList","@id":"https:\/\/www.mojamanufaktura.pl\/index.php\/o-nas\/#breadcrumb","itemListElement":[{"@type":"ListItem","position":1,"name":"Strona g\u0142\u00f3wna","item":"https:\/\/www.mojamanufaktura.pl\/"},{"@type":"ListItem","position":2,"name":"O nas"}]}]}},"_links":{"self":[{"href":"https:\/\/www.mojamanufaktura.pl\/index.php\/wp-json\/wp\/v2\/pages\/25","targetHints":{"allow":["GET"]}}],"collection":[{"href":"https:\/\/www.mojamanufaktura.pl\/index.php\/wp-json\/wp\/v2\/pages"}],"about":[{"href":"https:\/\/www.mojamanufaktura.pl\/index.php\/wp-json\/wp\/v2\/types\/page"}],"author":[{"embeddable":true,"href":"https:\/\/www.mojamanufaktura.pl\/index.php\/wp-json\/wp\/v2\/users\/1"}],"replies":[{"embeddable":true,"href":"https:\/\/www.mojamanufaktura.pl\/index.php\/wp-json\/wp\/v2\/comments?post=25"}],"version-history":[{"count":19,"href":"https:\/\/www.mojamanufaktura.pl\/index.php\/wp-json\/wp\/v2\/pages\/25\/revisions"}],"predecessor-version":[{"id":659,"href":"https:\/\/www.mojamanufaktura.pl\/index.php\/wp-json\/wp\/v2\/pages\/25\/revisions\/659"}],"wp:attachment":[{"href":"https:\/\/www.mojamanufaktura.pl\/index.php\/wp-json\/wp\/v2\/media?parent=25"}],"curies":[{"name":"wp","href":"https:\/\/api.w.org\/{rel}","templated":true}]}}