{"id":187,"date":"2021-11-18T10:48:34","date_gmt":"2021-11-18T10:48:34","guid":{"rendered":"https:\/\/www.mojamanufaktura.pl\/?page_id=187"},"modified":"2022-05-12T07:37:35","modified_gmt":"2022-05-12T07:37:35","slug":"regulamin","status":"publish","type":"page","link":"https:\/\/www.mojamanufaktura.pl\/index.php\/regulamin\/","title":{"rendered":"Regulamin"},"content":{"rendered":"<h4>Regulamin<\/h4>\n<p>I. POSTANOWIENIA OG\u00d3LNE<\/p>\n<ol>\n<li>Regulamin ustala og\u00f3lne warunki i zasady korzystania ze sklepu internetowego oraz zasady zawarcia i realizacji umowy sprzeda\u017cy towar\u00f3w znajduj\u0105cych si\u0119 na stronie internetowej sklepu, obowi\u0105zuj\u0105ce na terenie Polski a tak\u017ce spos\u00f3b \u015bwiadczenia us\u0142ug drog\u0105 elektroniczn\u0105 i sprzeda\u017cy prowadzonej za po\u015brednictwem Sklepu Internetowego.<\/li>\n<li>Do sk\u0142adania zam\u00f3wie\u0144 w sklepie niezb\u0119dne jest posiadanie urz\u0105dze\u0144 pozwalaj\u0105cych na dost\u0119p do internetu, poczty e &#8211; mail oraz przegl\u0105darki zasob\u00f3w internetowych, umo\u017cliwiaj\u0105cej wy\u015bwietlanie stron www.<\/li>\n<li>Przedmiotem sprzeda\u017cy s\u0105 towary prezentowane na stronie internetowej przez sklep w chwili sk\u0142adania zam\u00f3wienia.<\/li>\n<li>Wy\u015bwietlone obok towar\u00f3w ceny w polskich z\u0142otych, s\u0105 cenami brutto.<\/li>\n<li>Informacje dotycz\u0105ce poszczeg\u00f3lnych towar\u00f3w nie stanowi\u0105 oferty sprzeda\u017cy w rozumieniu przepis\u00f3w prawa cywilnego. Prezentowana zawarto\u015b\u0107 sklepu internetowego stanowi jedynie zaproszenie do zawarcia umowy w rozumieniu art. 71 kodeksu cywilnego.<\/li>\n<\/ol>\n<p>II. S\u0141OWNIK POJ\u0118\u0106<\/p>\n<ol>\n<li>Sprzedawca \u2013 Manufaktura Agnieszka Samoli\u0144ska wpisany do Rejestru Przedsi\u0119biorc\u00f3w Regon 368735647, NIP 9720187764&nbsp;&nbsp;&nbsp; nr tel. 609&nbsp;520 073, adres e-mail: kontakt@mojamanufaktura.pl.&nbsp;<\/li>\n<li>Sklep \u2013 serwis internetowy nale\u017c\u0105cy do sprzedawcy, dost\u0119pny pod domen\u0105 <a href=\"http:\/\/www.mojamanufaktura.pl\">mojamanufaktura.pl<\/a> , za po\u015brednictwem kt\u00f3rego Kupuj\u0105cy mo\u017ce sk\u0142ada\u0107 zam\u00f3wienia.<\/li>\n<li>Kupuj\u0105cy \u2013 ka\u017cdy podmiot sk\u0142adaj\u0105cy zam\u00f3wienie w sklepie (konsument lub osoba nieposiadaj\u0105ca statusu konsumenta klient).<\/li>\n<li>Konsument \u2013 kupuj\u0105cy b\u0119d\u0105cy osob\u0105 fizyczn\u0105, dokonuj\u0105cy czynno\u015bci prawnej (umowy sprzeda\u017cy za po\u015brednictwem sklepu), niezwi\u0105zanej bezpo\u015brednio z jej dzia\u0142alno\u015bci\u0105 gospodarcz\u0105 lub zawodow\u0105 (art. 221Kodeksu Cywilnego).<\/li>\n<li>Regulamin \u2013 przedmiotowy regulamin.<\/li>\n<li>Towar \u2013 rzecz ruchoma, dost\u0119pna w sprzeda\u017cy w sklepie.<\/li>\n<li>Zam\u00f3wienie \u2013 o\u015bwiadczenie woli kupuj\u0105cego zmierzaj\u0105ce bezpo\u015brednio do zawarcia umowy sprzeda\u017cy towar\u00f3w na odleg\u0142o\u015b\u0107 za po\u015brednictwem sklepu okre\u015blaj\u0105ce co najmniej rodzaj i liczb\u0119 towar\u00f3w.<\/li>\n<\/ol>\n<p>III. JAKO\u015a\u0106 TOWAR\u00d3W<\/p>\n<ol>\n<li>Sprzedaj\u0105cy zapewnia, i\u017c stosownie do obowi\u0105zuj\u0105cych przepis\u00f3w prawa, obowi\u0105zany jest do zapewnienia zgodno\u015bci towar\u00f3w z umow\u0105. Obowi\u0105zek powy\u017cszy oznacza konieczno\u015b\u0107 dostarczenia towar\u00f3w bez wad fizycznych oraz prawnych. Przez wad\u0119 towaru rozumie si\u0119 niezgodno\u015b\u0107 towaru z umow\u0105, a w szczeg\u00f3lno\u015bci:\n<ol>\n<li>brak w\u0142a\u015bciwo\u015bci, kt\u00f3ry towar tego rodzaju powinien mie\u0107 ze wzgl\u0119du na cel w umowie oznaczony, albo wynikaj\u0105cy z okoliczno\u015bci lub przeznaczenia;<\/li>\n<li>\u017ce nie ma w\u0142a\u015bciwo\u015bci, o kt\u00f3rych sprzedawca zapewni\u0142 kupuj\u0105cego, w tym przedstawiaj\u0105c pr\u00f3bk\u0119 albo wz\u00f3r;<\/li>\n<li>nie nadaje si\u0119 do celu, o kt\u00f3rym kupuj\u0105cy poinformowa\u0142 sprzedawc\u0119 przy zawarciu umowy, a sprzedawca nie zg\u0142osi\u0142 zastrze\u017ce\u0144 co do takiego jej przeznaczenia;<\/li>\n<li>wydanie towaru w stanie niezupe\u0142nym.<\/li>\n<\/ol>\n<\/li>\n<\/ol>\n<p>IV. SK\u0141ADANIE ZAM\u00d3WIE\u0143<\/p>\n<ol>\n<li>Kontakt ze sprzedawc\u0105 oraz sk\u0142adanie zam\u00f3wie\u0144 w sklepie internetowym odbywa si\u0119 w nast\u0119puj\u0105cy spos\u00f3b:<\/li>\n<li>za po\u015brednictwem sklepu internetowego na stronie <a href=\"http:\/\/www.mojamanufaktura.pl\">mojamanufaktura.pl<\/a> poprzez wype\u0142nienie interaktywnego formularza;<\/li>\n<li>przez telefon na numery: 609&nbsp;520&nbsp;073, 609&nbsp;134 127;<\/li>\n<li>poczt\u0105 elektroniczn\u0105 e-mail na adres: kontakt@mojamanufaktura.pl.<\/li>\n<li>Koszt po\u0142\u0105cze\u0144 telefonicznych jest zgodny z posiadan\u0105 przez kupuj\u0105cego taryf\u0105.<\/li>\n<li>Z\u0142o\u017cenia zam\u00f3wienia za po\u015brednictwem sklepu internetowego polega na dodaniu wybranego towaru do koszyka, a nast\u0119pnie post\u0119powanie zgodnie z dalszymi informacjami wy\u015bwietlanymi na stronie internetowej.<\/li>\n<li>Po z\u0142o\u017ceniu zam\u00f3wienia kupuj\u0105cy otrzymuje:\n<ol>\n<li>automatyczny e-mail b\u0119d\u0105cy potwierdzeniem z\u0142o\u017cenia zam\u00f3wienia u sprzedawcy \u2013 wraz ze wszystkimi istotnymi warunkami zam\u00f3wienia (w przypadku z\u0142o\u017cenia zam\u00f3wienia za pomoc\u0105 serwisu sklepu internetowego) oraz informacjami dotycz\u0105cymi praw i obowi\u0105zk\u00f3w kupuj\u0105cych;<\/li>\n<li>w ci\u0105gu 1 dnia roboczego od z\u0142o\u017cenia zam\u00f3wienia \u2013 informacj\u0119 poprzez e-mail lub telefonicznie, potwierdzaj\u0105c\u0105 przyj\u0119cie zam\u00f3wienia do realizacji i zawarcie umowy sprzeda\u017cy towar\u00f3w.<\/li>\n<\/ol>\n<\/li>\n<li>W przypadku stwierdzenia przez kupuj\u0105cego niezgodno\u015bci w przes\u0142anej przez sklep informacji, o kt\u00f3rej mowa pkt. 4 ppkt 1 regulaminu, sprzedawca prosi o kontakt telefoniczny pod podany w tej informacji numer telefonu lub kontakt za pomoc\u0105 poczty e-mail, w celu skorygowania niezgodno\u015bci.<\/li>\n<li>Zmiana albo modyfikacja tre\u015bci zam\u00f3wienia przez kupuj\u0105cego jest mo\u017cliwa do czasu, gdy towar nie zosta\u0142 jeszcze wys\u0142any. W powy\u017cszym celu nale\u017cy skontaktowa\u0107 si\u0119 ze sprzedawc\u0105 za pomoc\u0105 poczty e-mail lub telefonicznie.<\/li>\n<\/ol>\n<p>V. DOSTAWA<\/p>\n<ol>\n<li>Koszt dostawy towaru na terenie kraju (koszty przesy\u0142ki) pokrywa Kupujacy.<\/li>\n<\/ol>\n<p>VI. P\u0141ATNO\u015a\u0106 I TERMINY<\/p>\n<ol>\n<li>W sklepie internetowym dost\u0119pne s\u0105 nast\u0119puj\u0105ce sposoby realizacji p\u0142atno\u015bci:<br \/>\ngot\u00f3wk\u0105 do r\u0105k pracownika firmy kurierskiej (za pobraniem);<\/li>\n<li>przelewem elektronicznym na podany numer rachunku bankowego.<br \/>\nc. got\u00f3wk\u0105&nbsp; lub za pomoc\u0105 p\u0142atno\u015bci kart\u0105 przy odbiorze w\u0142asnym w sklepie stacjonarnym.<\/li>\n<li>Terminy p\u0142atno\u015bci:<br \/>\nw przypadku p\u0142atno\u015bci za pobraniem \u2013 w dniu dostarczenia towaru;<\/li>\n<li>w przypadku przelewu elektronicznego, w terminie 3 dni od z\u0142o\u017cenia zam\u00f3wienia.<\/li>\n<li>w momencie odbioru towaru w sklepie stacjonarnym.<\/li>\n<\/ol>\n<p>VII. REALIZACJA ZAM\u00d3WIE\u0143<\/p>\n<ol>\n<li>Kupuj\u0105cy obowi\u0105zany jest poda\u0107 prawid\u0142owe i aktualne dane kontaktowe. Brak prawid\u0142owych danych mo\u017ce uniemo\u017cliwia\u0107 realizacj\u0119 zam\u00f3wienia.<\/li>\n<li>W trakcie realizacji zam\u00f3wienia kupuj\u0105cy otrzymuje wiadomo\u015bci e-mail z informacj\u0105 o zmianie statusu zam\u00f3wienia.<\/li>\n<li>Status realizacji zam\u00f3wienia kupuj\u0105cy mo\u017ce w ka\u017cdej chwili sprawdzi\u0107 na stronie g\u0142\u00f3wnej sklepu internetowego.<\/li>\n<li>Sprzedawca realizuje dostaw\u0119 towar\u00f3w za po\u015brednictwem kuriera. Dostawa nast\u0119puje jedynie na terenie Polski.<\/li>\n<li>Dostawa realizowana jest w terminie w terminie 5-7 dni od daty zawarcia umowy albo w przypadku przelewu elektronicznego od daty uznania rachunku bankowego sprzedaj\u0105cego kwot\u0105 zap\u0142aty za zam\u00f3wiony towar. Termin ten mo\u017ce ulec wyd\u0142u\u017ceniu, nie wi\u0119cej jednak ni\u017c do 30 dni, je\u017celi zam\u00f3wiony towar ma posiada\u0107 cechy indywidualne, o czym kupuj\u0105cy zostanie poinformowany.<\/li>\n<li>Dokument sprzeda\u017cy zostanie przes\u0142any razem z zam\u00f3wieniem.<\/li>\n<\/ol>\n<p>VIII. SPRAWDZENIE STANU DOSTARCZONEJ PRZESY\u0141KI<\/p>\n<ol>\n<li>Kupuj\u0105cy w momencie odbioru przesy\u0142ki z zam\u00f3wionym towarem sprawdza, czy przesy\u0142ka nosi \u015blady uszkodzenia oraz czy przes\u0142any towar nie jest uszkodzony.<\/li>\n<li>Je\u017celi odebrana przesy\u0142ka z zam\u00f3wionym towarem nosi \u015blady uszkodzenia lub zam\u00f3wiony towar jest uszkodzony, w celu ustalenia czy szkoda powsta\u0142a podczas transportu, czy zosta\u0142a spowodowana przez kupuj\u0105cego po odbiorze towaru, zaleca si\u0119 sporz\u0105dzenie z udzia\u0142em przewo\u017anika (kuriera) protoko\u0142u uszkodzenia przesy\u0142ki, kt\u00f3ry jest dowodem uprawdopodabniaj\u0105cym, i\u017c szkoda powsta\u0142a podczas przewozu.<\/li>\n<li>Zaleca si\u0119 prawid\u0142owo opisa\u0107 w protokole stan opakowania i otrzymanego towaru oraz zamie\u015bci\u0107 wszelkie informacje, kt\u00f3re pomog\u0105 wykluczy\u0107 udzia\u0142 kupuj\u0105cego w spowodowaniu szkody.<\/li>\n<li>W protokole szkody transportowej daty odbioru przesy\u0142ki, zg\u0142oszenia szkody oraz spisania raportu powinny by\u0107 takie same. Prawid\u0142owo sporz\u0105dzony protok\u00f3\u0142 szkody usprawnia ustalenie momentu powstania szkody oraz z\u0142o\u017cenie reklamacji w firmie kurierskiej, a tym samym w przypadku uznania reklamacji, przyspieszy wysy\u0142k\u0119 nowego towaru do kupuj\u0105cego lub zwrot nale\u017cno\u015bci. Po spisaniu raportu szkody nale\u017cy niezw\u0142ocznie skontaktowa\u0107 si\u0119 ze sklepem.<\/li>\n<li>Kupuj\u0105cy mo\u017ce odm\u00f3wi\u0107 przyj\u0119cia uszkodzonej przesy\u0142ki, o czym nale\u017cy niezw\u0142ocznie powiadomi\u0107 sprzedawc\u0119.<\/li>\n<li>W przypadku trudno\u015bci ze sprawdzeniem towaru lub odmowy spisania protoko\u0142u szkody przez kuriera, nale\u017cy spisa\u0107 danych osobowych pracownika firmy kurierskiej (imienia, nazwiska oraz numeru telefonu) i niezw\u0142oczne przekazanie tej informacji :<\/li>\n<li>Odpowiedzialno\u015b\u0107 za przypadkowe zagini\u0119cie lub przypadkowe pogorszenie jako\u015bci towar\u00f3w w czasie transportu do momentu ich wydania kupuj\u0105cemu, ponosi sprzedaj\u0105cy.<\/li>\n<\/ol>\n<p>IX. ODST\u0104PIENIE OD UMOWY, ZWROT TOWARU.<\/p>\n<ol>\n<li>Kupuj\u0105cy maj\u0105cy status konsumenta mo\u017ce odst\u0105pi\u0107 od umowy sprzeda\u017cy towar\u00f3w zakupionych bez podawania jakiejkolwiek przyczyny, sk\u0142adaj\u0105c stosowne o\u015bwiadczenie na pi\u015bmie w terminie 14 dni, licz\u0105c od dnia wydania towaru, tj. do dnia wej\u015bcia w fizyczne posiadanie towaru przez konsumenta.<\/li>\n<li>W przypadku, gdy konsument z\u0142o\u017cy jedno zam\u00f3wienie obejmuj\u0105ce wiele towar\u00f3w, kt\u00f3re s\u0105 dostarczane osobno, partiami lub cz\u0119\u015bciami, termin czternastodniowy nale\u017cy liczy\u0107 od momentu wej\u015bcia w fizyczne posiadanie ostatniego towaru, partii lub cz\u0119\u015bci.<\/li>\n<li>O\u015bwiadczenia odst\u0105pienia od umowy kupuj\u0105cy mo\u017ce z\u0142o\u017cy\u0107 za po\u015brednictwem wiadomo\u015bci e-mail, na adres potwierdzaj\u0105cy przyj\u0119cie zam\u00f3wienia do realizacji.<\/li>\n<li>Prawo odst\u0105pienia od umowy zawartej na odleg\u0142o\u015b\u0107 nie przys\u0142uguje konsumentowi w odniesieniu do umowy, w kt\u00f3rej przedmiotem \u015bwiadczenia jest rzecz nieprefabrykowana, wyprodukowana wed\u0142ug specyfikacji konsument lub s\u0142u\u017c\u0105ca zaspokojeniu jego zindywidualizowanych potrzeb.<\/li>\n<li>W przypadku odst\u0105pienia od umowy bez podania przyczyny, kupuj\u0105cy b\u0119d\u0105cy konsumentem ma obowi\u0105zek zwr\u00f3ci\u0107 zakupiony towar sprzedawcy niezw\u0142ocznie, jednak nie p\u00f3\u017aniej ni\u017c w terminie 14 dni od dnia, w kt\u00f3rym odst\u0105pi\u0142 od umowy. Do zachowania terminu wystarczy odes\u0142anie towaru przed jego up\u0142ywem.<\/li>\n<li>Konsument ponosi jedynie bezpo\u015brednie koszty zwrotu towaru w wysoko\u015bci r\u00f3wnej op\u0142acie za nadanie przesy\u0142ki kurierem lub za pomoc\u0105 innego \u015brodka, wybranego przez konsumenta.<\/li>\n<li>Wszystkie dokonane przez kupuj\u0105cego b\u0119d\u0105cego konsumentem p\u0142atno\u015bci, zostan\u0105 zwr\u00f3cone przez sprzedawc\u0119 w terminie 14 dni od dnia otrzymania o\u015bwiadczenia o odst\u0105pieniu od umowy.<\/li>\n<li>P\u0142atno\u015bci, o kt\u00f3rych mowa w pkt. powy\u017cej, zostan\u0105 zwr\u00f3cone tym samym sposobem, jakiego u\u017cy\u0142 kupuj\u0105cy, chyba \u017ce wyrazi\u0142 on zgod\u0119 na inny spos\u00f3b zwrotu, kt\u00f3ry nie wi\u0105\u017ce si\u0119 dla niego z \u017cadnymi kosztami.<\/li>\n<li>Kupuj\u0105cy b\u0119d\u0105cy konsumentem, w przypadku zwrotu towaru w zwi\u0105zku z odst\u0105pieniem ponosi odpowiedzialno\u015b\u0107 za zmniejszenie warto\u015bci towaru, b\u0119d\u0105ce wynikiem korzystania z niego w spos\u00f3b wykraczaj\u0105cy poza konieczny do stwierdzenia charakteru, cech jego funkcjonowania.<\/li>\n<\/ol>\n<p>X. REKLAMACJA Z TYTU\u0141U R\u0118KOJMI<\/p>\n<ol>\n<li>Reklamacje z tytu\u0142u r\u0119kojmi i niezgodno\u015bci towaru z umow\u0105 sprzeda\u017cy mo\u017cna sk\u0142ada\u0107 pisemnie na adres sprzedawcy lub za po\u015brednictwem poczty elektronicznej na adres: kontakt@mojamanufaktura.pl<\/li>\n<li>W sk\u0142adanej reklamacji nale\u017cy poda\u0107 dane kontaktowe kupuj\u0105cego, dok\u0142adnie opisa\u0107 przyczyny reklamacji i \u017c\u0105da\u0144 wobec sprzedawcy, a tak\u017ce do\u0142\u0105czy\u0107 dokument sprzeda\u017cy, b\u0105d\u017a jego kserokopi\u0119.<\/li>\n<li>Sprzedaj\u0105cy ponosi odpowiedzialno\u015b\u0107 wobec konsumenta na zasadach okre\u015blonych w art. 556 kodeksu cywilnego nast. za wady (r\u0119kojmia).<\/li>\n<li>Sprzedaj\u0105cy odpowiada z tytu\u0142u r\u0119kojmi, je\u017celi wada fizyczna zostanie stwierdzona przed up\u0142ywem dw\u00f3ch lat od momentu wydania rzeczy konsumentowi.<\/li>\n<li>Konsument, kt\u00f3ry wykonuje uprawnienia z tytu\u0142u r\u0119kojmi, ma mo\u017cliwo\u015b\u0107 przes\u0142ania reklamowanego towaru za po\u015brednictwem kuriera, na koszt sprzedawcy. W tym celu nale\u017cy skontaktowa\u0107 si\u0119 ze sprzedawc\u0105 telefonicznie albo e-mailowo.<\/li>\n<li>Sprzedawca w terminie 14 dni ustosunkuje si\u0119 do zg\u0142oszenia reklamacji z tytu\u0142u r\u0119kojmi. Je\u017celi sprzedawca nie ustosunkuje si\u0119 w tym terminie do zg\u0142oszenia uwa\u017ca si\u0119, \u017ce uzna\u0142 za uzasadnione o\u015bwiadczenie lub \u017c\u0105danie konsumenta. Termin 14 dni na rozpatrzenie reklamacji nie dotyczy sytuacji, w kt\u00f3rej kupuj\u0105cym jest podmiot inny ni\u017c konsument (np. przedsi\u0119biorca). W tym przypadku ustawa nie zawiera termin\u00f3w, kt\u00f3re wi\u0105za\u0142yby strony.<\/li>\n<\/ol>\n<p>XI. OCHRONA DANYCH OSOBOWYCH<\/p>\n<ol>\n<li>Podanie danych osobowych jest dobrowolne, jednak\u017ce brak ich udost\u0119pnienia uniemo\u017cliwia zrealizowanie zam\u00f3wienia kupuj\u0105cego.<\/li>\n<li>Dane osobowe przetwarzane s\u0105 jedynie w celu realizacji i obs\u0142ugi zam\u00f3wienia.<\/li>\n<li>Kupuj\u0105cy, zgodnie z ustaw\u0105 o ochronie danych osobowych, ma prawo wgl\u0105du do swoich danych osobowych, mo\u017cliwo\u015bci ich poprawiania oraz usuni\u0119cia. Sprzedawca zapewnia ka\u017cdemu kupuj\u0105cemu prawo kontroli przetwarzania danych zgodnie z art. 32 ustawy o ochronie danych osobowych.<\/li>\n<li>Szczeg\u00f3\u0142owe informacje w zakresie danych osobowych i ochrony prywatno\u015bci zosta\u0142y zawarte w osobnym dokumencie pt. \u201ePolityka prywatno\u015bci\u201d na stronie sklepu.<\/li>\n<\/ol>\n<p>XII. POSTANOWIENIA KO\u0143COWE<\/p>\n<ol>\n<li>Regulamin nie wy\u0142\u0105cza oraz nie ogranicza \u017cadnych uprawnie\u0144 kupuj\u0105cego b\u0119d\u0105cego konsumentem.<\/li>\n<li>W sprawach nieuregulowanych niniejszym regulaminem obowi\u0105zuj\u0105 przepisy powszechnie obowi\u0105zuj\u0105cego prawa. W przypadku sprzeczno\u015bci pomi\u0119dzy postanowieniami regulaminu, a bezwzgl\u0119dnie obowi\u0105zuj\u0105cymi przepisami prawa, przyznaj\u0105cymi konsumentom uprawnienia, pierwsze\u0144stwo maj\u0105 te przepisy.<\/li>\n<li>Regulamin dost\u0119pny jest dla wszystkich kupuj\u0105cych w wersji elektronicznej na stronie sklepu w zak\u0142adce \u201eRegulamin zakup\u00f3w\u201d.<\/li>\n<\/ol>\n<p>Platforma ODR &#8211; Stosownie do tre\u015bci art. 14 ust. 1-2 Rozporz\u0105dzenia Parlamentu Europejskiego&nbsp;&nbsp;&nbsp;&nbsp;&nbsp;&nbsp;&nbsp;&nbsp;&nbsp;&nbsp;&nbsp;&nbsp;&nbsp;&nbsp;&nbsp;&nbsp;&nbsp; i Rady (EU) nr 524\/2013 z dnia 21 maja 2013 r., konsumenci mog\u0105 skorzysta\u0107 z pozas\u0105dowej drogi rozstrzygania spor\u00f3w zwi\u0105zanych umow\u0105 sprzeda\u017cy lub \u015bwiadczenia us\u0142ug zawart\u0105 przy wykorzystaniu sieci Internet. Sp\u00f3r mo\u017cna odda\u0107 do rozstrzygni\u0119cia za pomoc\u0105 platformy internetowej dost\u0119pnej pod adresem http:\/\/ec.europa.eu\/consumers\/odr.<\/p>\n","protected":false},"excerpt":{"rendered":"<p>Regulamin I. POSTANOWIENIA OG\u00d3LNE Regulamin ustala og\u00f3lne warunki i zasady korzystania ze sklepu internetowego oraz zasady zawarcia i realizacji umowy sprzeda\u017cy towar\u00f3w znajduj\u0105cych si\u0119 na stronie internetowej sklepu, obowi\u0105zuj\u0105ce na terenie Polski a tak\u017ce spos\u00f3b \u015bwiadczenia us\u0142ug drog\u0105 elektroniczn\u0105 i sprzeda\u017cy prowadzonej za po\u015brednictwem Sklepu Internetowego. Do sk\u0142adania zam\u00f3wie\u0144 w sklepie niezb\u0119dne jest posiadanie urz\u0105dze\u0144 &hellip;<\/p>\n<p class=\"read-more\"> <a class=\"\" href=\"https:\/\/www.mojamanufaktura.pl\/index.php\/regulamin\/\"> <span class=\"screen-reader-text\">Regulamin<\/span> Read More \u00bb<\/a><\/p>\n","protected":false},"author":1,"featured_media":0,"parent":0,"menu_order":0,"comment_status":"closed","ping_status":"closed","template":"","meta":{"site-sidebar-layout":"no-sidebar","site-content-layout":"page-builder","ast-main-header-display":"","ast-hfb-above-header-display":"","ast-hfb-below-header-display":"","ast-hfb-mobile-header-display":"","site-post-title":"disabled","ast-breadcrumbs-content":"","ast-featured-img":"disabled","footer-sml-layout":"","theme-transparent-header-meta":"","adv-header-id-meta":"","stick-header-meta":"","header-above-stick-meta":"","header-main-stick-meta":"","header-below-stick-meta":"","spay_email":"","footnotes":""},"class_list":["post-187","page","type-page","status-publish","hentry"],"yoast_head":"<!-- This site is optimized with the Yoast SEO plugin v18.8 - https:\/\/yoast.com\/wordpress\/plugins\/seo\/ -->\n<title>Regulamin - Moja Manufaktura<\/title>\n<meta name=\"robots\" content=\"index, follow, max-snippet:-1, max-image-preview:large, max-video-preview:-1\" \/>\n<link rel=\"canonical\" href=\"https:\/\/www.mojamanufaktura.pl\/index.php\/regulamin\/\" \/>\n<meta property=\"og:locale\" content=\"pl_PL\" \/>\n<meta property=\"og:type\" content=\"article\" \/>\n<meta property=\"og:title\" content=\"Regulamin - Moja Manufaktura\" \/>\n<meta property=\"og:description\" content=\"Regulamin I. POSTANOWIENIA OG\u00d3LNE Regulamin ustala og\u00f3lne warunki i zasady korzystania ze sklepu internetowego oraz zasady zawarcia i realizacji umowy sprzeda\u017cy towar\u00f3w znajduj\u0105cych si\u0119 na stronie internetowej sklepu, obowi\u0105zuj\u0105ce na terenie Polski a tak\u017ce spos\u00f3b \u015bwiadczenia us\u0142ug drog\u0105 elektroniczn\u0105 i sprzeda\u017cy prowadzonej za po\u015brednictwem Sklepu Internetowego. Do sk\u0142adania zam\u00f3wie\u0144 w sklepie niezb\u0119dne jest posiadanie urz\u0105dze\u0144 &hellip; Regulamin Read More \u00bb\" \/>\n<meta property=\"og:url\" content=\"https:\/\/www.mojamanufaktura.pl\/index.php\/regulamin\/\" \/>\n<meta property=\"og:site_name\" content=\"Moja Manufaktura\" \/>\n<meta property=\"article:modified_time\" content=\"2022-05-12T07:37:35+00:00\" \/>\n<meta name=\"twitter:card\" content=\"summary_large_image\" \/>\n<meta name=\"twitter:label1\" content=\"Szacowany czas czytania\" \/>\n\t<meta name=\"twitter:data1\" content=\"10 minut\" \/>\n<script type=\"application\/ld+json\" class=\"yoast-schema-graph\">{\"@context\":\"https:\/\/schema.org\",\"@graph\":[{\"@type\":\"WebSite\",\"@id\":\"https:\/\/www.mojamanufaktura.pl\/#website\",\"url\":\"https:\/\/www.mojamanufaktura.pl\/\",\"name\":\"Moja Manufaktura\",\"description\":\"\",\"potentialAction\":[{\"@type\":\"SearchAction\",\"target\":{\"@type\":\"EntryPoint\",\"urlTemplate\":\"https:\/\/www.mojamanufaktura.pl\/?s={search_term_string}\"},\"query-input\":\"required name=search_term_string\"}],\"inLanguage\":\"pl-PL\"},{\"@type\":\"WebPage\",\"@id\":\"https:\/\/www.mojamanufaktura.pl\/index.php\/regulamin\/#webpage\",\"url\":\"https:\/\/www.mojamanufaktura.pl\/index.php\/regulamin\/\",\"name\":\"Regulamin - Moja Manufaktura\",\"isPartOf\":{\"@id\":\"https:\/\/www.mojamanufaktura.pl\/#website\"},\"datePublished\":\"2021-11-18T10:48:34+00:00\",\"dateModified\":\"2022-05-12T07:37:35+00:00\",\"breadcrumb\":{\"@id\":\"https:\/\/www.mojamanufaktura.pl\/index.php\/regulamin\/#breadcrumb\"},\"inLanguage\":\"pl-PL\",\"potentialAction\":[{\"@type\":\"ReadAction\",\"target\":[\"https:\/\/www.mojamanufaktura.pl\/index.php\/regulamin\/\"]}]},{\"@type\":\"BreadcrumbList\",\"@id\":\"https:\/\/www.mojamanufaktura.pl\/index.php\/regulamin\/#breadcrumb\",\"itemListElement\":[{\"@type\":\"ListItem\",\"position\":1,\"name\":\"Strona g\u0142\u00f3wna\",\"item\":\"https:\/\/www.mojamanufaktura.pl\/\"},{\"@type\":\"ListItem\",\"position\":2,\"name\":\"Regulamin\"}]}]}<\/script>\n<!-- \/ Yoast SEO plugin. -->","yoast_head_json":{"title":"Regulamin - Moja Manufaktura","robots":{"index":"index","follow":"follow","max-snippet":"max-snippet:-1","max-image-preview":"max-image-preview:large","max-video-preview":"max-video-preview:-1"},"canonical":"https:\/\/www.mojamanufaktura.pl\/index.php\/regulamin\/","og_locale":"pl_PL","og_type":"article","og_title":"Regulamin - Moja Manufaktura","og_description":"Regulamin I. POSTANOWIENIA OG\u00d3LNE Regulamin ustala og\u00f3lne warunki i zasady korzystania ze sklepu internetowego oraz zasady zawarcia i realizacji umowy sprzeda\u017cy towar\u00f3w znajduj\u0105cych si\u0119 na stronie internetowej sklepu, obowi\u0105zuj\u0105ce na terenie Polski a tak\u017ce spos\u00f3b \u015bwiadczenia us\u0142ug drog\u0105 elektroniczn\u0105 i sprzeda\u017cy prowadzonej za po\u015brednictwem Sklepu Internetowego. Do sk\u0142adania zam\u00f3wie\u0144 w sklepie niezb\u0119dne jest posiadanie urz\u0105dze\u0144 &hellip; Regulamin Read More \u00bb","og_url":"https:\/\/www.mojamanufaktura.pl\/index.php\/regulamin\/","og_site_name":"Moja Manufaktura","article_modified_time":"2022-05-12T07:37:35+00:00","twitter_card":"summary_large_image","twitter_misc":{"Szacowany czas czytania":"10 minut"},"schema":{"@context":"https:\/\/schema.org","@graph":[{"@type":"WebSite","@id":"https:\/\/www.mojamanufaktura.pl\/#website","url":"https:\/\/www.mojamanufaktura.pl\/","name":"Moja Manufaktura","description":"","potentialAction":[{"@type":"SearchAction","target":{"@type":"EntryPoint","urlTemplate":"https:\/\/www.mojamanufaktura.pl\/?s={search_term_string}"},"query-input":"required name=search_term_string"}],"inLanguage":"pl-PL"},{"@type":"WebPage","@id":"https:\/\/www.mojamanufaktura.pl\/index.php\/regulamin\/#webpage","url":"https:\/\/www.mojamanufaktura.pl\/index.php\/regulamin\/","name":"Regulamin - Moja Manufaktura","isPartOf":{"@id":"https:\/\/www.mojamanufaktura.pl\/#website"},"datePublished":"2021-11-18T10:48:34+00:00","dateModified":"2022-05-12T07:37:35+00:00","breadcrumb":{"@id":"https:\/\/www.mojamanufaktura.pl\/index.php\/regulamin\/#breadcrumb"},"inLanguage":"pl-PL","potentialAction":[{"@type":"ReadAction","target":["https:\/\/www.mojamanufaktura.pl\/index.php\/regulamin\/"]}]},{"@type":"BreadcrumbList","@id":"https:\/\/www.mojamanufaktura.pl\/index.php\/regulamin\/#breadcrumb","itemListElement":[{"@type":"ListItem","position":1,"name":"Strona g\u0142\u00f3wna","item":"https:\/\/www.mojamanufaktura.pl\/"},{"@type":"ListItem","position":2,"name":"Regulamin"}]}]}},"_links":{"self":[{"href":"https:\/\/www.mojamanufaktura.pl\/index.php\/wp-json\/wp\/v2\/pages\/187","targetHints":{"allow":["GET"]}}],"collection":[{"href":"https:\/\/www.mojamanufaktura.pl\/index.php\/wp-json\/wp\/v2\/pages"}],"about":[{"href":"https:\/\/www.mojamanufaktura.pl\/index.php\/wp-json\/wp\/v2\/types\/page"}],"author":[{"embeddable":true,"href":"https:\/\/www.mojamanufaktura.pl\/index.php\/wp-json\/wp\/v2\/users\/1"}],"replies":[{"embeddable":true,"href":"https:\/\/www.mojamanufaktura.pl\/index.php\/wp-json\/wp\/v2\/comments?post=187"}],"version-history":[{"count":17,"href":"https:\/\/www.mojamanufaktura.pl\/index.php\/wp-json\/wp\/v2\/pages\/187\/revisions"}],"predecessor-version":[{"id":1929,"href":"https:\/\/www.mojamanufaktura.pl\/index.php\/wp-json\/wp\/v2\/pages\/187\/revisions\/1929"}],"wp:attachment":[{"href":"https:\/\/www.mojamanufaktura.pl\/index.php\/wp-json\/wp\/v2\/media?parent=187"}],"curies":[{"name":"wp","href":"https:\/\/api.w.org\/{rel}","templated":true}]}}